{"id":13096,"date":"2022-03-09T22:08:53","date_gmt":"2022-03-09T20:08:53","guid":{"rendered":"https:\/\/ingvarvillido.com\/?page_id=13096"},"modified":"2022-11-03T16:38:05","modified_gmt":"2022-11-03T14:38:05","slug":"tuleviku-hariduse-sihtasutus","status":"publish","type":"page","link":"https:\/\/ingvarvillido.com\/et\/tuleviku-hariduse-sihtasutus\/","title":{"rendered":"Tuleviku Hariduse Sihtasutus"},"content":{"rendered":"<p><div class=\"fusion-fullwidth fullwidth-box fusion-builder-row-1 fusion-flex-container nonhundred-percent-fullwidth non-hundred-percent-height-scrolling\" style=\"--awb-border-radius-top-left:0px;--awb-border-radius-top-right:0px;--awb-border-radius-bottom-right:0px;--awb-border-radius-bottom-left:0px;--awb-padding-bottom:40px;\" ><div class=\"fusion-builder-row fusion-row fusion-flex-align-items-flex-start fusion-flex-justify-content-center\" style=\"max-width:1216.8px;margin-left: calc(-4% \/ 2 );margin-right: calc(-4% \/ 2 );\"><div class=\"fusion-layout-column fusion_builder_column fusion-builder-column-0 fusion_builder_column_3_5 3_5 fusion-flex-column\" style=\"--awb-bg-size:cover;--awb-width-large:60%;--awb-margin-top-large:20px;--awb-spacing-right-large:3.2%;--awb-margin-bottom-large:20px;--awb-spacing-left-large:3.2%;--awb-width-medium:100%;--awb-order-medium:0;--awb-spacing-right-medium:1.92%;--awb-spacing-left-medium:1.92%;--awb-width-small:100%;--awb-order-small:0;--awb-spacing-right-small:1.92%;--awb-spacing-left-small:1.92%;\"><div class=\"fusion-column-wrapper fusion-column-has-shadow fusion-flex-justify-content-flex-start fusion-content-layout-column\"><div class=\"fusion-title title fusion-title-1 fusion-title-center fusion-title-text fusion-title-size-two\" style=\"--awb-font-size:48px;\"><div class=\"title-sep-container title-sep-container-left\"><div class=\"title-sep sep- sep-solid\" style=\"border-color:var(--awb-color3);\"><\/div><\/div><span class=\"awb-title-spacer\"><\/span><h2 class=\"title-heading-center fusion-responsive-typography-calculated\" style=\"margin:0;font-size:1em;letter-spacing:0px;--fontSize:48;line-height:1.13;\"><span style=\"font-family: 'Nunito Sans'; font-weight: 200;\" data-fusion-font=\"true\" data-fusion-google-font=\"Nunito Sans\" data-fusion-google-variant=\"200\"><strong>Tuleviku Hariduse Sihtasutus<\/strong><\/span><\/h2><span class=\"awb-title-spacer\"><\/span><div class=\"title-sep-container title-sep-container-right\"><div class=\"title-sep sep- sep-solid\" style=\"border-color:var(--awb-color3);\"><\/div><\/div><\/div><div class=\"fusion-separator\" style=\"align-self: center;margin-left: auto;margin-right: auto;margin-top:10px;margin-bottom:40px;width:100%;max-width:150px;\"><div class=\"fusion-separator-border sep-single sep-solid\" style=\"--awb-height:20px;--awb-amount:20px;border-color:var(--awb-color5);border-top-width:1px;\"><\/div><\/div><div class=\"fusion-text fusion-text-1\" style=\"--awb-text-transform:none;\"><\/div><div class=\"fusion-text fusion-text-2\" style=\"--awb-text-transform:none;\"><p style=\"text-align: justify;\">Nende aastate jooksul, mil ma olen Practical Consciousness tehnikaid \u00f5petanud, on \u00f5pilased palju kordi k\u00fcsinud, miks neid oskusi ei \u00f5petata lastele juba koolipingis. Nagu \u00fcks neist \u00fctles: \u201cKui oleksin neid tehnikaid \u00f5ppinud juba lapsena, oleksin t\u00e4na t\u00e4iesti teistsugune inimene.\u201d<\/p>\n<p style=\"text-align: justify;\">Seet\u00f5ttu hakkasime 2016. aasta suvel kokku panema Practical Consciousness \u00f5ppeprogrammi lastele. Saime kokku enam kui 150 kursused l\u00e4binud inimesega, et \u00a0jagada tehnikate kasutamise kogemusi ning r\u00e4\u00e4kida muutustest, mida need on elus kaasa toonud. Pidasime p\u00f5hjaliku arutelu selle \u00fcle, kuidas Practical Consciousness saaks laiemalt \u00fchiskonnale kasu tuua. Kahep\u00e4evasel kohtumisel osalejad olid \u00fcksmeelel, et lastele v\u00f5iks olla v\u00e4ga kasulik selliste oskuste omandamine nagu teadvustamise kasutamine ning emotsioonide vabastamine.<\/p>\n<p style=\"text-align: justify;\">Mitmed haridusedendajad n\u00e4itasid \u00fcles huvi l\u00f5imida Practical Consciousness tehnikaid oma \u00f5ppet\u00f6\u00f6sse. Tuleviku Hariduse Sihtasutuse egiidi all alustasime 2017. aasta s\u00fcgisel pilootprojektiga, mille raames k\u00e4isime sellest huvitatud koolides teadvuse rakendamise oskusi \u00a0\u00f5petamas.<\/p>\n<p style=\"text-align: justify;\">Tuleviku Hariduse Sihtasutuse eesm\u00e4rgiks on muuta laste ja t\u00e4iskasvanute elu paremaks l\u00e4bi<span style=\"font-family: Lato; font-size: 18px;\">:<\/span><\/p>\n<ul style=\"text-align: justify;\">\n<li>\n<p align=\"justify\"><span style=\"font-family: Calibri, serif;\"><span style=\"font-family: Cambria, serif;\"><span style=\"font-size: 18px; font-family: Lato; font-weight: 300; line-height: 32px;\" data-fusion-font=\"true\" data-fusion-google-font=\"Lato\" data-fusion-google-variant=\"300\">nende isikliku j\u00e4tkusuutlikkuse kasvatamise.<\/span><\/span><\/span><\/p>\n<p style=\"font-family: Lato; font-weight: 300; font-size: 18px; line-height: 32px;\" data-fusion-font=\"true\" data-fusion-google-font=\"Lato\" data-fusion-google-variant=\"300\">\n<\/li>\n<\/ul>\n<ul style=\"text-align: justify;\">\n<li>\n<p align=\"justify\"><span style=\"font-family: Calibri, serif;\"><span style=\"font-family: Cambria, serif;\"><span style=\"font-size: 18px; font-family: Lato; font-weight: 300; line-height: 32px;\" data-fusion-font=\"true\" data-fusion-google-font=\"Lato\" data-fusion-google-variant=\"300\">parema toimetuleku igap\u00e4evaelu v\u00e4ljakutsetega.<\/span><\/span><\/span><\/p>\n<p style=\"font-family: Lato; font-weight: 300; font-size: 18px; line-height: 32px;\" data-fusion-font=\"true\" data-fusion-google-font=\"Lato\" data-fusion-google-variant=\"300\">\n<\/li>\n<\/ul>\n<ul style=\"text-align: justify;\">\n<li>\n<p align=\"justify\"><span style=\"font-family: Calibri, serif;\"><span style=\"font-family: Cambria, serif;\"><span style=\"font-size: 18px; font-family: Lato; font-weight: 300; line-height: 32px;\" data-fusion-font=\"true\" data-fusion-google-font=\"Lato\" data-fusion-google-variant=\"300\">suhtlemis- ja sotsiaalsete oskuste paranemise.<\/span><\/span><\/span><\/p>\n<p style=\"font-family: Lato; font-weight: 300; font-size: 18px; line-height: 32px;\" data-fusion-font=\"true\" data-fusion-google-font=\"Lato\" data-fusion-google-variant=\"300\">\n<\/li>\n<\/ul>\n<p style=\"text-align: justify;\">Need oskused aitavad nii \u00f5pilastel kui ka \u00f5petajatel paremini tunda ja juhtida oma sisemaailma.<\/p>\n<\/div><\/div><\/div><\/div><\/div><div class=\"fusion-fullwidth fullwidth-box fusion-builder-row-2 fusion-flex-container nonhundred-percent-fullwidth non-hundred-percent-height-scrolling\" style=\"--awb-background-position:left top;--awb-border-sizes-top:0px;--awb-border-sizes-bottom:0px;--awb-border-sizes-left:0px;--awb-border-sizes-right:0px;--awb-border-radius-top-left:0px;--awb-border-radius-top-right:0px;--awb-border-radius-bottom-right:0px;--awb-border-radius-bottom-left:0px;--awb-padding-top:100px;--awb-padding-bottom:85px;--awb-background-color:var(--awb-color7);\" ><div class=\"fusion-builder-row fusion-row fusion-flex-align-items-stretch fusion-flex-justify-content-center\" style=\"max-width:1216.8px;margin-left: calc(-4% \/ 2 );margin-right: calc(-4% \/ 2 );\"><div class=\"fusion-layout-column fusion_builder_column fusion-builder-column-1 fusion_builder_column_1_2 1_2 fusion-flex-column\" style=\"--awb-bg-size:cover;--awb-width-large:50%;--awb-margin-top-large:20px;--awb-spacing-right-large:3.84%;--awb-margin-bottom-large:20px;--awb-spacing-left-large:3.84%;--awb-width-medium:100%;--awb-order-medium:0;--awb-spacing-right-medium:1.92%;--awb-spacing-left-medium:1.92%;--awb-width-small:100%;--awb-order-small:0;--awb-spacing-right-small:1.92%;--awb-spacing-left-small:1.92%;\"><div class=\"fusion-column-wrapper fusion-column-has-shadow fusion-flex-justify-content-flex-start fusion-content-layout-column\"><div style=\"text-align:center;\"><a class=\"fusion-button button-flat fusion-button-default-size button-default fusion-button-default button-1 fusion-button-default-span fusion-button-default-type\" target=\"_self\" href=\"https:\/\/tmkkooli.ee\"><span class=\"fusion-button-text\">Vaata veel<\/span><\/a><\/div><\/div><\/div><\/div><\/div><\/p>\n","protected":false},"excerpt":{"rendered":"","protected":false},"author":7,"featured_media":12634,"parent":0,"menu_order":0,"comment_status":"closed","ping_status":"closed","template":"100-width.php","meta":{"footnotes":""},"class_list":["post-13096","page","type-page","status-publish","has-post-thumbnail","hentry"],"yoast_head":"<!-- This site is optimized with the Yoast SEO plugin v20.8 - https:\/\/yoast.com\/wordpress\/plugins\/seo\/ -->\n<title>Tuleviku Hariduse Sihtasutus - Ingvar Villido<\/title>\n<meta name=\"robots\" content=\"index, follow, max-snippet:-1, max-image-preview:large, max-video-preview:-1\" \/>\n<link rel=\"canonical\" href=\"https:\/\/ingvarvillido.com\/et\/tuleviku-hariduse-sihtasutus\/\" \/>\n<meta property=\"og:locale\" content=\"et_EE\" \/>\n<meta property=\"og:type\" content=\"article\" \/>\n<meta property=\"og:title\" content=\"Tuleviku Hariduse Sihtasutus - Ingvar Villido\" \/>\n<meta property=\"og:url\" content=\"https:\/\/ingvarvillido.com\/et\/tuleviku-hariduse-sihtasutus\/\" \/>\n<meta property=\"og:site_name\" content=\"Ingvar Villido\" \/>\n<meta property=\"article:modified_time\" content=\"2022-11-03T14:38:05+00:00\" \/>\n<meta property=\"og:image\" content=\"https:\/\/ingvarvillido.com\/wp-content\/uploads\/2022\/03\/ingvarvillido.com-foundation-future-education-scaled-e1646862083946.jpg\" \/>\n\t<meta property=\"og:image:width\" content=\"2560\" \/>\n\t<meta property=\"og:image:height\" content=\"1081\" \/>\n\t<meta property=\"og:image:type\" content=\"image\/jpeg\" \/>\n<meta name=\"twitter:card\" content=\"summary_large_image\" \/>\n<meta name=\"twitter:label1\" content=\"Est. reading time\" \/>\n\t<meta name=\"twitter:data1\" content=\"3 minutit\" \/>\n<script type=\"application\/ld+json\" class=\"yoast-schema-graph\">{\"@context\":\"https:\/\/schema.org\",\"@graph\":[{\"@type\":\"WebPage\",\"@id\":\"https:\/\/ingvarvillido.com\/et\/tuleviku-hariduse-sihtasutus\/\",\"url\":\"https:\/\/ingvarvillido.com\/et\/tuleviku-hariduse-sihtasutus\/\",\"name\":\"Tuleviku Hariduse Sihtasutus - Ingvar Villido\",\"isPartOf\":{\"@id\":\"https:\/\/ingvarvillido.com\/et\/#website\"},\"datePublished\":\"2022-03-09T20:08:53+00:00\",\"dateModified\":\"2022-11-03T14:38:05+00:00\",\"breadcrumb\":{\"@id\":\"https:\/\/ingvarvillido.com\/et\/tuleviku-hariduse-sihtasutus\/#breadcrumb\"},\"inLanguage\":\"et\",\"potentialAction\":[{\"@type\":\"ReadAction\",\"target\":[\"https:\/\/ingvarvillido.com\/et\/tuleviku-hariduse-sihtasutus\/\"]}]},{\"@type\":\"BreadcrumbList\",\"@id\":\"https:\/\/ingvarvillido.com\/et\/tuleviku-hariduse-sihtasutus\/#breadcrumb\",\"itemListElement\":[{\"@type\":\"ListItem\",\"position\":1,\"name\":\"Home\",\"item\":\"https:\/\/ingvarvillido.com\/et\/\"},{\"@type\":\"ListItem\",\"position\":2,\"name\":\"Tuleviku Hariduse Sihtasutus\"}]},{\"@type\":\"WebSite\",\"@id\":\"https:\/\/ingvarvillido.com\/et\/#website\",\"url\":\"https:\/\/ingvarvillido.com\/et\/\",\"name\":\"Ingvar Villido\",\"description\":\"Teacher, Researcher, Author, Yogi\",\"publisher\":{\"@id\":\"https:\/\/ingvarvillido.com\/et\/#organization\"},\"potentialAction\":[{\"@type\":\"SearchAction\",\"target\":{\"@type\":\"EntryPoint\",\"urlTemplate\":\"https:\/\/ingvarvillido.com\/et\/?s={search_term_string}\"},\"query-input\":\"required name=search_term_string\"}],\"inLanguage\":\"et\"},{\"@type\":\"Organization\",\"@id\":\"https:\/\/ingvarvillido.com\/et\/#organization\",\"name\":\"Ingvar Villido\",\"url\":\"https:\/\/ingvarvillido.com\/et\/\",\"logo\":{\"@type\":\"ImageObject\",\"inLanguage\":\"et\",\"@id\":\"https:\/\/ingvarvillido.com\/et\/#\/schema\/logo\/image\/\",\"url\":\"\",\"contentUrl\":\"\",\"caption\":\"Ingvar Villido\"},\"image\":{\"@id\":\"https:\/\/ingvarvillido.com\/et\/#\/schema\/logo\/image\/\"}}]}<\/script>\n<!-- \/ Yoast SEO plugin. -->","yoast_head_json":{"title":"Tuleviku Hariduse Sihtasutus - Ingvar Villido","robots":{"index":"index","follow":"follow","max-snippet":"max-snippet:-1","max-image-preview":"max-image-preview:large","max-video-preview":"max-video-preview:-1"},"canonical":"https:\/\/ingvarvillido.com\/et\/tuleviku-hariduse-sihtasutus\/","og_locale":"et_EE","og_type":"article","og_title":"Tuleviku Hariduse Sihtasutus - Ingvar Villido","og_url":"https:\/\/ingvarvillido.com\/et\/tuleviku-hariduse-sihtasutus\/","og_site_name":"Ingvar Villido","article_modified_time":"2022-11-03T14:38:05+00:00","og_image":[{"width":2560,"height":1081,"url":"https:\/\/ingvarvillido.com\/wp-content\/uploads\/2022\/03\/ingvarvillido.com-foundation-future-education-scaled-e1646862083946.jpg","type":"image\/jpeg"}],"twitter_card":"summary_large_image","twitter_misc":{"Est. reading time":"3 minutit"},"schema":{"@context":"https:\/\/schema.org","@graph":[{"@type":"WebPage","@id":"https:\/\/ingvarvillido.com\/et\/tuleviku-hariduse-sihtasutus\/","url":"https:\/\/ingvarvillido.com\/et\/tuleviku-hariduse-sihtasutus\/","name":"Tuleviku Hariduse Sihtasutus - Ingvar Villido","isPartOf":{"@id":"https:\/\/ingvarvillido.com\/et\/#website"},"datePublished":"2022-03-09T20:08:53+00:00","dateModified":"2022-11-03T14:38:05+00:00","breadcrumb":{"@id":"https:\/\/ingvarvillido.com\/et\/tuleviku-hariduse-sihtasutus\/#breadcrumb"},"inLanguage":"et","potentialAction":[{"@type":"ReadAction","target":["https:\/\/ingvarvillido.com\/et\/tuleviku-hariduse-sihtasutus\/"]}]},{"@type":"BreadcrumbList","@id":"https:\/\/ingvarvillido.com\/et\/tuleviku-hariduse-sihtasutus\/#breadcrumb","itemListElement":[{"@type":"ListItem","position":1,"name":"Home","item":"https:\/\/ingvarvillido.com\/et\/"},{"@type":"ListItem","position":2,"name":"Tuleviku Hariduse Sihtasutus"}]},{"@type":"WebSite","@id":"https:\/\/ingvarvillido.com\/et\/#website","url":"https:\/\/ingvarvillido.com\/et\/","name":"Ingvar Villido","description":"Teacher, Researcher, Author, Yogi","publisher":{"@id":"https:\/\/ingvarvillido.com\/et\/#organization"},"potentialAction":[{"@type":"SearchAction","target":{"@type":"EntryPoint","urlTemplate":"https:\/\/ingvarvillido.com\/et\/?s={search_term_string}"},"query-input":"required name=search_term_string"}],"inLanguage":"et"},{"@type":"Organization","@id":"https:\/\/ingvarvillido.com\/et\/#organization","name":"Ingvar Villido","url":"https:\/\/ingvarvillido.com\/et\/","logo":{"@type":"ImageObject","inLanguage":"et","@id":"https:\/\/ingvarvillido.com\/et\/#\/schema\/logo\/image\/","url":"","contentUrl":"","caption":"Ingvar Villido"},"image":{"@id":"https:\/\/ingvarvillido.com\/et\/#\/schema\/logo\/image\/"}}]}},"_links":{"self":[{"href":"https:\/\/ingvarvillido.com\/et\/wp-json\/wp\/v2\/pages\/13096","targetHints":{"allow":["GET"]}}],"collection":[{"href":"https:\/\/ingvarvillido.com\/et\/wp-json\/wp\/v2\/pages"}],"about":[{"href":"https:\/\/ingvarvillido.com\/et\/wp-json\/wp\/v2\/types\/page"}],"author":[{"embeddable":true,"href":"https:\/\/ingvarvillido.com\/et\/wp-json\/wp\/v2\/users\/7"}],"replies":[{"embeddable":true,"href":"https:\/\/ingvarvillido.com\/et\/wp-json\/wp\/v2\/comments?post=13096"}],"version-history":[{"count":3,"href":"https:\/\/ingvarvillido.com\/et\/wp-json\/wp\/v2\/pages\/13096\/revisions"}],"predecessor-version":[{"id":13359,"href":"https:\/\/ingvarvillido.com\/et\/wp-json\/wp\/v2\/pages\/13096\/revisions\/13359"}],"wp:featuredmedia":[{"embeddable":true,"href":"https:\/\/ingvarvillido.com\/et\/wp-json\/wp\/v2\/media\/12634"}],"wp:attachment":[{"href":"https:\/\/ingvarvillido.com\/et\/wp-json\/wp\/v2\/media?parent=13096"}],"curies":[{"name":"wp","href":"https:\/\/api.w.org\/{rel}","templated":true}]}}