{"id":13091,"date":"2022-02-25T06:49:47","date_gmt":"2022-02-25T04:49:47","guid":{"rendered":"https:\/\/ingvarvillido.com\/?page_id=13091"},"modified":"2023-07-23T08:47:55","modified_gmt":"2023-07-23T05:47:55","slug":"lilleoru","status":"publish","type":"page","link":"https:\/\/ingvarvillido.com\/et\/lilleoru\/","title":{"rendered":"Lilleoru"},"content":{"rendered":"<p><div class=\"fusion-fullwidth fullwidth-box fusion-builder-row-1 fusion-flex-container nonhundred-percent-fullwidth non-hundred-percent-height-scrolling\" style=\"--awb-border-radius-top-left:0px;--awb-border-radius-top-right:0px;--awb-border-radius-bottom-right:0px;--awb-border-radius-bottom-left:0px;\" ><div class=\"fusion-builder-row fusion-row fusion-flex-align-items-flex-start fusion-flex-justify-content-center\" style=\"max-width:1216.8px;margin-left: calc(-4% \/ 2 );margin-right: calc(-4% \/ 2 );\"><div class=\"fusion-layout-column fusion_builder_column fusion-builder-column-0 fusion_builder_column_3_5 3_5 fusion-flex-column\" style=\"--awb-padding-bottom:20px;--awb-bg-size:cover;--awb-width-large:60%;--awb-margin-top-large:20px;--awb-spacing-right-large:3.2%;--awb-margin-bottom-large:20px;--awb-spacing-left-large:3.2%;--awb-width-medium:100%;--awb-order-medium:0;--awb-spacing-right-medium:1.92%;--awb-spacing-left-medium:1.92%;--awb-width-small:100%;--awb-order-small:0;--awb-spacing-right-small:1.92%;--awb-spacing-left-small:1.92%;\"><div class=\"fusion-column-wrapper fusion-column-has-shadow fusion-flex-justify-content-flex-start fusion-content-layout-column\"><div class=\"fusion-text fusion-text-1\" style=\"--awb-text-transform:none;\"><h2 class=\"fusion-responsive-typography-calculated\" style=\"text-align: center; --fontsize: 48; line-height: 54px; font-family: 'Nunito Sans'; font-weight: 200; font-size: 48px;\" data-fontsize=\"48\" data-lineheight=\"67.19999694824219px\" data-fusion-font=\"true\" data-fusion-google-font=\"Nunito Sans\" data-fusion-google-variant=\"200\">Lilleoru<\/h2>\n<\/div><div class=\"fusion-separator\" style=\"align-self: center;margin-left: auto;margin-right: auto;margin-top:10px;margin-bottom:40px;width:100%;max-width:150px;\"><div class=\"fusion-separator-border sep-single sep-solid\" style=\"--awb-height:20px;--awb-amount:20px;border-color:var(--awb-color5);border-top-width:1px;\"><\/div><\/div><div class=\"fusion-text fusion-text-2\" style=\"--awb-text-transform:none;\"><p style=\"text-align: justify;\">Peamiselt tegelen ma \u00f5petamisega Lilleorus. Lilleoru \u00f5ppekeskus asub Rae vallas, Aruvalla k\u00fclas, umbes 25-minutilise autos\u00f5idu kaugusel Tallinnast. Alates asutamisest 1993. aastal on Lilleoru pidevalt kasvanud ja arenenud. Practical Consciousness \u00f5pe (varasema nimega Teadliku Muutuse Kunst) on samuti siin s\u00fcndinud.<\/p>\n<p style=\"text-align: justify;\">Lilleorus \u00f5petatav p\u00f5hineb Tamili siddhade jooga \u00f5petusliinil. Lilleorus toimuvad regulaarselt veedalikud tuletseremooniad ning tegeleme \u00f5pilastega siinse p\u00fchapaiga: Elulille pargi ning eriliste templite arendamisega. Lilleorus on aegade jooksul kasutatud ja rakendatud erinevatest traditsioonidest p\u00e4rinevaid \u00f5petusi, mis k\u00f5ik on p\u00f5hinenud teadvuse kasutamisel ning teadlikul tegutsemisel. <a href=\"https:\/\/www.lilleoru.ee\/\"><span style=\"color: var(--awb-color4);\">Vaata Lilleorust rohkem siit<\/span><\/a><span style=\"color: var(--awb-color4);\">.<\/span><\/p>\n<\/div><\/div><\/div><\/div><\/div><div class=\"fusion-fullwidth fullwidth-box fusion-builder-row-2 fusion-flex-container nonhundred-percent-fullwidth non-hundred-percent-height-scrolling\" style=\"--awb-border-radius-top-left:0px;--awb-border-radius-top-right:0px;--awb-border-radius-bottom-right:0px;--awb-border-radius-bottom-left:0px;--awb-padding-bottom:15px;\" ><div class=\"fusion-builder-row fusion-row fusion-flex-align-items-flex-start fusion-flex-justify-content-center\" style=\"max-width:1216.8px;margin-left: calc(-4% \/ 2 );margin-right: calc(-4% \/ 2 );\"><div class=\"fusion-layout-column fusion_builder_column fusion-builder-column-1 fusion_builder_column_3_5 3_5 fusion-flex-column\" style=\"--awb-bg-size:cover;--awb-width-large:60%;--awb-margin-top-large:20px;--awb-spacing-right-large:3.2%;--awb-margin-bottom-large:120px;--awb-spacing-left-large:3.2%;--awb-width-medium:100%;--awb-order-medium:0;--awb-spacing-right-medium:1.92%;--awb-spacing-left-medium:1.92%;--awb-width-small:100%;--awb-order-small:0;--awb-spacing-right-small:1.92%;--awb-spacing-left-small:1.92%;\"><div class=\"fusion-column-wrapper fusion-column-has-shadow fusion-flex-justify-content-flex-start fusion-content-layout-column\"><div class=\"awb-gallery-wrapper awb-gallery-wrapper-1 button-span-no\"><div style=\"margin:-5px;--awb-bordersize:0px;\" class=\"fusion-gallery fusion-gallery-container fusion-grid-3 fusion-columns-total-6 fusion-gallery-layout-grid fusion-gallery-1\"><div style=\"padding:5px;\" class=\"fusion-grid-column fusion-gallery-column fusion-gallery-column-3 hover-type-none\"><div class=\"fusion-gallery-image\"><a href=\"https:\/\/ingvarvillido.com\/wp-content\/uploads\/2022\/03\/2021-11-14-16.41.36-scaled.jpg\" rel=\"noreferrer\" data-rel=\"iLightbox[gallery_image_1]\" class=\"fusion-lightbox\" target=\"_self\"><img decoding=\"async\" src=\"https:\/\/ingvarvillido.com\/wp-content\/uploads\/2022\/03\/2021-11-14-16.41.36-scaled.jpg\" data-orig-src=\"https:\/\/ingvarvillido.com\/wp-content\/uploads\/2022\/03\/2021-11-14-16.41.36-scaled.jpg\" width=\"1920\" height=\"2560\" alt=\"\" title=\"2021-11-14-16.41.36\" aria-label=\"2021-11-14-16.41.36\" class=\"lazyload img-responsive wp-image-7051\" srcset=\"data:image\/svg+xml,%3Csvg%20xmlns%3D%27http%3A%2F%2Fwww.w3.org%2F2000%2Fsvg%27%20width%3D%271920%27%20height%3D%272560%27%20viewBox%3D%270%200%201920%202560%27%3E%3Crect%20width%3D%271920%27%20height%3D%272560%27%20fill-opacity%3D%220%22%2F%3E%3C%2Fsvg%3E\" data-srcset=\"https:\/\/ingvarvillido.com\/wp-content\/uploads\/2022\/03\/2021-11-14-16.41.36-200x267.jpg 200w, https:\/\/ingvarvillido.com\/wp-content\/uploads\/2022\/03\/2021-11-14-16.41.36-400x533.jpg 400w, https:\/\/ingvarvillido.com\/wp-content\/uploads\/2022\/03\/2021-11-14-16.41.36-600x800.jpg 600w, https:\/\/ingvarvillido.com\/wp-content\/uploads\/2022\/03\/2021-11-14-16.41.36-800x1067.jpg 800w, https:\/\/ingvarvillido.com\/wp-content\/uploads\/2022\/03\/2021-11-14-16.41.36-1200x1600.jpg 1200w, https:\/\/ingvarvillido.com\/wp-content\/uploads\/2022\/03\/2021-11-14-16.41.36-scaled.jpg 1920w\" data-sizes=\"auto\" data-orig-sizes=\"(min-width: 2200px) 100vw, (min-width: 784px) 387px, (min-width: 712px) 580px, (min-width: 640px) 712px, \" \/><\/a><\/div><\/div><div style=\"padding:5px;\" class=\"fusion-grid-column fusion-gallery-column fusion-gallery-column-3 hover-type-none\"><div class=\"fusion-gallery-image\"><a href=\"https:\/\/ingvarvillido.com\/wp-content\/uploads\/2022\/02\/Native-Tepee.jpeg\" rel=\"noreferrer\" data-rel=\"iLightbox[gallery_image_1]\" class=\"fusion-lightbox\" target=\"_self\"><img decoding=\"async\" src=\"https:\/\/ingvarvillido.com\/wp-content\/uploads\/2022\/02\/Native-Tepee.jpeg\" data-orig-src=\"https:\/\/ingvarvillido.com\/wp-content\/uploads\/2022\/02\/Native-Tepee.jpeg\" width=\"1170\" height=\"1560\" alt=\"\" title=\"TMK kokkutulek 2020\" aria-label=\"TMK kokkutulek 2020\" class=\"lazyload img-responsive wp-image-5347\" srcset=\"data:image\/svg+xml,%3Csvg%20xmlns%3D%27http%3A%2F%2Fwww.w3.org%2F2000%2Fsvg%27%20width%3D%271170%27%20height%3D%271560%27%20viewBox%3D%270%200%201170%201560%27%3E%3Crect%20width%3D%271170%27%20height%3D%271560%27%20fill-opacity%3D%220%22%2F%3E%3C%2Fsvg%3E\" data-srcset=\"https:\/\/ingvarvillido.com\/wp-content\/uploads\/2022\/02\/Native-Tepee-200x267.jpeg 200w, https:\/\/ingvarvillido.com\/wp-content\/uploads\/2022\/02\/Native-Tepee-400x533.jpeg 400w, https:\/\/ingvarvillido.com\/wp-content\/uploads\/2022\/02\/Native-Tepee-600x800.jpeg 600w, https:\/\/ingvarvillido.com\/wp-content\/uploads\/2022\/02\/Native-Tepee-800x1067.jpeg 800w, https:\/\/ingvarvillido.com\/wp-content\/uploads\/2022\/02\/Native-Tepee.jpeg 1170w\" data-sizes=\"auto\" data-orig-sizes=\"(min-width: 2200px) 100vw, (min-width: 784px) 387px, (min-width: 712px) 580px, (min-width: 640px) 712px, \" \/><\/a><\/div><\/div><div style=\"padding:5px;\" class=\"fusion-grid-column fusion-gallery-column fusion-gallery-column-3 hover-type-none\"><div class=\"fusion-gallery-image\"><a href=\"https:\/\/ingvarvillido.com\/wp-content\/uploads\/2022\/02\/DSC00776.jpg\" rel=\"noreferrer\" data-rel=\"iLightbox[gallery_image_1]\" class=\"fusion-lightbox\" target=\"_self\"><img decoding=\"async\" src=\"https:\/\/ingvarvillido.com\/wp-content\/uploads\/2022\/02\/DSC00776.jpg\" data-orig-src=\"https:\/\/ingvarvillido.com\/wp-content\/uploads\/2022\/02\/DSC00776.jpg\" width=\"1170\" height=\"1560\" alt=\"\" title=\"ingvarvillido.com\/gallery\" aria-label=\"ingvarvillido.com\/gallery\" class=\"lazyload img-responsive wp-image-5739\" srcset=\"data:image\/svg+xml,%3Csvg%20xmlns%3D%27http%3A%2F%2Fwww.w3.org%2F2000%2Fsvg%27%20width%3D%271170%27%20height%3D%271560%27%20viewBox%3D%270%200%201170%201560%27%3E%3Crect%20width%3D%271170%27%20height%3D%271560%27%20fill-opacity%3D%220%22%2F%3E%3C%2Fsvg%3E\" data-srcset=\"https:\/\/ingvarvillido.com\/wp-content\/uploads\/2022\/02\/DSC00776-200x267.jpg 200w, https:\/\/ingvarvillido.com\/wp-content\/uploads\/2022\/02\/DSC00776-400x533.jpg 400w, https:\/\/ingvarvillido.com\/wp-content\/uploads\/2022\/02\/DSC00776-600x800.jpg 600w, https:\/\/ingvarvillido.com\/wp-content\/uploads\/2022\/02\/DSC00776-800x1067.jpg 800w, https:\/\/ingvarvillido.com\/wp-content\/uploads\/2022\/02\/DSC00776.jpg 1170w\" data-sizes=\"auto\" data-orig-sizes=\"(min-width: 2200px) 100vw, (min-width: 784px) 387px, (min-width: 712px) 580px, (min-width: 640px) 712px, \" \/><\/a><\/div><\/div><div class=\"clearfix\"><\/div><div style=\"padding:5px;\" class=\"fusion-grid-column fusion-gallery-column fusion-gallery-column-3 hover-type-none\"><div class=\"fusion-gallery-image\"><a href=\"https:\/\/ingvarvillido.com\/wp-content\/uploads\/2022\/02\/DSC00773.jpg\" rel=\"noreferrer\" data-rel=\"iLightbox[gallery_image_1]\" class=\"fusion-lightbox\" target=\"_self\"><img decoding=\"async\" src=\"https:\/\/ingvarvillido.com\/wp-content\/uploads\/2022\/02\/DSC00773.jpg\" data-orig-src=\"https:\/\/ingvarvillido.com\/wp-content\/uploads\/2022\/02\/DSC00773.jpg\" width=\"1170\" height=\"1755\" alt=\"\" title=\"\" aria-label=\"\" class=\"lazyload img-responsive wp-image-5740\" srcset=\"data:image\/svg+xml,%3Csvg%20xmlns%3D%27http%3A%2F%2Fwww.w3.org%2F2000%2Fsvg%27%20width%3D%271170%27%20height%3D%271755%27%20viewBox%3D%270%200%201170%201755%27%3E%3Crect%20width%3D%271170%27%20height%3D%271755%27%20fill-opacity%3D%220%22%2F%3E%3C%2Fsvg%3E\" data-srcset=\"https:\/\/ingvarvillido.com\/wp-content\/uploads\/2022\/02\/DSC00773-200x300.jpg 200w, https:\/\/ingvarvillido.com\/wp-content\/uploads\/2022\/02\/DSC00773-400x600.jpg 400w, https:\/\/ingvarvillido.com\/wp-content\/uploads\/2022\/02\/DSC00773-600x900.jpg 600w, https:\/\/ingvarvillido.com\/wp-content\/uploads\/2022\/02\/DSC00773-800x1200.jpg 800w, https:\/\/ingvarvillido.com\/wp-content\/uploads\/2022\/02\/DSC00773.jpg 1170w\" data-sizes=\"auto\" data-orig-sizes=\"(min-width: 2200px) 100vw, (min-width: 784px) 387px, (min-width: 712px) 580px, (min-width: 640px) 712px, \" \/><\/a><\/div><\/div><div style=\"padding:5px;\" class=\"fusion-grid-column fusion-gallery-column fusion-gallery-column-3 hover-type-none\"><div class=\"fusion-gallery-image\"><a href=\"https:\/\/ingvarvillido.com\/wp-content\/uploads\/2022\/02\/2021-11-30-11.25.13.jpg\" rel=\"noreferrer\" data-rel=\"iLightbox[gallery_image_1]\" class=\"fusion-lightbox\" target=\"_self\"><img decoding=\"async\" src=\"https:\/\/ingvarvillido.com\/wp-content\/uploads\/2022\/02\/2021-11-30-11.25.13.jpg\" data-orig-src=\"https:\/\/ingvarvillido.com\/wp-content\/uploads\/2022\/02\/2021-11-30-11.25.13.jpg\" width=\"1170\" height=\"1755\" alt=\"\" title=\"ingvarvillido.com\/gallery\" aria-label=\"ingvarvillido.com\/gallery\" class=\"lazyload img-responsive wp-image-5744\" srcset=\"data:image\/svg+xml,%3Csvg%20xmlns%3D%27http%3A%2F%2Fwww.w3.org%2F2000%2Fsvg%27%20width%3D%271170%27%20height%3D%271755%27%20viewBox%3D%270%200%201170%201755%27%3E%3Crect%20width%3D%271170%27%20height%3D%271755%27%20fill-opacity%3D%220%22%2F%3E%3C%2Fsvg%3E\" data-srcset=\"https:\/\/ingvarvillido.com\/wp-content\/uploads\/2022\/02\/2021-11-30-11.25.13-200x300.jpg 200w, https:\/\/ingvarvillido.com\/wp-content\/uploads\/2022\/02\/2021-11-30-11.25.13-400x600.jpg 400w, https:\/\/ingvarvillido.com\/wp-content\/uploads\/2022\/02\/2021-11-30-11.25.13-600x900.jpg 600w, https:\/\/ingvarvillido.com\/wp-content\/uploads\/2022\/02\/2021-11-30-11.25.13-800x1200.jpg 800w, https:\/\/ingvarvillido.com\/wp-content\/uploads\/2022\/02\/2021-11-30-11.25.13.jpg 1170w\" data-sizes=\"auto\" data-orig-sizes=\"(min-width: 2200px) 100vw, (min-width: 784px) 387px, (min-width: 712px) 580px, (min-width: 640px) 712px, \" \/><\/a><\/div><\/div><div style=\"padding:5px;\" class=\"fusion-grid-column fusion-gallery-column fusion-gallery-column-3 hover-type-none\"><div class=\"fusion-gallery-image\"><a href=\"https:\/\/ingvarvillido.com\/wp-content\/uploads\/2022\/02\/Agni.jpeg\" rel=\"noreferrer\" data-rel=\"iLightbox[gallery_image_1]\" class=\"fusion-lightbox\" target=\"_self\"><img decoding=\"async\" src=\"https:\/\/ingvarvillido.com\/wp-content\/uploads\/2022\/02\/Agni.jpeg\" data-orig-src=\"https:\/\/ingvarvillido.com\/wp-content\/uploads\/2022\/02\/Agni.jpeg\" width=\"1170\" height=\"1755\" alt=\"\" title=\"\" aria-label=\"\" class=\"lazyload img-responsive wp-image-5340\" srcset=\"data:image\/svg+xml,%3Csvg%20xmlns%3D%27http%3A%2F%2Fwww.w3.org%2F2000%2Fsvg%27%20width%3D%271170%27%20height%3D%271755%27%20viewBox%3D%270%200%201170%201755%27%3E%3Crect%20width%3D%271170%27%20height%3D%271755%27%20fill-opacity%3D%220%22%2F%3E%3C%2Fsvg%3E\" data-srcset=\"https:\/\/ingvarvillido.com\/wp-content\/uploads\/2022\/02\/Agni-200x300.jpeg 200w, https:\/\/ingvarvillido.com\/wp-content\/uploads\/2022\/02\/Agni-400x600.jpeg 400w, https:\/\/ingvarvillido.com\/wp-content\/uploads\/2022\/02\/Agni-600x900.jpeg 600w, https:\/\/ingvarvillido.com\/wp-content\/uploads\/2022\/02\/Agni-800x1200.jpeg 800w, https:\/\/ingvarvillido.com\/wp-content\/uploads\/2022\/02\/Agni.jpeg 1170w\" data-sizes=\"auto\" data-orig-sizes=\"(min-width: 2200px) 100vw, (min-width: 784px) 387px, (min-width: 712px) 580px, (min-width: 640px) 712px, \" \/><\/a><\/div><\/div><div class=\"clearfix\"><\/div><\/div><\/div><\/div><\/div><\/div><\/div><div class=\"fusion-fullwidth fullwidth-box fusion-builder-row-3 fusion-flex-container nonhundred-percent-fullwidth non-hundred-percent-height-scrolling\" style=\"--awb-background-position:left top;--awb-border-sizes-top:0px;--awb-border-sizes-bottom:0px;--awb-border-sizes-left:0px;--awb-border-sizes-right:0px;--awb-border-radius-top-left:0px;--awb-border-radius-top-right:0px;--awb-border-radius-bottom-right:0px;--awb-border-radius-bottom-left:0px;--awb-padding-top:100px;--awb-padding-bottom:85px;--awb-background-color:var(--awb-color7);\" ><div class=\"fusion-builder-row fusion-row fusion-flex-align-items-stretch fusion-flex-justify-content-center\" style=\"max-width:1216.8px;margin-left: calc(-4% \/ 2 );margin-right: calc(-4% \/ 2 );\"><div class=\"fusion-layout-column fusion_builder_column fusion-builder-column-2 fusion_builder_column_2_3 2_3 fusion-flex-column fusion-flex-align-self-center\" style=\"--awb-bg-blend:overlay;--awb-bg-size:cover;--awb-width-large:66.666666666667%;--awb-margin-top-large:20px;--awb-spacing-right-large:2.88%;--awb-margin-bottom-large:10px;--awb-spacing-left-large:3.888%;--awb-width-medium:50%;--awb-spacing-right-medium:3.84%;--awb-spacing-left-medium:5.184%;--awb-width-small:100%;--awb-spacing-right-small:1.92%;--awb-spacing-left-small:1.92%;\"><div class=\"fusion-column-wrapper fusion-flex-justify-content-center fusion-content-layout-column\"><div style=\"text-align:center;\"><a class=\"fusion-button button-flat fusion-button-default-size button-default fusion-button-default button-1 fusion-button-default-span fusion-button-default-type\" target=\"_self\" href=\"https:\/\/ingvarvillido.com\/et\/practical-consciousness-sihtasutus\/\"><span class=\"fusion-button-text\">Practical Consciousness Sihtasutus<\/span><\/a><\/div><\/div><\/div><\/div><\/div><\/p>\n","protected":false},"excerpt":{"rendered":"","protected":false},"author":7,"featured_media":12574,"parent":0,"menu_order":0,"comment_status":"closed","ping_status":"closed","template":"100-width.php","meta":{"footnotes":""},"class_list":["post-13091","page","type-page","status-publish","has-post-thumbnail","hentry"],"yoast_head":"<!-- This site is optimized with the Yoast SEO plugin v20.8 - https:\/\/yoast.com\/wordpress\/plugins\/seo\/ -->\n<title>Lilleoru - Ingvar Villido<\/title>\n<meta name=\"robots\" content=\"index, follow, max-snippet:-1, max-image-preview:large, max-video-preview:-1\" \/>\n<link rel=\"canonical\" href=\"https:\/\/ingvarvillido.com\/et\/lilleoru\/\" \/>\n<meta property=\"og:locale\" content=\"et_EE\" \/>\n<meta property=\"og:type\" content=\"article\" \/>\n<meta property=\"og:title\" content=\"Lilleoru - Ingvar Villido\" \/>\n<meta property=\"og:url\" content=\"https:\/\/ingvarvillido.com\/et\/lilleoru\/\" \/>\n<meta property=\"og:site_name\" content=\"Ingvar Villido\" \/>\n<meta property=\"article:modified_time\" content=\"2023-07-23T05:47:55+00:00\" \/>\n<meta property=\"og:image\" content=\"https:\/\/ingvarvillido.com\/wp-content\/uploads\/2022\/03\/ingvarvillido.com-lilleoru-scaled-e1646688582177.jpg\" \/>\n\t<meta property=\"og:image:width\" content=\"2560\" \/>\n\t<meta property=\"og:image:height\" content=\"1081\" \/>\n\t<meta property=\"og:image:type\" content=\"image\/jpeg\" \/>\n<meta name=\"twitter:card\" content=\"summary_large_image\" \/>\n<meta name=\"twitter:label1\" content=\"Est. reading time\" \/>\n\t<meta name=\"twitter:data1\" content=\"3 minutit\" \/>\n<script type=\"application\/ld+json\" class=\"yoast-schema-graph\">{\"@context\":\"https:\/\/schema.org\",\"@graph\":[{\"@type\":\"WebPage\",\"@id\":\"https:\/\/ingvarvillido.com\/et\/lilleoru\/\",\"url\":\"https:\/\/ingvarvillido.com\/et\/lilleoru\/\",\"name\":\"Lilleoru - Ingvar Villido\",\"isPartOf\":{\"@id\":\"https:\/\/ingvarvillido.com\/et\/#website\"},\"datePublished\":\"2022-02-25T04:49:47+00:00\",\"dateModified\":\"2023-07-23T05:47:55+00:00\",\"breadcrumb\":{\"@id\":\"https:\/\/ingvarvillido.com\/et\/lilleoru\/#breadcrumb\"},\"inLanguage\":\"et\",\"potentialAction\":[{\"@type\":\"ReadAction\",\"target\":[\"https:\/\/ingvarvillido.com\/et\/lilleoru\/\"]}]},{\"@type\":\"BreadcrumbList\",\"@id\":\"https:\/\/ingvarvillido.com\/et\/lilleoru\/#breadcrumb\",\"itemListElement\":[{\"@type\":\"ListItem\",\"position\":1,\"name\":\"Home\",\"item\":\"https:\/\/ingvarvillido.com\/et\/\"},{\"@type\":\"ListItem\",\"position\":2,\"name\":\"Lilleoru\"}]},{\"@type\":\"WebSite\",\"@id\":\"https:\/\/ingvarvillido.com\/et\/#website\",\"url\":\"https:\/\/ingvarvillido.com\/et\/\",\"name\":\"Ingvar Villido\",\"description\":\"Teacher, Researcher, Author, Yogi\",\"publisher\":{\"@id\":\"https:\/\/ingvarvillido.com\/et\/#organization\"},\"potentialAction\":[{\"@type\":\"SearchAction\",\"target\":{\"@type\":\"EntryPoint\",\"urlTemplate\":\"https:\/\/ingvarvillido.com\/et\/?s={search_term_string}\"},\"query-input\":\"required name=search_term_string\"}],\"inLanguage\":\"et\"},{\"@type\":\"Organization\",\"@id\":\"https:\/\/ingvarvillido.com\/et\/#organization\",\"name\":\"Ingvar Villido\",\"url\":\"https:\/\/ingvarvillido.com\/et\/\",\"logo\":{\"@type\":\"ImageObject\",\"inLanguage\":\"et\",\"@id\":\"https:\/\/ingvarvillido.com\/et\/#\/schema\/logo\/image\/\",\"url\":\"\",\"contentUrl\":\"\",\"caption\":\"Ingvar Villido\"},\"image\":{\"@id\":\"https:\/\/ingvarvillido.com\/et\/#\/schema\/logo\/image\/\"}}]}<\/script>\n<!-- \/ Yoast SEO plugin. -->","yoast_head_json":{"title":"Lilleoru - Ingvar Villido","robots":{"index":"index","follow":"follow","max-snippet":"max-snippet:-1","max-image-preview":"max-image-preview:large","max-video-preview":"max-video-preview:-1"},"canonical":"https:\/\/ingvarvillido.com\/et\/lilleoru\/","og_locale":"et_EE","og_type":"article","og_title":"Lilleoru - Ingvar Villido","og_url":"https:\/\/ingvarvillido.com\/et\/lilleoru\/","og_site_name":"Ingvar Villido","article_modified_time":"2023-07-23T05:47:55+00:00","og_image":[{"width":2560,"height":1081,"url":"https:\/\/ingvarvillido.com\/wp-content\/uploads\/2022\/03\/ingvarvillido.com-lilleoru-scaled-e1646688582177.jpg","type":"image\/jpeg"}],"twitter_card":"summary_large_image","twitter_misc":{"Est. reading time":"3 minutit"},"schema":{"@context":"https:\/\/schema.org","@graph":[{"@type":"WebPage","@id":"https:\/\/ingvarvillido.com\/et\/lilleoru\/","url":"https:\/\/ingvarvillido.com\/et\/lilleoru\/","name":"Lilleoru - Ingvar Villido","isPartOf":{"@id":"https:\/\/ingvarvillido.com\/et\/#website"},"datePublished":"2022-02-25T04:49:47+00:00","dateModified":"2023-07-23T05:47:55+00:00","breadcrumb":{"@id":"https:\/\/ingvarvillido.com\/et\/lilleoru\/#breadcrumb"},"inLanguage":"et","potentialAction":[{"@type":"ReadAction","target":["https:\/\/ingvarvillido.com\/et\/lilleoru\/"]}]},{"@type":"BreadcrumbList","@id":"https:\/\/ingvarvillido.com\/et\/lilleoru\/#breadcrumb","itemListElement":[{"@type":"ListItem","position":1,"name":"Home","item":"https:\/\/ingvarvillido.com\/et\/"},{"@type":"ListItem","position":2,"name":"Lilleoru"}]},{"@type":"WebSite","@id":"https:\/\/ingvarvillido.com\/et\/#website","url":"https:\/\/ingvarvillido.com\/et\/","name":"Ingvar Villido","description":"Teacher, Researcher, Author, Yogi","publisher":{"@id":"https:\/\/ingvarvillido.com\/et\/#organization"},"potentialAction":[{"@type":"SearchAction","target":{"@type":"EntryPoint","urlTemplate":"https:\/\/ingvarvillido.com\/et\/?s={search_term_string}"},"query-input":"required name=search_term_string"}],"inLanguage":"et"},{"@type":"Organization","@id":"https:\/\/ingvarvillido.com\/et\/#organization","name":"Ingvar Villido","url":"https:\/\/ingvarvillido.com\/et\/","logo":{"@type":"ImageObject","inLanguage":"et","@id":"https:\/\/ingvarvillido.com\/et\/#\/schema\/logo\/image\/","url":"","contentUrl":"","caption":"Ingvar Villido"},"image":{"@id":"https:\/\/ingvarvillido.com\/et\/#\/schema\/logo\/image\/"}}]}},"_links":{"self":[{"href":"https:\/\/ingvarvillido.com\/et\/wp-json\/wp\/v2\/pages\/13091","targetHints":{"allow":["GET"]}}],"collection":[{"href":"https:\/\/ingvarvillido.com\/et\/wp-json\/wp\/v2\/pages"}],"about":[{"href":"https:\/\/ingvarvillido.com\/et\/wp-json\/wp\/v2\/types\/page"}],"author":[{"embeddable":true,"href":"https:\/\/ingvarvillido.com\/et\/wp-json\/wp\/v2\/users\/7"}],"replies":[{"embeddable":true,"href":"https:\/\/ingvarvillido.com\/et\/wp-json\/wp\/v2\/comments?post=13091"}],"version-history":[{"count":7,"href":"https:\/\/ingvarvillido.com\/et\/wp-json\/wp\/v2\/pages\/13091\/revisions"}],"predecessor-version":[{"id":14133,"href":"https:\/\/ingvarvillido.com\/et\/wp-json\/wp\/v2\/pages\/13091\/revisions\/14133"}],"wp:featuredmedia":[{"embeddable":true,"href":"https:\/\/ingvarvillido.com\/et\/wp-json\/wp\/v2\/media\/12574"}],"wp:attachment":[{"href":"https:\/\/ingvarvillido.com\/et\/wp-json\/wp\/v2\/media?parent=13091"}],"curies":[{"name":"wp","href":"https:\/\/api.w.org\/{rel}","templated":true}]}}