{"id":13076,"date":"2022-02-25T06:43:53","date_gmt":"2022-02-25T04:43:53","guid":{"rendered":"https:\/\/ingvarvillido.com\/?page_id=13076"},"modified":"2022-11-03T16:26:23","modified_gmt":"2022-11-03T14:26:23","slug":"visioon-ja-missioon","status":"publish","type":"page","link":"https:\/\/ingvarvillido.com\/et\/visioon-ja-missioon\/","title":{"rendered":"Visioon ja Missioon"},"content":{"rendered":"<p><div class=\"fusion-fullwidth fullwidth-box fusion-builder-row-1 fusion-flex-container nonhundred-percent-fullwidth non-hundred-percent-height-scrolling\" style=\"--awb-border-radius-top-left:0px;--awb-border-radius-top-right:0px;--awb-border-radius-bottom-right:0px;--awb-border-radius-bottom-left:0px;\" ><div class=\"fusion-builder-row fusion-row fusion-flex-align-items-flex-start fusion-flex-justify-content-center\" style=\"max-width:1216.8px;margin-left: calc(-4% \/ 2 );margin-right: calc(-4% \/ 2 );\"><div class=\"fusion-layout-column fusion_builder_column fusion-builder-column-0 fusion_builder_column_3_5 3_5 fusion-flex-column\" style=\"--awb-bg-size:cover;--awb-width-large:60%;--awb-margin-top-large:20px;--awb-spacing-right-large:3.2%;--awb-margin-bottom-large:20px;--awb-spacing-left-large:3.2%;--awb-width-medium:100%;--awb-order-medium:0;--awb-spacing-right-medium:1.92%;--awb-spacing-left-medium:1.92%;--awb-width-small:100%;--awb-order-small:0;--awb-spacing-right-small:1.92%;--awb-spacing-left-small:1.92%;\"><div class=\"fusion-column-wrapper fusion-column-has-shadow fusion-flex-justify-content-flex-start fusion-content-layout-column\"><div class=\"fusion-text fusion-text-1\" style=\"--awb-content-alignment:center;--awb-text-transform:none;\"><h2 style=\"font-size: 48px; line-height: 54px; font-family: 'Nunito Sans'; font-weight: 200;\" data-fusion-font=\"true\" data-fusion-google-font=\"Nunito Sans\" data-fusion-google-variant=\"200\">Visioon<\/h2>\n<\/div><div class=\"fusion-separator\" style=\"align-self: center;margin-left: auto;margin-right: auto;margin-top:10px;margin-bottom:40px;width:100%;max-width:150px;\"><div class=\"fusion-separator-border sep-single sep-solid\" style=\"--awb-height:20px;--awb-amount:20px;border-color:var(--awb-color5);border-top-width:1px;\"><\/div><\/div><div class=\"fusion-text fusion-text-2\" style=\"--awb-text-transform:none;\"><h2 class=\"fusion-responsive-typography-calculated\" style=\"font-family: 'Nunito Sans'; font-weight: 200; --fontsize: 48; line-height: 1.4; text-align: justify;\" data-fusion-font=\"true\" data-fusion-google-font=\"Nunito Sans\" data-fusion-google-variant=\"200\" data-fontsize=\"48\" data-lineheight=\"67.19999694824219px\"><\/h2>\n<p style=\"text-align: justify;\">Oleme t\u00e4na tunnistajaks, kuidas maailmas on kasvamas nii \u00fcletarbimine, vaen ja konfliktid kui ka depressiivsus. Kui me ei suuda lahendada oma emotsioonidega seotud probleeme, riskime enda ja \u00fclej\u00e4\u00e4nud maailma h\u00e4vitamisega.<\/p>\n<p style=\"text-align: justify;\">Usun, et inimesed suudavad arendada endas positiivsemaid omadusi ning v\u00e4ljuda eneseunustusest. Seet\u00f5ttu soovin inimkonnale n\u00e4idata, kuidas v\u00f5tta teadvustamine kasutusele nii, et see aitaks muuta maailma paremaks paigaks. Sellesse visiooni kuuluvad<\/p>\n<ul style=\"text-align: justify;\">\n<li>tasakaalus ja arenev \u00fchiskond.<\/li>\n<li>eluviis, mille osaks on teadvuse sihip\u00e4rane kasutamine oma elu ja sisemaailma juhtimiseks.<\/li>\n<\/ul>\n<p style=\"text-align: justify;\">Inimest, kes toob esiplaanile oma loomuomase teadvustamisv\u00f5ime, heatahtlikkuse ja algatusv\u00f5ime, kutsun ma Human 2.0. Niisugune muutus leiab aset, kui inimene teeb teadliku valiku elada koosk\u00f5las oma k\u00f5rgeima potentsiaaliga.<\/p>\n<\/div><\/div><\/div><\/div><\/div><div class=\"fusion-fullwidth fullwidth-box fusion-builder-row-2 fusion-flex-container nonhundred-percent-fullwidth non-hundred-percent-height-scrolling\" style=\"--awb-border-radius-top-left:0px;--awb-border-radius-top-right:0px;--awb-border-radius-bottom-right:0px;--awb-border-radius-bottom-left:0px;\" ><div class=\"fusion-builder-row fusion-row fusion-flex-align-items-flex-start fusion-flex-justify-content-center\" style=\"max-width:1216.8px;margin-left: calc(-4% \/ 2 );margin-right: calc(-4% \/ 2 );\"><div class=\"fusion-layout-column fusion_builder_column fusion-builder-column-1 fusion_builder_column_3_5 3_5 fusion-flex-column\" style=\"--awb-bg-size:cover;--awb-width-large:60%;--awb-margin-top-large:20px;--awb-spacing-right-large:3.2%;--awb-margin-bottom-large:120px;--awb-spacing-left-large:3.2%;--awb-width-medium:100%;--awb-order-medium:0;--awb-spacing-right-medium:1.92%;--awb-spacing-left-medium:1.92%;--awb-width-small:100%;--awb-order-small:0;--awb-spacing-right-small:1.92%;--awb-spacing-left-small:1.92%;\"><div class=\"fusion-column-wrapper fusion-column-has-shadow fusion-flex-justify-content-flex-start fusion-content-layout-column\"><div class=\"fusion-text fusion-text-3\" style=\"--awb-content-alignment:center;--awb-text-transform:none;\"><h2 style=\"font-size: 48px; line-height: 54px; font-family: 'Nunito Sans'; font-weight: 200;\" data-fusion-font=\"true\" data-fusion-google-font=\"Nunito Sans\" data-fusion-google-variant=\"200\">Missioon<\/h2>\n<\/div><div class=\"fusion-separator\" style=\"align-self: center;margin-left: auto;margin-right: auto;margin-top:10px;margin-bottom:40px;width:100%;max-width:150px;\"><div class=\"fusion-separator-border sep-single sep-solid\" style=\"--awb-height:20px;--awb-amount:20px;border-color:var(--awb-color5);border-top-width:1px;\"><\/div><\/div><div class=\"fusion-text fusion-text-4\" style=\"--awb-text-transform:none;\"><p>Minu missioon on aidata igal inimesel \u00fcletada raskused ja negatiivsus ning elus edeneda.<\/p>\n<p>N\u00e4idata inimestele, kuidas v\u00f5tta kasutusele oma teadvus, et j\u00f5uda vabaduse, lihtsuse, t\u00f5e ning rahuloluni. Nad avastavad, et<\/p>\n<ul>\n<li>Reaalsuse teadvustamine \u2014 niisugusena nagu see on \u2014 ongi t\u00f5e teadmine.<\/li>\n<li>Vabadus saabub siis, kui reaktsioonid l\u00f5ppevad, kuiv\u00f5rd vabadus on p\u00f6\u00f6rdv\u00f5rdeline automaatsete reaktsioonidega.<\/li>\n<li>Lahtes lahti k\u00f5igest, mida sa ei ole, saavutad lihtsuse ning v\u00e4hendad nii enda kui ka teiste kannatusi.<\/li>\n<li>Kui eelnevates punktides kirjeldatu on toimunud, ilmestuvad inimese loomulik heaolu ning armastus.<\/li>\n<\/ul>\n<\/div><\/div><\/div><\/div><\/div><div class=\"fusion-fullwidth fullwidth-box fusion-builder-row-3 fusion-flex-container nonhundred-percent-fullwidth non-hundred-percent-height-scrolling\" style=\"--awb-background-position:left top;--awb-border-sizes-top:0px;--awb-border-sizes-bottom:0px;--awb-border-sizes-left:0px;--awb-border-sizes-right:0px;--awb-border-radius-top-left:0px;--awb-border-radius-top-right:0px;--awb-border-radius-bottom-right:0px;--awb-border-radius-bottom-left:0px;--awb-padding-top:100px;--awb-padding-bottom:85px;--awb-background-color:var(--awb-color7);\" ><div class=\"fusion-builder-row fusion-row fusion-flex-align-items-stretch fusion-flex-justify-content-center\" style=\"max-width:1216.8px;margin-left: calc(-4% \/ 2 );margin-right: calc(-4% \/ 2 );\"><div class=\"fusion-layout-column fusion_builder_column fusion-builder-column-2 fusion_builder_column_2_3 2_3 fusion-flex-column fusion-flex-align-self-center\" style=\"--awb-bg-blend:overlay;--awb-bg-size:cover;--awb-width-large:66.666666666667%;--awb-margin-top-large:20px;--awb-spacing-right-large:2.88%;--awb-margin-bottom-large:10px;--awb-spacing-left-large:3.888%;--awb-width-medium:50%;--awb-spacing-right-medium:3.84%;--awb-spacing-left-medium:5.184%;--awb-width-small:100%;--awb-spacing-right-small:1.92%;--awb-spacing-left-small:1.92%;\"><div class=\"fusion-column-wrapper fusion-flex-justify-content-center fusion-content-layout-column\"><div style=\"text-align:center;\"><a class=\"fusion-button button-flat fusion-button-default-size button-default fusion-button-default button-1 fusion-button-default-span fusion-button-default-type\" target=\"_self\" href=\"https:\/\/ingvarvillido.com\/et\/practical-consciousness-kursused\/\"><span class=\"fusion-button-text\">\u00d5PETUS<\/span><\/a><\/div><div class=\"fusion-text fusion-text-5\"><\/div><\/div><\/div><\/div><\/div><\/p>\n","protected":false},"excerpt":{"rendered":"","protected":false},"author":7,"featured_media":12586,"parent":0,"menu_order":0,"comment_status":"closed","ping_status":"closed","template":"100-width.php","meta":{"footnotes":""},"class_list":["post-13076","page","type-page","status-publish","has-post-thumbnail","hentry"],"yoast_head":"<!-- This site is optimized with the Yoast SEO plugin v20.8 - https:\/\/yoast.com\/wordpress\/plugins\/seo\/ -->\n<title>Visioon ja Missioon - Ingvar Villido<\/title>\n<meta name=\"robots\" content=\"index, follow, max-snippet:-1, max-image-preview:large, max-video-preview:-1\" \/>\n<link rel=\"canonical\" href=\"https:\/\/ingvarvillido.com\/et\/visioon-ja-missioon\/\" \/>\n<meta property=\"og:locale\" content=\"et_EE\" \/>\n<meta property=\"og:type\" content=\"article\" \/>\n<meta property=\"og:title\" content=\"Visioon ja Missioon - Ingvar Villido\" \/>\n<meta property=\"og:url\" content=\"https:\/\/ingvarvillido.com\/et\/visioon-ja-missioon\/\" \/>\n<meta property=\"og:site_name\" content=\"Ingvar Villido\" \/>\n<meta property=\"article:modified_time\" content=\"2022-11-03T14:26:23+00:00\" \/>\n<meta property=\"og:image\" content=\"https:\/\/ingvarvillido.com\/wp-content\/uploads\/2022\/03\/ingvarvillido.com-vision-mission-scaled-e1646688245317.jpg\" \/>\n\t<meta property=\"og:image:width\" content=\"2560\" \/>\n\t<meta property=\"og:image:height\" content=\"1081\" \/>\n\t<meta property=\"og:image:type\" content=\"image\/jpeg\" \/>\n<meta name=\"twitter:card\" content=\"summary_large_image\" \/>\n<meta name=\"twitter:label1\" content=\"Est. reading time\" \/>\n\t<meta name=\"twitter:data1\" content=\"4 minutit\" \/>\n<script type=\"application\/ld+json\" class=\"yoast-schema-graph\">{\"@context\":\"https:\/\/schema.org\",\"@graph\":[{\"@type\":\"WebPage\",\"@id\":\"https:\/\/ingvarvillido.com\/et\/visioon-ja-missioon\/\",\"url\":\"https:\/\/ingvarvillido.com\/et\/visioon-ja-missioon\/\",\"name\":\"Visioon ja Missioon - Ingvar Villido\",\"isPartOf\":{\"@id\":\"https:\/\/ingvarvillido.com\/et\/#website\"},\"datePublished\":\"2022-02-25T04:43:53+00:00\",\"dateModified\":\"2022-11-03T14:26:23+00:00\",\"breadcrumb\":{\"@id\":\"https:\/\/ingvarvillido.com\/et\/visioon-ja-missioon\/#breadcrumb\"},\"inLanguage\":\"et\",\"potentialAction\":[{\"@type\":\"ReadAction\",\"target\":[\"https:\/\/ingvarvillido.com\/et\/visioon-ja-missioon\/\"]}]},{\"@type\":\"BreadcrumbList\",\"@id\":\"https:\/\/ingvarvillido.com\/et\/visioon-ja-missioon\/#breadcrumb\",\"itemListElement\":[{\"@type\":\"ListItem\",\"position\":1,\"name\":\"Home\",\"item\":\"https:\/\/ingvarvillido.com\/et\/\"},{\"@type\":\"ListItem\",\"position\":2,\"name\":\"Visioon ja Missioon\"}]},{\"@type\":\"WebSite\",\"@id\":\"https:\/\/ingvarvillido.com\/et\/#website\",\"url\":\"https:\/\/ingvarvillido.com\/et\/\",\"name\":\"Ingvar Villido\",\"description\":\"Teacher, Researcher, Author, Yogi\",\"publisher\":{\"@id\":\"https:\/\/ingvarvillido.com\/et\/#organization\"},\"potentialAction\":[{\"@type\":\"SearchAction\",\"target\":{\"@type\":\"EntryPoint\",\"urlTemplate\":\"https:\/\/ingvarvillido.com\/et\/?s={search_term_string}\"},\"query-input\":\"required name=search_term_string\"}],\"inLanguage\":\"et\"},{\"@type\":\"Organization\",\"@id\":\"https:\/\/ingvarvillido.com\/et\/#organization\",\"name\":\"Ingvar Villido\",\"url\":\"https:\/\/ingvarvillido.com\/et\/\",\"logo\":{\"@type\":\"ImageObject\",\"inLanguage\":\"et\",\"@id\":\"https:\/\/ingvarvillido.com\/et\/#\/schema\/logo\/image\/\",\"url\":\"\",\"contentUrl\":\"\",\"caption\":\"Ingvar Villido\"},\"image\":{\"@id\":\"https:\/\/ingvarvillido.com\/et\/#\/schema\/logo\/image\/\"}}]}<\/script>\n<!-- \/ Yoast SEO plugin. -->","yoast_head_json":{"title":"Visioon ja Missioon - Ingvar Villido","robots":{"index":"index","follow":"follow","max-snippet":"max-snippet:-1","max-image-preview":"max-image-preview:large","max-video-preview":"max-video-preview:-1"},"canonical":"https:\/\/ingvarvillido.com\/et\/visioon-ja-missioon\/","og_locale":"et_EE","og_type":"article","og_title":"Visioon ja Missioon - Ingvar Villido","og_url":"https:\/\/ingvarvillido.com\/et\/visioon-ja-missioon\/","og_site_name":"Ingvar Villido","article_modified_time":"2022-11-03T14:26:23+00:00","og_image":[{"width":2560,"height":1081,"url":"https:\/\/ingvarvillido.com\/wp-content\/uploads\/2022\/03\/ingvarvillido.com-vision-mission-scaled-e1646688245317.jpg","type":"image\/jpeg"}],"twitter_card":"summary_large_image","twitter_misc":{"Est. reading time":"4 minutit"},"schema":{"@context":"https:\/\/schema.org","@graph":[{"@type":"WebPage","@id":"https:\/\/ingvarvillido.com\/et\/visioon-ja-missioon\/","url":"https:\/\/ingvarvillido.com\/et\/visioon-ja-missioon\/","name":"Visioon ja Missioon - Ingvar Villido","isPartOf":{"@id":"https:\/\/ingvarvillido.com\/et\/#website"},"datePublished":"2022-02-25T04:43:53+00:00","dateModified":"2022-11-03T14:26:23+00:00","breadcrumb":{"@id":"https:\/\/ingvarvillido.com\/et\/visioon-ja-missioon\/#breadcrumb"},"inLanguage":"et","potentialAction":[{"@type":"ReadAction","target":["https:\/\/ingvarvillido.com\/et\/visioon-ja-missioon\/"]}]},{"@type":"BreadcrumbList","@id":"https:\/\/ingvarvillido.com\/et\/visioon-ja-missioon\/#breadcrumb","itemListElement":[{"@type":"ListItem","position":1,"name":"Home","item":"https:\/\/ingvarvillido.com\/et\/"},{"@type":"ListItem","position":2,"name":"Visioon ja Missioon"}]},{"@type":"WebSite","@id":"https:\/\/ingvarvillido.com\/et\/#website","url":"https:\/\/ingvarvillido.com\/et\/","name":"Ingvar Villido","description":"Teacher, Researcher, Author, Yogi","publisher":{"@id":"https:\/\/ingvarvillido.com\/et\/#organization"},"potentialAction":[{"@type":"SearchAction","target":{"@type":"EntryPoint","urlTemplate":"https:\/\/ingvarvillido.com\/et\/?s={search_term_string}"},"query-input":"required name=search_term_string"}],"inLanguage":"et"},{"@type":"Organization","@id":"https:\/\/ingvarvillido.com\/et\/#organization","name":"Ingvar Villido","url":"https:\/\/ingvarvillido.com\/et\/","logo":{"@type":"ImageObject","inLanguage":"et","@id":"https:\/\/ingvarvillido.com\/et\/#\/schema\/logo\/image\/","url":"","contentUrl":"","caption":"Ingvar Villido"},"image":{"@id":"https:\/\/ingvarvillido.com\/et\/#\/schema\/logo\/image\/"}}]}},"_links":{"self":[{"href":"https:\/\/ingvarvillido.com\/et\/wp-json\/wp\/v2\/pages\/13076","targetHints":{"allow":["GET"]}}],"collection":[{"href":"https:\/\/ingvarvillido.com\/et\/wp-json\/wp\/v2\/pages"}],"about":[{"href":"https:\/\/ingvarvillido.com\/et\/wp-json\/wp\/v2\/types\/page"}],"author":[{"embeddable":true,"href":"https:\/\/ingvarvillido.com\/et\/wp-json\/wp\/v2\/users\/7"}],"replies":[{"embeddable":true,"href":"https:\/\/ingvarvillido.com\/et\/wp-json\/wp\/v2\/comments?post=13076"}],"version-history":[{"count":8,"href":"https:\/\/ingvarvillido.com\/et\/wp-json\/wp\/v2\/pages\/13076\/revisions"}],"predecessor-version":[{"id":13352,"href":"https:\/\/ingvarvillido.com\/et\/wp-json\/wp\/v2\/pages\/13076\/revisions\/13352"}],"wp:featuredmedia":[{"embeddable":true,"href":"https:\/\/ingvarvillido.com\/et\/wp-json\/wp\/v2\/media\/12586"}],"wp:attachment":[{"href":"https:\/\/ingvarvillido.com\/et\/wp-json\/wp\/v2\/media?parent=13076"}],"curies":[{"name":"wp","href":"https:\/\/api.w.org\/{rel}","templated":true}]}}