{"id":13072,"date":"2022-02-25T06:47:48","date_gmt":"2022-02-25T04:47:48","guid":{"rendered":"https:\/\/ingvarvillido.com\/?page_id=13072"},"modified":"2024-05-23T18:13:47","modified_gmt":"2024-05-23T15:13:47","slug":"ingvar-villido","status":"publish","type":"page","link":"https:\/\/ingvarvillido.com\/et\/ingvar-villido\/","title":{"rendered":"Ingvar Villido"},"content":{"rendered":"<p><div class=\"fusion-fullwidth fullwidth-box fusion-builder-row-1 fusion-flex-container hundred-percent-fullwidth non-hundred-percent-height-scrolling\" style=\"--awb-border-radius-top-left:0px;--awb-border-radius-top-right:0px;--awb-border-radius-bottom-right:0px;--awb-border-radius-bottom-left:0px;--awb-margin-bottom:60px;\" ><div class=\"fusion-builder-row fusion-row fusion-flex-align-items-center fusion-flex-justify-content-center\" style=\"width:104% !important;max-width:104% !important;margin-left: calc(-4% \/ 2 );margin-right: calc(-4% \/ 2 );\"><div class=\"fusion-layout-column fusion_builder_column fusion-builder-column-0 fusion_builder_column_3_5 3_5 fusion-flex-column fusion-flex-align-self-center\" style=\"--awb-bg-size:cover;--awb-width-large:60%;--awb-margin-top-large:20px;--awb-spacing-right-large:3.2%;--awb-margin-bottom-large:20px;--awb-spacing-left-large:3.2%;--awb-width-medium:100%;--awb-order-medium:0;--awb-spacing-right-medium:1.92%;--awb-spacing-left-medium:1.92%;--awb-width-small:100%;--awb-order-small:0;--awb-spacing-right-small:1.92%;--awb-spacing-left-small:1.92%;\"><div class=\"fusion-column-wrapper fusion-column-has-shadow fusion-flex-justify-content-flex-start fusion-content-layout-column\"><div class=\"fusion-text fusion-text-1\" style=\"--awb-text-transform:none;\"><h1 class=\"fusion-responsive-typography-calculated\" style=\"font-family: 'Nunito Sans'; font-weight: 200; --fontsize: 62; line-height: 1; text-align: justify;\" data-fusion-font=\"true\" data-fusion-google-font=\"Nunito Sans\" data-fusion-google-variant=\"200\" data-fontsize=\"62\" data-lineheight=\"62px\"><\/h1>\n<p style=\"text-align: justify;\">Ingvar Villido on s\u00fcndinud Eestis, kus elab ka t\u00e4na. Ta on v\u00e4lja t\u00f6\u00f6tanud vaimsed tehnoloogiad, mis on efektiivsed, t\u00e4psed ja mida on lihtne kasutada.<\/p>\n<p style=\"text-align: justify;\">Ingvar on \u00fcles kasvanud Tartus. Vanematekodust p\u00e4rinevad nii tema respekt \u00a0looduse vastu kui ka tehniline ja eksperimentaalne m\u00f5ttelaad. Aastatel 1980-1990 tegeles ta vaimsete ja joogalike praktikatega nii kodu- kui v\u00e4lismaal. Ingvar on saanud v\u00e4lja\u00f5pet ning p\u00fchendusi v\u00f5itluskunstides, akupunktuuris, rad\u017ea, buddhi ja agni joogas, Osho \u00f5petustes, budismis, dzogchenis, \u0161amanismis jt. Siiski ei leidnud ta oma k\u00fcsimustele l\u00f5plikke vastuseid ja uuris iidseid teadmisi edasi omal k\u00e4el.<\/p>\n<p style=\"text-align: justify;\">1992-1993 alustas Ingvar rad\u017ea ja buddhi jooga \u00f5petamist ning pani aluse Rae vallas Aruvalla k\u00fclas asuvale Lilleoru keskusele. Lilleoru on teadvuse sihip\u00e4rase rakendamise \u00f5ppe keskus, kus paikneb ka teadaolevalt suurim maastikusse ehitatud Elulille geomeetrilist mustrit j\u00e4rgiv p\u00fchapaik. Soovides inimese arengu jaoks v\u00e4lja arendada praktilist ning terviklikku \u00f5ppes\u00fcsteemi, on Ingvar eksperimenteerinud paljude erinevate meetoditega.<\/p>\n<p style=\"text-align: justify;\">2002. aastast kuulub Lilleoru aa\u0161ram Haidhakhani Babaji aa\u0161ramite hulka. Ishwarananda aa\u0161ramis (sanskritikeelse nimega <em>Sat Cit Agastishwarar Gurukulam)<\/em> j\u00e4rgitakse muuhulgas veedalikke praktikaid, viiakse l\u00e4bi regulaarseid tuletsermeooniaid (havanid, aaratid), tehakse karma joogat jms.<\/p>\n<p style=\"text-align: justify;\">S\u00fcvenemine inimolemuse saladustesse on viinud Ingvari unikaalse arusaamani inimlikest potentsiaalidest, mis teeb v\u00f5imalikuks kiirete muutuste saavutamise. Ta jagab oma teadmisi \u00f5pilastega, kes on seda d\u00fcnaamilist l\u00e4henemist hakanud nimetama \u201cIshwarananda joogaks\u201d.<\/p>\n<p style=\"text-align: justify;\">Tehniline l\u00e4henemine inimolemuse keerukusele on viinud teda esinema ka rahvusvahelistele ps\u00fchholoogia- ja teadvuseteemalistele konverentsidele. Ingvar on pidanud loenguid inimese arengutee kohta paljudes paikades \u00fcle maailma. Tema loengutel v\u00f5i kursustel on k\u00e4inud enam kui 30 000 inimest. Ingvar on esinenud televisioonis ja raadios nii Eestis, Venemaal kui Luksemburgis.<\/p>\n<p style=\"text-align: justify;\">2013. aastast toetab Ingvar koos oma \u00f5pilastega siddhade elupaika rajatud \u00f5ppe- ja k\u00fclastuskeskust Tamil Nadu osariigis Indias. Tema tamili \u00f5pilased on asutanud sealsetesse p\u00fchadesse Kolli m\u00e4gedesse siddhameditsiini keskuse ja ehitavad sinna <em>Sat Cit Ishwara Ananda<\/em> templit koos majutuskeskusega. Keskuse taga voolava j\u00f5e \u00e4\u00e4rde on p\u00fcstitatud <em>Jambulingeeshwara<\/em>-nimeline Shiva energiat kandev tempel.<\/p>\n<p style=\"text-align: justify;\">2018. aasta m\u00e4rtsis ilmus Ingvarilt raamat \u201cEmotsioonid. Inimkonna suurim s\u00f5ltuvus\u201d, millest sai \u00fcle\u00f6\u00f6 bestseller ning mis p\u00e4lvis ka aasta parima k\u00e4siraamatu tiitli. Samal aastal esitles tema raamat \u201cTurning Point\u201d (\u201cP\u00f6\u00f6rdepunkt\u201d) teadvuse sihip\u00e4rast kasutuselev\u00f5ttu kui uut paradigmat inimarengu jaoks. Raamatus \u201cTeadliku Muutuse Lood\u201d jagasid inimesed s\u00fcgavaid muutusi, mida nad on Ingvari \u00f5petust kasutades oma elus l\u00e4bi viinud. Tema sulest ilmus ka peat\u00fckk kogumikus <em>Personal Sustainability: Exploring the Far Side of Sustainable Development<\/em>(Routledge, 2019), milles ta r\u00e4\u00e4gib teadvuse sihtotstarbelisel kasutamisel p\u00f5hinevast isiklikust j\u00e4tkusuutlikkusest.<\/p>\n<p style=\"text-align: justify;\">2018. aasta suvel sai Lilleorus valmis rahvusvahelise \u00f5ppe- ja kompetentsikeskuse hoone. Practical Consciousness kool on esimene keskus maailmas, mis pakub teadlikkuse sihip\u00e4rase rakendamise-alast haridust. Kooli koduks on Euroopa suurim roopakkhoone, mis ehitati viie aasta jooksul sadade vabatahtlike abiga (kokku ligi 40 000 tundi vabatahtlikku t\u00f6\u00f6d). 2021 asutas Ingvar Practical Consciousness sihtasutuse, mis on rajamas Practical Consciousness koolide v\u00f5rgustikku \u00fcle maailma, et muuta teadvuse praktiline kasutamine k\u00e4ttesaadavaks kogu inimkonnale.<\/p>\n<p style=\"text-align: justify;\">2022. aasta aprillis ilmus temalt ingliskeelne raamat P<em>ractical Consciousness: Freeing Yourself from Emotional Addiction to Live a More Joyful Life,\u00a0<\/em>millest sai n\u00e4dalaga USA Amazoni enesearengu valdkonna bestseller. Selles raamatus selgitab Ingvar lihtsate s\u00f5nadega, kuidas l\u00f5petada emotsioonidest juhindumine oma elus ning v\u00f5tta ohjad enda k\u00e4tte. Raamatust leiab tehnikad, mis aitavad inimestel avardada oma valikuv\u00f5imalusi ning kiirendada isiklikku arengut. Ingvar on \u00f6elnud, et selle raamatu abil saab iga\u00fcks tuua oma tegevustesse rohkem inimesele omaseid kvaliteete ning vabaneda ebainimlikkusest, mis on suurim probleemide p\u00f5hjustaja t\u00e4nap\u00e4eva maailmas.<\/p>\n<p>2023. aastal ilmus ingliskeelse raamatu t\u00f5lge eesti keelde \u201eTeadvuse praktiline kasutamine: kuidas vabaneda emotsioonide kammitsaist ja nautida elamise r\u00f5\u00f5mu\u201c. Teos sai ilmudes lugejate lemmikuks ja oli suve enimm\u00fc\u00fcdud raamat. Valmimas on t\u00f5lked saksa, prantsuse, hispaania, vene ja soome keelde.<\/p>\n<\/div><\/div><\/div><\/div><\/div><div class=\"fusion-fullwidth fullwidth-box fusion-builder-row-2 fusion-flex-container nonhundred-percent-fullwidth non-hundred-percent-height-scrolling\" style=\"--awb-background-position:left top;--awb-border-sizes-top:0px;--awb-border-sizes-bottom:0px;--awb-border-sizes-left:0px;--awb-border-sizes-right:0px;--awb-border-radius-top-left:0px;--awb-border-radius-top-right:0px;--awb-border-radius-bottom-right:0px;--awb-border-radius-bottom-left:0px;--awb-padding-top:100px;--awb-padding-bottom:85px;--awb-background-color:var(--awb-color7);\" ><div class=\"fusion-builder-row fusion-row fusion-flex-align-items-stretch fusion-flex-justify-content-center\" style=\"max-width:1216.8px;margin-left: calc(-4% \/ 2 );margin-right: calc(-4% \/ 2 );\"><div class=\"fusion-layout-column fusion_builder_column fusion-builder-column-1 fusion_builder_column_2_3 2_3 fusion-flex-column fusion-flex-align-self-center\" style=\"--awb-bg-blend:overlay;--awb-bg-size:cover;--awb-width-large:66.666666666667%;--awb-margin-top-large:20px;--awb-spacing-right-large:2.88%;--awb-margin-bottom-large:10px;--awb-spacing-left-large:3.888%;--awb-width-medium:50%;--awb-spacing-right-medium:3.84%;--awb-spacing-left-medium:5.184%;--awb-width-small:100%;--awb-spacing-right-small:1.92%;--awb-spacing-left-small:1.92%;\"><div class=\"fusion-column-wrapper fusion-flex-justify-content-center fusion-content-layout-column\"><div style=\"text-align:center;\"><a class=\"fusion-button button-flat fusion-button-default-size button-default fusion-button-default button-1 fusion-button-default-span fusion-button-default-type\" target=\"_self\" href=\"https:\/\/ingvarvillido.com\/et\/minu-lugu\/\"><span class=\"fusion-button-text\">Minu lugu<\/span><\/a><\/div><\/div><\/div><\/div><\/div><\/p>\n","protected":false},"excerpt":{"rendered":"","protected":false},"author":7,"featured_media":12670,"parent":0,"menu_order":0,"comment_status":"closed","ping_status":"closed","template":"100-width.php","meta":{"footnotes":""},"class_list":["post-13072","page","type-page","status-publish","has-post-thumbnail","hentry"],"yoast_head":"<!-- This site is optimized with the Yoast SEO plugin v20.8 - https:\/\/yoast.com\/wordpress\/plugins\/seo\/ -->\n<title>Ingvar Villido - Ingvar Villido<\/title>\n<meta name=\"robots\" content=\"index, follow, max-snippet:-1, max-image-preview:large, max-video-preview:-1\" \/>\n<link rel=\"canonical\" href=\"https:\/\/ingvarvillido.com\/et\/ingvar-villido\/\" \/>\n<meta property=\"og:locale\" content=\"et_EE\" \/>\n<meta property=\"og:type\" content=\"article\" \/>\n<meta property=\"og:title\" content=\"Ingvar Villido - Ingvar Villido\" \/>\n<meta property=\"og:url\" content=\"https:\/\/ingvarvillido.com\/et\/ingvar-villido\/\" \/>\n<meta property=\"og:site_name\" content=\"Ingvar Villido\" \/>\n<meta property=\"article:modified_time\" content=\"2024-05-23T15:13:47+00:00\" \/>\n<meta property=\"og:image\" content=\"https:\/\/ingvarvillido.com\/wp-content\/uploads\/2022\/03\/ingvarvillido.com-ingvar-bio-scaled-e1647541825544.jpeg\" \/>\n\t<meta property=\"og:image:width\" content=\"2560\" \/>\n\t<meta property=\"og:image:height\" content=\"1081\" \/>\n\t<meta property=\"og:image:type\" content=\"image\/jpeg\" \/>\n<meta name=\"twitter:card\" content=\"summary_large_image\" \/>\n<meta name=\"twitter:label1\" content=\"Est. reading time\" \/>\n\t<meta name=\"twitter:data1\" content=\"4 minutit\" \/>\n<script type=\"application\/ld+json\" class=\"yoast-schema-graph\">{\"@context\":\"https:\/\/schema.org\",\"@graph\":[{\"@type\":\"WebPage\",\"@id\":\"https:\/\/ingvarvillido.com\/et\/ingvar-villido\/\",\"url\":\"https:\/\/ingvarvillido.com\/et\/ingvar-villido\/\",\"name\":\"Ingvar Villido - Ingvar Villido\",\"isPartOf\":{\"@id\":\"https:\/\/ingvarvillido.com\/et\/#website\"},\"datePublished\":\"2022-02-25T04:47:48+00:00\",\"dateModified\":\"2024-05-23T15:13:47+00:00\",\"breadcrumb\":{\"@id\":\"https:\/\/ingvarvillido.com\/et\/ingvar-villido\/#breadcrumb\"},\"inLanguage\":\"et\",\"potentialAction\":[{\"@type\":\"ReadAction\",\"target\":[\"https:\/\/ingvarvillido.com\/et\/ingvar-villido\/\"]}]},{\"@type\":\"BreadcrumbList\",\"@id\":\"https:\/\/ingvarvillido.com\/et\/ingvar-villido\/#breadcrumb\",\"itemListElement\":[{\"@type\":\"ListItem\",\"position\":1,\"name\":\"Home\",\"item\":\"https:\/\/ingvarvillido.com\/et\/\"},{\"@type\":\"ListItem\",\"position\":2,\"name\":\"Ingvar Villido\"}]},{\"@type\":\"WebSite\",\"@id\":\"https:\/\/ingvarvillido.com\/et\/#website\",\"url\":\"https:\/\/ingvarvillido.com\/et\/\",\"name\":\"Ingvar Villido\",\"description\":\"Teacher, Researcher, Author, Yogi\",\"publisher\":{\"@id\":\"https:\/\/ingvarvillido.com\/et\/#organization\"},\"potentialAction\":[{\"@type\":\"SearchAction\",\"target\":{\"@type\":\"EntryPoint\",\"urlTemplate\":\"https:\/\/ingvarvillido.com\/et\/?s={search_term_string}\"},\"query-input\":\"required name=search_term_string\"}],\"inLanguage\":\"et\"},{\"@type\":\"Organization\",\"@id\":\"https:\/\/ingvarvillido.com\/et\/#organization\",\"name\":\"Ingvar Villido\",\"url\":\"https:\/\/ingvarvillido.com\/et\/\",\"logo\":{\"@type\":\"ImageObject\",\"inLanguage\":\"et\",\"@id\":\"https:\/\/ingvarvillido.com\/et\/#\/schema\/logo\/image\/\",\"url\":\"\",\"contentUrl\":\"\",\"caption\":\"Ingvar Villido\"},\"image\":{\"@id\":\"https:\/\/ingvarvillido.com\/et\/#\/schema\/logo\/image\/\"}}]}<\/script>\n<!-- \/ Yoast SEO plugin. -->","yoast_head_json":{"title":"Ingvar Villido - Ingvar Villido","robots":{"index":"index","follow":"follow","max-snippet":"max-snippet:-1","max-image-preview":"max-image-preview:large","max-video-preview":"max-video-preview:-1"},"canonical":"https:\/\/ingvarvillido.com\/et\/ingvar-villido\/","og_locale":"et_EE","og_type":"article","og_title":"Ingvar Villido - Ingvar Villido","og_url":"https:\/\/ingvarvillido.com\/et\/ingvar-villido\/","og_site_name":"Ingvar Villido","article_modified_time":"2024-05-23T15:13:47+00:00","og_image":[{"width":2560,"height":1081,"url":"https:\/\/ingvarvillido.com\/wp-content\/uploads\/2022\/03\/ingvarvillido.com-ingvar-bio-scaled-e1647541825544.jpeg","type":"image\/jpeg"}],"twitter_card":"summary_large_image","twitter_misc":{"Est. reading time":"4 minutit"},"schema":{"@context":"https:\/\/schema.org","@graph":[{"@type":"WebPage","@id":"https:\/\/ingvarvillido.com\/et\/ingvar-villido\/","url":"https:\/\/ingvarvillido.com\/et\/ingvar-villido\/","name":"Ingvar Villido - Ingvar Villido","isPartOf":{"@id":"https:\/\/ingvarvillido.com\/et\/#website"},"datePublished":"2022-02-25T04:47:48+00:00","dateModified":"2024-05-23T15:13:47+00:00","breadcrumb":{"@id":"https:\/\/ingvarvillido.com\/et\/ingvar-villido\/#breadcrumb"},"inLanguage":"et","potentialAction":[{"@type":"ReadAction","target":["https:\/\/ingvarvillido.com\/et\/ingvar-villido\/"]}]},{"@type":"BreadcrumbList","@id":"https:\/\/ingvarvillido.com\/et\/ingvar-villido\/#breadcrumb","itemListElement":[{"@type":"ListItem","position":1,"name":"Home","item":"https:\/\/ingvarvillido.com\/et\/"},{"@type":"ListItem","position":2,"name":"Ingvar Villido"}]},{"@type":"WebSite","@id":"https:\/\/ingvarvillido.com\/et\/#website","url":"https:\/\/ingvarvillido.com\/et\/","name":"Ingvar Villido","description":"Teacher, Researcher, Author, Yogi","publisher":{"@id":"https:\/\/ingvarvillido.com\/et\/#organization"},"potentialAction":[{"@type":"SearchAction","target":{"@type":"EntryPoint","urlTemplate":"https:\/\/ingvarvillido.com\/et\/?s={search_term_string}"},"query-input":"required name=search_term_string"}],"inLanguage":"et"},{"@type":"Organization","@id":"https:\/\/ingvarvillido.com\/et\/#organization","name":"Ingvar Villido","url":"https:\/\/ingvarvillido.com\/et\/","logo":{"@type":"ImageObject","inLanguage":"et","@id":"https:\/\/ingvarvillido.com\/et\/#\/schema\/logo\/image\/","url":"","contentUrl":"","caption":"Ingvar Villido"},"image":{"@id":"https:\/\/ingvarvillido.com\/et\/#\/schema\/logo\/image\/"}}]}},"_links":{"self":[{"href":"https:\/\/ingvarvillido.com\/et\/wp-json\/wp\/v2\/pages\/13072","targetHints":{"allow":["GET"]}}],"collection":[{"href":"https:\/\/ingvarvillido.com\/et\/wp-json\/wp\/v2\/pages"}],"about":[{"href":"https:\/\/ingvarvillido.com\/et\/wp-json\/wp\/v2\/types\/page"}],"author":[{"embeddable":true,"href":"https:\/\/ingvarvillido.com\/et\/wp-json\/wp\/v2\/users\/7"}],"replies":[{"embeddable":true,"href":"https:\/\/ingvarvillido.com\/et\/wp-json\/wp\/v2\/comments?post=13072"}],"version-history":[{"count":15,"href":"https:\/\/ingvarvillido.com\/et\/wp-json\/wp\/v2\/pages\/13072\/revisions"}],"predecessor-version":[{"id":14328,"href":"https:\/\/ingvarvillido.com\/et\/wp-json\/wp\/v2\/pages\/13072\/revisions\/14328"}],"wp:featuredmedia":[{"embeddable":true,"href":"https:\/\/ingvarvillido.com\/et\/wp-json\/wp\/v2\/media\/12670"}],"wp:attachment":[{"href":"https:\/\/ingvarvillido.com\/et\/wp-json\/wp\/v2\/media?parent=13072"}],"curies":[{"name":"wp","href":"https:\/\/api.w.org\/{rel}","templated":true}]}}