{"id":13068,"date":"2022-02-25T06:50:22","date_gmt":"2022-02-25T04:50:22","guid":{"rendered":"https:\/\/ingvarvillido.com\/?page_id=13068"},"modified":"2024-11-30T21:55:56","modified_gmt":"2024-11-30T19:55:56","slug":"minu-lugu","status":"publish","type":"page","link":"https:\/\/ingvarvillido.com\/et\/minu-lugu\/","title":{"rendered":"Minu lugu"},"content":{"rendered":"<p><div class=\"fusion-fullwidth fullwidth-box fusion-builder-row-1 fusion-flex-container nonhundred-percent-fullwidth non-hundred-percent-height-scrolling\" style=\"--awb-border-radius-top-left:0px;--awb-border-radius-top-right:0px;--awb-border-radius-bottom-right:0px;--awb-border-radius-bottom-left:0px;\" ><div class=\"fusion-builder-row fusion-row fusion-flex-align-items-flex-start fusion-flex-justify-content-center\" style=\"max-width:1216.8px;margin-left: calc(-4% \/ 2 );margin-right: calc(-4% \/ 2 );\"><div class=\"fusion-layout-column fusion_builder_column fusion-builder-column-0 fusion_builder_column_3_5 3_5 fusion-flex-column fusion-flex-align-self-center\" style=\"--awb-bg-size:cover;--awb-width-large:60%;--awb-margin-top-large:20px;--awb-spacing-right-large:3.2%;--awb-margin-bottom-large:120px;--awb-spacing-left-large:3.2%;--awb-width-medium:100%;--awb-order-medium:0;--awb-spacing-right-medium:1.92%;--awb-spacing-left-medium:1.92%;--awb-width-small:100%;--awb-order-small:0;--awb-spacing-right-small:1.92%;--awb-spacing-left-small:1.92%;\"><div class=\"fusion-column-wrapper fusion-column-has-shadow fusion-flex-justify-content-flex-start fusion-content-layout-column\"><div class=\"fusion-text fusion-text-1\" style=\"--awb-content-alignment:center;--awb-text-transform:none;\"><h2 style=\"font-size: 48px; line-height: 54px; font-family: 'Nunito Sans'; font-weight: 200;\" data-fusion-font=\"true\" data-fusion-google-font=\"Nunito Sans\" data-fusion-google-variant=\"200\">Minu Lugu<\/h2>\n<\/div><div class=\"fusion-separator\" style=\"align-self: center;margin-left: auto;margin-right: auto;margin-top:10px;margin-bottom:40px;width:100%;max-width:150px;\"><div class=\"fusion-separator-border sep-single sep-solid\" style=\"--awb-height:20px;--awb-amount:20px;border-color:var(--awb-color5);border-top-width:1px;\"><\/div><\/div><div class=\"fusion-text fusion-text-2\" style=\"--awb-text-transform:none;\"><h2 class=\"fusion-responsive-typography-calculated\" style=\"font-family: 'Nunito Sans'; font-weight: 200; --fontsize: 48; line-height: 1.4; text-align: justify;\" data-fusion-font=\"true\" data-fusion-google-font=\"Nunito Sans\" data-fusion-google-variant=\"200\" data-fontsize=\"48\" data-lineheight=\"67.2px\"><\/h2>\n<p style=\"text-align: justify;\">Mis siis on minu elus muutunud? K\u00f5ik. Leidsin selle, mida iga\u00fcks elus otsib ja aitan ka teistel selleni j\u00f5uda. See on olnud minu tee.<\/p>\n<p style=\"text-align: justify;\">K\u00f5igepealt olin otsija nagu k\u00f5ik teised, otsisin vastuseid. Avastasin oma teadveoleku, seej\u00e4rel muutsin selle p\u00fcsivaks. Otsisin taipamiste allikat ning samastusin sellega. Aastatepikkune praktiseerimine viis enda t\u00f5elise olemuse realiseerimiseni ning j\u00e4tkasin Tegeliku Minana. Olles leidnud vastused elu k\u00fcsimustele, kadusid piirid ning n\u00fc\u00fcd olen samane Sellega-Mis-On.<\/p>\n<p style=\"text-align: justify;\">Olin juba varasest lapsep\u00f5lvest peale uuriva loomuga ning oma vanaisalt olin p\u00e4rinud insenertehnilised kalduvused. Mind huvitas n\u00e4iteks, kuidas kasvavad puud ja muud taimed ning kuidas asjad \u00fcle\u00fcldse sisemiselt t\u00f6\u00f6tavad. Mul oli palju k\u00fcsimusi nagu \u201cKes ma olen?\u201d ja \u201cMida ma siin teen?\u201d. Vajasin vastuseid ning oluliseks muutus sisemise muutuse l\u00e4bimine. Hakkasin inimeseks olemist s\u00fcgavuti uurima.<\/p>\n<p style=\"text-align: justify;\">Seitsmeaastaselt leidsin \u00fchest n\u00f5ukogude ajakirjast <em>pranayama<\/em> e joogaliku hingamistehnika kirjelduse ning hakkasin selle p\u00f5hjal harjutama. Selle abil j\u00f5udsin seisundisse, mis on \u00fcle tavap\u00e4rase teadvuse seisundi ning mille kohta sain hiljem teada, et see on <em>turiya<\/em> seisund. 1981. aastal n\u00f5ukogude armees aega teenides kohtusin oma esimese \u00f5petajaga ja hakkasin intensiivselt praktiseerima. Kohtusin paljude vaimsete \u00f5petajatega ning harjutasin erinevatest traditsioonidest p\u00e4rinevaid tehnikaid. Sain p\u00fchendusi dzogcheni meister Namkhai Norbult, Chetsang Kyabgon Rinpochelt, kes on Drigung Kagyu liini pealaama ning budistlikelt \u00f5petajatelt Chime Rigdzin Rinpochelt ja Drubwang Rinpochelt. Kuid ma ei saanud ammendavaid vastuseid oma k\u00fcsimustele.<\/p>\n<p style=\"text-align: justify;\">1992. aastal hakkasin \u00f5petama joogat ning 1993. aastal asutasime \u00f5pilastega Lilleoru keskuse. Katsetasime \u00f5pilastega erinevaid l\u00e4henemisi, sealhulgas n\u00e4iteks s\u00fcdame avamist, m\u00fcstilisi kogemusi jms. Need eksperimendid olid v\u00f5imsad ning avastuslikud, kuid ei toonud kaasa s\u00fcgavamat muutust igap\u00e4evaelu tasandil. Kaevusin s\u00fcgavamale, et avastada, mis seda takistab. Nii avastasin, kuidas alateadvuslikud protsessid meie elu juhivad.<\/p>\n<p style=\"text-align: justify;\">1993. aastal t\u00f5i \u00fcks s\u00f5ber mulle M. Govindan Satchidananda raamatu <em>Babaji ja 18 siddha kriya jooga traditsioon<\/em>. See sisaldas viielauselist kirjeldust joogalikust viie keha s\u00fcsteemist. Olin ka varem viie keha s\u00fcsteemist kuulnud, kuid neid ridu lugedes nihkusid mu teadmised ja kogemused paika. M\u00f5istsin, mis on nende teadmiste p\u00e4ritolu. V\u00f5tsin raamatu autoriga kontakti ja kutsusin ta Eestisse Babaji kriya joogat \u00f5petama.<\/p>\n<p style=\"text-align: justify;\">Lisaks olemasolevatele v\u00e4epaikadele ehitasime Lilleorgu valge templi, kus k\u00fclastajad v\u00f5ivad kogeda vaikuse olemust. 2002. aastal p\u00fchendas Shri Muniraj, Haidhakani Babaji aa\u0161ramite tolleaegne juht mind veedalikku traditsiooni. Sellest ajast peale oleme Lilleorus l\u00e4bi viinud veedalikke tuletseremooniaid, mis tugevdavad sidemeid loodusj\u00f5ududega.<\/p>\n<p>2004. aastal p\u00fchendas <em>acharya <\/em>Durga D. Ahlund mind Babaji kriya joogasse, mis p\u00f5hineb 18 tamili siddha \u00f5petusliinil. \u00dchel hilisemal k\u00fclask\u00e4igul kutsus M. Govindan Satchidananda mind \u00f5petama kriya joogat ning 2007. aastal sai minust <em>acharya <\/em>ehk meister\u00f5petaja, vaimse nimega Ishwarananda.<\/p>\n<p style=\"text-align: justify;\">Olen oma teel praktiseerinud paljusid \u00f5petusi, kuid \u00fckski neist pole olnud t\u00e4ielik ega sisaldanud vastuseid k\u00f5ikidele minu k\u00fcsimustele. <em>Siddha<\/em> jooga muutis k\u00f5ik mu varasemad teadmised ja kogemused \u00fchtseks tervikuks. T\u00e4na \u00f5petan <em>siddha<\/em> jooga \u00f5petust, tuginedes siddhade t\u00e4psetele teadmistele ja praktikatele, keskendudes eelk\u00f5ige mahasiddha Agathiyari \u00f5petusele ja Patanjali joogasuutratele.<\/p>\n<p style=\"text-align: justify;\">\u00dcha enam inimesi j\u00f5udis Lilleorgu, et \u00f5ppida tegema teadlikku koost\u00f6\u00f6d ning harjutada teadvelolekut oma igap\u00e4evaelus. Ehitasime Elulillele v\u00e4limised kroonlehed ning istutasime sinna ravimtaimed. P\u00fchitsesin sisse kriya jantra ja Kali v\u00e4rava peasissep\u00e4\u00e4su juures.\u00a0 Tegime algust Lilleoru avatud uste p\u00e4evadega ning meid on aastate jooksul k\u00fclastanud hulk silmapaistvaid vaimseid \u00f5petajaid kogu maailmast.<\/p>\n<p style=\"text-align: justify;\">Leidsin, et peamine komistuskivi inimese muutumise teel on sisemine autopiloot ehk alateadlikud programmid. Uurisin aastaid, kuidas inimesed saaksid autopiloodi v\u00e4lja l\u00fclitada. Alustasin Practical Consciousness (varasema nimega Teadliku Muutuse Kunsti) kursustega 2008. aastal aitamaks inimestel \u00fcletada emotsionaalseid ja mentaalseid takistusi, et nad saaksid elada k\u00e4esolevas hetkes ning olla rohkem teadvel.<\/p>\n<p style=\"text-align: justify;\">2010. aastast alates on mind kutsutud Practical Consciousness meetodit \u00f5petama ka teistesse riikidesse. Peale k\u00fcmmet aastat koolitasin v\u00e4lja esimese lennu Practical Consciousness \u00f5petajaid. 2021. aastal said tunnistuse ligi 40 \u00f5petajat Eestist, Ameerika \u00dchendriikidest, Saksamaalt, Soomest, Taanist, Venemaalt, Iirimaalt ja P\u00f5hja-Makedooniast. Lisaks Lilleoru \u00f5ppekeskusele oleme 2022. aasta esimeses pooles asutanud Practical Consciousness koolid nii San Fransiscosse USAs Californias kui ka Iirimaale ja Saksamaale. L\u00e4hemas tulevikus oleme rajamas koole Taani, Soome ja P\u00f5hja-Makedooniasse.<\/p>\n<\/div><\/div><\/div><\/div><\/div><div class=\"fusion-fullwidth fullwidth-box fusion-builder-row-2 fusion-flex-container nonhundred-percent-fullwidth non-hundred-percent-height-scrolling\" style=\"--awb-background-position:left top;--awb-border-sizes-top:0px;--awb-border-sizes-bottom:0px;--awb-border-sizes-left:0px;--awb-border-sizes-right:0px;--awb-border-radius-top-left:0px;--awb-border-radius-top-right:0px;--awb-border-radius-bottom-right:0px;--awb-border-radius-bottom-left:0px;--awb-padding-top:100px;--awb-padding-bottom:85px;--awb-background-color:var(--awb-color7);\" ><div class=\"fusion-builder-row fusion-row fusion-flex-align-items-stretch fusion-flex-justify-content-center\" style=\"max-width:1216.8px;margin-left: calc(-4% \/ 2 );margin-right: calc(-4% \/ 2 );\"><div class=\"fusion-layout-column fusion_builder_column fusion-builder-column-1 fusion_builder_column_2_3 2_3 fusion-flex-column fusion-flex-align-self-center\" style=\"--awb-bg-blend:overlay;--awb-bg-size:cover;--awb-width-large:66.666666666667%;--awb-margin-top-large:20px;--awb-spacing-right-large:2.88%;--awb-margin-bottom-large:10px;--awb-spacing-left-large:3.888%;--awb-width-medium:50%;--awb-spacing-right-medium:3.84%;--awb-spacing-left-medium:5.184%;--awb-width-small:100%;--awb-spacing-right-small:1.92%;--awb-spacing-left-small:1.92%;\"><div class=\"fusion-column-wrapper fusion-flex-justify-content-center fusion-content-layout-column\"><div style=\"text-align:center;\"><a class=\"fusion-button button-flat fusion-button-default-size button-default fusion-button-default button-1 fusion-button-default-span fusion-button-default-type\" target=\"_self\" href=\"https:\/\/ingvarvillido.com\/et\/visioon-ja-missioon\/\"><span class=\"fusion-button-text\">Visioon<\/span><\/a><\/div><\/div><\/div><\/div><\/div><\/p>\n","protected":false},"excerpt":{"rendered":"","protected":false},"author":7,"featured_media":12676,"parent":0,"menu_order":0,"comment_status":"closed","ping_status":"closed","template":"100-width.php","meta":{"footnotes":""},"class_list":["post-13068","page","type-page","status-publish","has-post-thumbnail","hentry"],"yoast_head":"<!-- This site is optimized with the Yoast SEO plugin v20.8 - https:\/\/yoast.com\/wordpress\/plugins\/seo\/ -->\n<title>Minu lugu - Ingvar Villido<\/title>\n<meta name=\"robots\" content=\"index, follow, max-snippet:-1, max-image-preview:large, max-video-preview:-1\" \/>\n<link rel=\"canonical\" href=\"https:\/\/ingvarvillido.com\/et\/minu-lugu\/\" \/>\n<meta property=\"og:locale\" content=\"et_EE\" \/>\n<meta property=\"og:type\" content=\"article\" \/>\n<meta property=\"og:title\" content=\"Minu lugu - Ingvar Villido\" \/>\n<meta property=\"og:url\" content=\"https:\/\/ingvarvillido.com\/et\/minu-lugu\/\" \/>\n<meta property=\"og:site_name\" content=\"Ingvar Villido\" \/>\n<meta property=\"article:modified_time\" content=\"2024-11-30T19:55:56+00:00\" \/>\n<meta property=\"og:image\" content=\"https:\/\/ingvarvillido.com\/wp-content\/uploads\/2022\/03\/ingvarvillido.com-my-story-scaled-e1647544470764.jpg\" \/>\n\t<meta property=\"og:image:width\" content=\"2560\" \/>\n\t<meta property=\"og:image:height\" content=\"1081\" \/>\n\t<meta property=\"og:image:type\" content=\"image\/jpeg\" \/>\n<meta name=\"twitter:card\" content=\"summary_large_image\" \/>\n<meta name=\"twitter:label1\" content=\"Est. reading time\" \/>\n\t<meta name=\"twitter:data1\" content=\"4 minutit\" \/>\n<script type=\"application\/ld+json\" class=\"yoast-schema-graph\">{\"@context\":\"https:\/\/schema.org\",\"@graph\":[{\"@type\":\"WebPage\",\"@id\":\"https:\/\/ingvarvillido.com\/et\/minu-lugu\/\",\"url\":\"https:\/\/ingvarvillido.com\/et\/minu-lugu\/\",\"name\":\"Minu lugu - Ingvar Villido\",\"isPartOf\":{\"@id\":\"https:\/\/ingvarvillido.com\/et\/#website\"},\"datePublished\":\"2022-02-25T04:50:22+00:00\",\"dateModified\":\"2024-11-30T19:55:56+00:00\",\"breadcrumb\":{\"@id\":\"https:\/\/ingvarvillido.com\/et\/minu-lugu\/#breadcrumb\"},\"inLanguage\":\"et\",\"potentialAction\":[{\"@type\":\"ReadAction\",\"target\":[\"https:\/\/ingvarvillido.com\/et\/minu-lugu\/\"]}]},{\"@type\":\"BreadcrumbList\",\"@id\":\"https:\/\/ingvarvillido.com\/et\/minu-lugu\/#breadcrumb\",\"itemListElement\":[{\"@type\":\"ListItem\",\"position\":1,\"name\":\"Home\",\"item\":\"https:\/\/ingvarvillido.com\/et\/\"},{\"@type\":\"ListItem\",\"position\":2,\"name\":\"Minu lugu\"}]},{\"@type\":\"WebSite\",\"@id\":\"https:\/\/ingvarvillido.com\/et\/#website\",\"url\":\"https:\/\/ingvarvillido.com\/et\/\",\"name\":\"Ingvar Villido\",\"description\":\"Teacher, Researcher, Author, Yogi\",\"publisher\":{\"@id\":\"https:\/\/ingvarvillido.com\/et\/#organization\"},\"potentialAction\":[{\"@type\":\"SearchAction\",\"target\":{\"@type\":\"EntryPoint\",\"urlTemplate\":\"https:\/\/ingvarvillido.com\/et\/?s={search_term_string}\"},\"query-input\":\"required name=search_term_string\"}],\"inLanguage\":\"et\"},{\"@type\":\"Organization\",\"@id\":\"https:\/\/ingvarvillido.com\/et\/#organization\",\"name\":\"Ingvar Villido\",\"url\":\"https:\/\/ingvarvillido.com\/et\/\",\"logo\":{\"@type\":\"ImageObject\",\"inLanguage\":\"et\",\"@id\":\"https:\/\/ingvarvillido.com\/et\/#\/schema\/logo\/image\/\",\"url\":\"\",\"contentUrl\":\"\",\"caption\":\"Ingvar Villido\"},\"image\":{\"@id\":\"https:\/\/ingvarvillido.com\/et\/#\/schema\/logo\/image\/\"}}]}<\/script>\n<!-- \/ Yoast SEO plugin. -->","yoast_head_json":{"title":"Minu lugu - Ingvar Villido","robots":{"index":"index","follow":"follow","max-snippet":"max-snippet:-1","max-image-preview":"max-image-preview:large","max-video-preview":"max-video-preview:-1"},"canonical":"https:\/\/ingvarvillido.com\/et\/minu-lugu\/","og_locale":"et_EE","og_type":"article","og_title":"Minu lugu - Ingvar Villido","og_url":"https:\/\/ingvarvillido.com\/et\/minu-lugu\/","og_site_name":"Ingvar Villido","article_modified_time":"2024-11-30T19:55:56+00:00","og_image":[{"width":2560,"height":1081,"url":"https:\/\/ingvarvillido.com\/wp-content\/uploads\/2022\/03\/ingvarvillido.com-my-story-scaled-e1647544470764.jpg","type":"image\/jpeg"}],"twitter_card":"summary_large_image","twitter_misc":{"Est. reading time":"4 minutit"},"schema":{"@context":"https:\/\/schema.org","@graph":[{"@type":"WebPage","@id":"https:\/\/ingvarvillido.com\/et\/minu-lugu\/","url":"https:\/\/ingvarvillido.com\/et\/minu-lugu\/","name":"Minu lugu - Ingvar Villido","isPartOf":{"@id":"https:\/\/ingvarvillido.com\/et\/#website"},"datePublished":"2022-02-25T04:50:22+00:00","dateModified":"2024-11-30T19:55:56+00:00","breadcrumb":{"@id":"https:\/\/ingvarvillido.com\/et\/minu-lugu\/#breadcrumb"},"inLanguage":"et","potentialAction":[{"@type":"ReadAction","target":["https:\/\/ingvarvillido.com\/et\/minu-lugu\/"]}]},{"@type":"BreadcrumbList","@id":"https:\/\/ingvarvillido.com\/et\/minu-lugu\/#breadcrumb","itemListElement":[{"@type":"ListItem","position":1,"name":"Home","item":"https:\/\/ingvarvillido.com\/et\/"},{"@type":"ListItem","position":2,"name":"Minu lugu"}]},{"@type":"WebSite","@id":"https:\/\/ingvarvillido.com\/et\/#website","url":"https:\/\/ingvarvillido.com\/et\/","name":"Ingvar Villido","description":"Teacher, Researcher, Author, Yogi","publisher":{"@id":"https:\/\/ingvarvillido.com\/et\/#organization"},"potentialAction":[{"@type":"SearchAction","target":{"@type":"EntryPoint","urlTemplate":"https:\/\/ingvarvillido.com\/et\/?s={search_term_string}"},"query-input":"required name=search_term_string"}],"inLanguage":"et"},{"@type":"Organization","@id":"https:\/\/ingvarvillido.com\/et\/#organization","name":"Ingvar Villido","url":"https:\/\/ingvarvillido.com\/et\/","logo":{"@type":"ImageObject","inLanguage":"et","@id":"https:\/\/ingvarvillido.com\/et\/#\/schema\/logo\/image\/","url":"","contentUrl":"","caption":"Ingvar Villido"},"image":{"@id":"https:\/\/ingvarvillido.com\/et\/#\/schema\/logo\/image\/"}}]}},"_links":{"self":[{"href":"https:\/\/ingvarvillido.com\/et\/wp-json\/wp\/v2\/pages\/13068","targetHints":{"allow":["GET"]}}],"collection":[{"href":"https:\/\/ingvarvillido.com\/et\/wp-json\/wp\/v2\/pages"}],"about":[{"href":"https:\/\/ingvarvillido.com\/et\/wp-json\/wp\/v2\/types\/page"}],"author":[{"embeddable":true,"href":"https:\/\/ingvarvillido.com\/et\/wp-json\/wp\/v2\/users\/7"}],"replies":[{"embeddable":true,"href":"https:\/\/ingvarvillido.com\/et\/wp-json\/wp\/v2\/comments?post=13068"}],"version-history":[{"count":12,"href":"https:\/\/ingvarvillido.com\/et\/wp-json\/wp\/v2\/pages\/13068\/revisions"}],"predecessor-version":[{"id":14387,"href":"https:\/\/ingvarvillido.com\/et\/wp-json\/wp\/v2\/pages\/13068\/revisions\/14387"}],"wp:featuredmedia":[{"embeddable":true,"href":"https:\/\/ingvarvillido.com\/et\/wp-json\/wp\/v2\/media\/12676"}],"wp:attachment":[{"href":"https:\/\/ingvarvillido.com\/et\/wp-json\/wp\/v2\/media?parent=13068"}],"curies":[{"name":"wp","href":"https:\/\/api.w.org\/{rel}","templated":true}]}}