{"id":13052,"date":"2022-02-25T06:48:03","date_gmt":"2022-02-25T04:48:03","guid":{"rendered":"https:\/\/ingvarvillido.com\/ishwarananda-yoga\/"},"modified":"2024-11-30T21:47:07","modified_gmt":"2024-11-30T19:47:07","slug":"siddha-yoga","status":"publish","type":"page","link":"https:\/\/ingvarvillido.com\/et\/siddha-yoga\/","title":{"rendered":"Siddha jooga \u00f5petus"},"content":{"rendered":"<p><div class=\"fusion-fullwidth fullwidth-box fusion-builder-row-1 fusion-flex-container nonhundred-percent-fullwidth non-hundred-percent-height-scrolling\" style=\"--awb-border-radius-top-left:0px;--awb-border-radius-top-right:0px;--awb-border-radius-bottom-right:0px;--awb-border-radius-bottom-left:0px;--awb-padding-bottom:35px;\" ><div class=\"fusion-builder-row fusion-row fusion-flex-align-items-flex-start fusion-flex-justify-content-center\" style=\"max-width:1216.8px;margin-left: calc(-4% \/ 2 );margin-right: calc(-4% \/ 2 );\"><div class=\"fusion-layout-column fusion_builder_column fusion-builder-column-0 fusion_builder_column_3_5 3_5 fusion-flex-column\" style=\"--awb-bg-size:cover;--awb-width-large:60%;--awb-margin-top-large:20px;--awb-spacing-right-large:3.2%;--awb-margin-bottom-large:20px;--awb-spacing-left-large:3.2%;--awb-width-medium:100%;--awb-order-medium:0;--awb-spacing-right-medium:1.92%;--awb-spacing-left-medium:1.92%;--awb-width-small:100%;--awb-order-small:0;--awb-spacing-right-small:1.92%;--awb-spacing-left-small:1.92%;\"><div class=\"fusion-column-wrapper fusion-column-has-shadow fusion-flex-justify-content-flex-start fusion-content-layout-column\"><div class=\"fusion-title title fusion-title-1 fusion-title-center fusion-title-text fusion-title-size-two\" style=\"--awb-font-size:48px;\"><div class=\"title-sep-container title-sep-container-left\"><div class=\"title-sep sep- sep-solid\" style=\"border-color:var(--awb-color3);\"><\/div><\/div><span class=\"awb-title-spacer\"><\/span><h2 class=\"title-heading-center fusion-responsive-typography-calculated\" style=\"margin:0;font-size:1em;letter-spacing:0px;--fontSize:48;line-height:1.13;\"><em>Siddha<\/em> jooga \u00f5petus<\/h2><span class=\"awb-title-spacer\"><\/span><div class=\"title-sep-container title-sep-container-right\"><div class=\"title-sep sep- sep-solid\" style=\"border-color:var(--awb-color3);\"><\/div><\/div><\/div><div class=\"fusion-separator\" style=\"align-self: center;margin-left: auto;margin-right: auto;margin-top:10px;margin-bottom:40px;width:100%;max-width:150px;\"><div class=\"fusion-separator-border sep-single sep-solid\" style=\"--awb-height:20px;--awb-amount:20px;border-color:var(--awb-color5);border-top-width:1px;\"><\/div><\/div><div class=\"fusion-text fusion-text-1\"><p><strong>Teekond s\u00fcgava rahu, selguse ja t\u00e4iusliku heaoluni<\/strong><\/p>\n<p><strong><em>Siddha<\/em> jooga \u2013\u00a0<em>san\u0101tana dharma<\/em>\u00a0p\u00e4rl.<\/strong><\/p>\n<p><em>Siddha<\/em>\u00a0jooga juured ulatuvad tagasi tuhandete aastate taha, mil esimesed\u00a0<em>siddha<\/em>-joogid, tuntud kui inimv\u00f5imekuse realiseerinud joogameistrid ehk\u00a0<em>siddha<\/em>\u00b4d, saavutasid s\u00fcgavad teadmised inimese ja universumi olemusest.<\/p>\n<p><em>Siddha<\/em>\u00a0joogas \u00f5pime avastama enda t\u00f5elist olemust \u2013 ajatut, muutumatut rahu ja heaolu, et j\u00f5uda eneserealisatsioonini.\u00a0<em>Siddha<\/em>\u00b4d on t\u00f5estanud, et on v\u00f5imalik elada p\u00fcsivas teadlikkuses oma t\u00f5elisest minast. Selle saavutamise teekond on kirjeldatud\u00a0<em>siddha <\/em>Patanjali ja\u00a0<em>mahasiddha<\/em>\u00a0Agatthiyari \u201cSaumya Sagaram\u201d joogasuutrates.<\/p>\n<p><strong>Iidsed teadmised on t\u00e4nap\u00e4evases rakenduses joogameister Ishwarananda vahendusel<\/strong><\/p>\n<p>T\u00e4nap\u00e4eva joogameistrid, kes on p\u00fchendunud sarnasele s\u00fcgavale uurimisele ja avastanud samad t\u00f5ed praktiliselt, oskavad iidseid \u00f5petusi m\u00f5ista, rakendada ja teistele edasi anda. <a href=\"https:\/\/www.lilleoru.ee\/et\/\">Lilleorus, mis on <em>siddha<\/em> jooga \u00f5petuse keskus,<\/a> on\u00a0<em>siddha<\/em>\u00a0jooga \u00f5petaja Ingvar Villido Ishwarananda jaganud neid v\u00e4\u00e4rtuslikke teadmisi mituk\u00fcmmend aastat.<\/p>\n<p><em>Siddha<\/em> jooga Lilleorus h\u00f5lmab\u00a0<em>siddha<\/em>\u00a0Patanjali ja\u00a0<em>mahasiddha<\/em>\u00a0Agatthiyari \u201cSaumya Sagaram\u201d joogasuutrate\u00a0s\u00fcvitsi uurimist ja nende praktilist rakendust elus, Ishwarananda kommentaaride ja juhiste abil.<\/p>\n<p>Seda t\u00e4iendavad regulaarsed\u00a0<em>kriya hatha<\/em>\u00a0jooga tunnid f\u00fc\u00fcsiliste harjutuste, hingamistehnikate ja meditatsiooniga, mille eesm\u00e4rk on tasakaalustada keha talitlus ja energiad, avastada teadvelolek ning saavutada suurem sisemine rahu ja tasakaal.<\/p>\n<p><em>Siddha<\/em>\u00a0jooga retriidid ja p\u00fchendused Lilleorus\u00a0keskenduvad praktilistele tehnikatele, mis aitavad saavutada s\u00fcgavamat meditatiivset seisundit ja kiirendada vaimset arengut. Need h\u00f5lmavad pranayama (hingamistehnikaid), mantra meditatsiooni, mudra (k\u00e4te asendeid),\u00a0<em>siddha<\/em>\u00a0jooga tehnikaid, vaikset meditatsiooni ja\u00a0<em>satsang<\/em>i (vaimseid \u00f5petusi ja arutelusid).<\/p>\n<p><a href=\"https:\/\/www.lilleoru.ee\/et\/events\/tapase-retriit\/\">Regulaarsed retriidid ja joogaliku enesedistsipliini ehk\u00a0<em>tapas<\/em>\u2018e praktikad<\/a>\u00a0aitavad m\u00f5ista endaga toimuvat s\u00fcgavuti ja vabaneda sisemistest takistustest, et teekonnal edeneda.<\/p>\n<p><a href=\"https:\/\/www.lilleoru.ee\/et\/events\/practical-consciousness\/\"><em>Practical Consciousness<\/em>\u2019i meetod<\/a>, mis on\u00a0<em>siddha<\/em>\u00a0jooga ettevalmistav osa, aitab vabaneda rahututest m\u00f5tetest ja emotsionaalsetest pingetest. See \u00f5petab valima enda kogemusi ja keskendama t\u00e4helepanu teadvusele ning sisemisele rahule ja vaikusele.<\/p>\n<p><strong><em>Siddha<\/em>\u00a0jooga on praktiliste teadmiste ja tegevuste tee<\/strong><\/p>\n<p>Praktikates on r\u00f5hutatud teadlik ja j\u00e4rjekindel teadmiste rakendamine, et j\u00f5uda soovitud eesm\u00e4rgini. J\u00e4rjekindla praktika tulemusena m\u00f5istame s\u00fcgavuti, et rahu ja vaikus ei s\u00f5ltu v\u00e4lismaailmast, vaid on meie sisemised omadused.<\/p>\n<p><em>Siddha<\/em>\u00a0jooga on vahend s\u00fcvenemiseks sisemise rahu seisundisse, l\u00e4bi teadvuse puhastamise erinevatest rahutustest ja aktiivsustest, mis aitab arendada ka keskendumist, meelekindlust ja selgust.<\/p>\n<p>Kui m\u00f5istame, kes me olemuslikult oleme ja \u00f5pime oma teadvustamist ehk fookust juhtima, avanevad l\u00e4bi\u00a0<em>siddha<\/em>\u00a0jooga meile t\u00e4iesti uued v\u00f5imalused olemasolu kogemiseks.<\/p>\n<p><strong><em>Siddha<\/em>\u00a0jooga viib s\u00fcgava sisemise rahu, selguse ja vabaduseni<\/strong><\/p>\n<p><em>Siddha<\/em>\u00a0jooga praktikad\u00a0<em>nirodha<\/em>,\u00a0<em>samadhi<\/em>\u00a0ja\u00a0<em>kaivalya<\/em>\u00a0seisunditeni.<\/p>\n<p><em>Nirodha<\/em>\u00a0on teadvuse seisund, kus m\u00f5tted ja emotsioonid on vaibunud, tuues kaasa rahu ja selguse.\u00a0<em>Samadhi<\/em>\u00a0t\u00e4hendab s\u00fcgavat \u00fchendust absoluutse teadvusega, ja\u00a0<em>kaivalya <\/em>viitab nii elu kannatustest vabanemisele kui ka t\u00e4ielikule vabadusele.<\/p>\n<p>Lilleorus on v\u00f5imalus \u00f5ppida ja praktiseerida\u00a0<em>siddha<\/em>\u00a0joogat, et j\u00f5uda nende s\u00fcgavate teadvuse seisunditeni, kogedes sisemist rahu ja vabadust. See toob igap\u00e4evaellu selguse ning t\u00e4iuslikkuse ja heaolu kogemuse.<\/p>\n<\/div><\/div><\/div><\/div><\/div><div class=\"fusion-fullwidth fullwidth-box fusion-builder-row-2 fusion-flex-container nonhundred-percent-fullwidth non-hundred-percent-height-scrolling\" style=\"--awb-border-radius-top-left:0px;--awb-border-radius-top-right:0px;--awb-border-radius-bottom-right:0px;--awb-border-radius-bottom-left:0px;\" ><div class=\"fusion-builder-row fusion-row fusion-flex-align-items-flex-start\" style=\"max-width:1216.8px;margin-left: calc(-4% \/ 2 );margin-right: calc(-4% \/ 2 );\"><div class=\"fusion-layout-column fusion_builder_column fusion-builder-column-1 fusion_builder_column_1_1 1_1 fusion-flex-column\" style=\"--awb-bg-size:cover;--awb-width-large:100%;--awb-margin-top-large:20px;--awb-spacing-right-large:1.92%;--awb-margin-bottom-large:20px;--awb-spacing-left-large:1.92%;--awb-width-medium:100%;--awb-order-medium:0;--awb-spacing-right-medium:1.92%;--awb-spacing-left-medium:1.92%;--awb-width-small:100%;--awb-order-small:0;--awb-spacing-right-small:1.92%;--awb-spacing-left-small:1.92%;\"><div class=\"fusion-column-wrapper fusion-column-has-shadow fusion-flex-justify-content-flex-start fusion-content-layout-column\"><\/div><\/div><\/div><\/div><div class=\"fusion-fullwidth fullwidth-box fusion-builder-row-3 fusion-flex-container nonhundred-percent-fullwidth non-hundred-percent-height-scrolling\" style=\"--awb-background-position:left top;--awb-border-sizes-top:0px;--awb-border-sizes-bottom:0px;--awb-border-sizes-left:0px;--awb-border-sizes-right:0px;--awb-border-radius-top-left:0px;--awb-border-radius-top-right:0px;--awb-border-radius-bottom-right:0px;--awb-border-radius-bottom-left:0px;--awb-padding-top:100px;--awb-padding-bottom:85px;--awb-background-color:var(--awb-color7);\" ><div class=\"fusion-builder-row fusion-row fusion-flex-align-items-stretch fusion-flex-justify-content-center\" style=\"max-width:1216.8px;margin-left: calc(-4% \/ 2 );margin-right: calc(-4% \/ 2 );\"><div class=\"fusion-layout-column fusion_builder_column fusion-builder-column-2 fusion_builder_column_1_2 1_2 fusion-flex-column\" style=\"--awb-bg-size:cover;--awb-width-large:50%;--awb-margin-top-large:20px;--awb-spacing-right-large:3.84%;--awb-margin-bottom-large:20px;--awb-spacing-left-large:3.84%;--awb-width-medium:100%;--awb-order-medium:0;--awb-spacing-right-medium:1.92%;--awb-spacing-left-medium:1.92%;--awb-width-small:100%;--awb-order-small:0;--awb-spacing-right-small:1.92%;--awb-spacing-left-small:1.92%;\"><div class=\"fusion-column-wrapper fusion-column-has-shadow fusion-flex-justify-content-flex-start fusion-content-layout-column\"><div style=\"text-align:center;\"><a class=\"fusion-button button-flat fusion-button-default-size button-default fusion-button-default button-1 fusion-button-default-span fusion-button-default-type\" target=\"_self\" href=\"https:\/\/ingvarvillido.com\/videos\/\"><span class=\"fusion-button-text\">Get Started<\/span><\/a><\/div><\/div><\/div><\/div><\/div><\/p>\n","protected":false},"excerpt":{"rendered":"","protected":false},"author":1,"featured_media":12580,"parent":0,"menu_order":0,"comment_status":"closed","ping_status":"closed","template":"100-width.php","meta":{"footnotes":""},"class_list":["post-13052","page","type-page","status-publish","has-post-thumbnail","hentry"],"yoast_head":"<!-- This site is optimized with the Yoast SEO plugin v20.8 - https:\/\/yoast.com\/wordpress\/plugins\/seo\/ -->\n<title>Siddha jooga \u00f5petus - Ingvar Villido<\/title>\n<meta name=\"robots\" content=\"index, follow, max-snippet:-1, max-image-preview:large, max-video-preview:-1\" \/>\n<link rel=\"canonical\" href=\"https:\/\/ingvarvillido.com\/et\/siddha-yoga\/\" \/>\n<meta property=\"og:locale\" content=\"et_EE\" \/>\n<meta property=\"og:type\" content=\"article\" \/>\n<meta property=\"og:title\" content=\"Siddha jooga \u00f5petus - Ingvar Villido\" \/>\n<meta property=\"og:url\" content=\"https:\/\/ingvarvillido.com\/et\/siddha-yoga\/\" \/>\n<meta property=\"og:site_name\" content=\"Ingvar Villido\" \/>\n<meta property=\"article:modified_time\" content=\"2024-11-30T19:47:07+00:00\" \/>\n<meta property=\"og:image\" content=\"https:\/\/ingvarvillido.com\/wp-content\/uploads\/2022\/03\/ingvarvillido.com-ishwarananda-yoga-scaled-e1646688489469.jpg\" \/>\n\t<meta property=\"og:image:width\" content=\"2560\" \/>\n\t<meta property=\"og:image:height\" content=\"1081\" \/>\n\t<meta property=\"og:image:type\" content=\"image\/jpeg\" \/>\n<meta name=\"twitter:card\" content=\"summary_large_image\" \/>\n<meta name=\"twitter:image\" content=\"https:\/\/ingvarvillido.com\/wp-content\/uploads\/2022\/03\/ingvarvillido.com-ishwarananda-yoga-scaled-e1646688489469.jpg\" \/>\n<meta name=\"twitter:label1\" content=\"Est. reading time\" \/>\n\t<meta name=\"twitter:data1\" content=\"5 minutit\" \/>\n<script type=\"application\/ld+json\" class=\"yoast-schema-graph\">{\"@context\":\"https:\/\/schema.org\",\"@graph\":[{\"@type\":\"WebPage\",\"@id\":\"https:\/\/ingvarvillido.com\/et\/siddha-yoga\/\",\"url\":\"https:\/\/ingvarvillido.com\/et\/siddha-yoga\/\",\"name\":\"Siddha jooga \u00f5petus - Ingvar Villido\",\"isPartOf\":{\"@id\":\"https:\/\/ingvarvillido.com\/et\/#website\"},\"datePublished\":\"2022-02-25T04:48:03+00:00\",\"dateModified\":\"2024-11-30T19:47:07+00:00\",\"breadcrumb\":{\"@id\":\"https:\/\/ingvarvillido.com\/et\/siddha-yoga\/#breadcrumb\"},\"inLanguage\":\"et\",\"potentialAction\":[{\"@type\":\"ReadAction\",\"target\":[\"https:\/\/ingvarvillido.com\/et\/siddha-yoga\/\"]}]},{\"@type\":\"BreadcrumbList\",\"@id\":\"https:\/\/ingvarvillido.com\/et\/siddha-yoga\/#breadcrumb\",\"itemListElement\":[{\"@type\":\"ListItem\",\"position\":1,\"name\":\"Home\",\"item\":\"https:\/\/ingvarvillido.com\/et\/\"},{\"@type\":\"ListItem\",\"position\":2,\"name\":\"Siddha jooga \u00f5petus\"}]},{\"@type\":\"WebSite\",\"@id\":\"https:\/\/ingvarvillido.com\/et\/#website\",\"url\":\"https:\/\/ingvarvillido.com\/et\/\",\"name\":\"Ingvar Villido\",\"description\":\"Teacher, Researcher, Author, Yogi\",\"publisher\":{\"@id\":\"https:\/\/ingvarvillido.com\/et\/#organization\"},\"potentialAction\":[{\"@type\":\"SearchAction\",\"target\":{\"@type\":\"EntryPoint\",\"urlTemplate\":\"https:\/\/ingvarvillido.com\/et\/?s={search_term_string}\"},\"query-input\":\"required name=search_term_string\"}],\"inLanguage\":\"et\"},{\"@type\":\"Organization\",\"@id\":\"https:\/\/ingvarvillido.com\/et\/#organization\",\"name\":\"Ingvar Villido\",\"url\":\"https:\/\/ingvarvillido.com\/et\/\",\"logo\":{\"@type\":\"ImageObject\",\"inLanguage\":\"et\",\"@id\":\"https:\/\/ingvarvillido.com\/et\/#\/schema\/logo\/image\/\",\"url\":\"\",\"contentUrl\":\"\",\"caption\":\"Ingvar Villido\"},\"image\":{\"@id\":\"https:\/\/ingvarvillido.com\/et\/#\/schema\/logo\/image\/\"}}]}<\/script>\n<!-- \/ Yoast SEO plugin. -->","yoast_head_json":{"title":"Siddha jooga \u00f5petus - Ingvar Villido","robots":{"index":"index","follow":"follow","max-snippet":"max-snippet:-1","max-image-preview":"max-image-preview:large","max-video-preview":"max-video-preview:-1"},"canonical":"https:\/\/ingvarvillido.com\/et\/siddha-yoga\/","og_locale":"et_EE","og_type":"article","og_title":"Siddha jooga \u00f5petus - Ingvar Villido","og_url":"https:\/\/ingvarvillido.com\/et\/siddha-yoga\/","og_site_name":"Ingvar Villido","article_modified_time":"2024-11-30T19:47:07+00:00","og_image":[{"width":2560,"height":1081,"url":"https:\/\/ingvarvillido.com\/wp-content\/uploads\/2022\/03\/ingvarvillido.com-ishwarananda-yoga-scaled-e1646688489469.jpg","type":"image\/jpeg"}],"twitter_card":"summary_large_image","twitter_image":"https:\/\/ingvarvillido.com\/wp-content\/uploads\/2022\/03\/ingvarvillido.com-ishwarananda-yoga-scaled-e1646688489469.jpg","twitter_misc":{"Est. reading time":"5 minutit"},"schema":{"@context":"https:\/\/schema.org","@graph":[{"@type":"WebPage","@id":"https:\/\/ingvarvillido.com\/et\/siddha-yoga\/","url":"https:\/\/ingvarvillido.com\/et\/siddha-yoga\/","name":"Siddha jooga \u00f5petus - Ingvar Villido","isPartOf":{"@id":"https:\/\/ingvarvillido.com\/et\/#website"},"datePublished":"2022-02-25T04:48:03+00:00","dateModified":"2024-11-30T19:47:07+00:00","breadcrumb":{"@id":"https:\/\/ingvarvillido.com\/et\/siddha-yoga\/#breadcrumb"},"inLanguage":"et","potentialAction":[{"@type":"ReadAction","target":["https:\/\/ingvarvillido.com\/et\/siddha-yoga\/"]}]},{"@type":"BreadcrumbList","@id":"https:\/\/ingvarvillido.com\/et\/siddha-yoga\/#breadcrumb","itemListElement":[{"@type":"ListItem","position":1,"name":"Home","item":"https:\/\/ingvarvillido.com\/et\/"},{"@type":"ListItem","position":2,"name":"Siddha jooga \u00f5petus"}]},{"@type":"WebSite","@id":"https:\/\/ingvarvillido.com\/et\/#website","url":"https:\/\/ingvarvillido.com\/et\/","name":"Ingvar Villido","description":"Teacher, Researcher, Author, Yogi","publisher":{"@id":"https:\/\/ingvarvillido.com\/et\/#organization"},"potentialAction":[{"@type":"SearchAction","target":{"@type":"EntryPoint","urlTemplate":"https:\/\/ingvarvillido.com\/et\/?s={search_term_string}"},"query-input":"required name=search_term_string"}],"inLanguage":"et"},{"@type":"Organization","@id":"https:\/\/ingvarvillido.com\/et\/#organization","name":"Ingvar Villido","url":"https:\/\/ingvarvillido.com\/et\/","logo":{"@type":"ImageObject","inLanguage":"et","@id":"https:\/\/ingvarvillido.com\/et\/#\/schema\/logo\/image\/","url":"","contentUrl":"","caption":"Ingvar Villido"},"image":{"@id":"https:\/\/ingvarvillido.com\/et\/#\/schema\/logo\/image\/"}}]}},"_links":{"self":[{"href":"https:\/\/ingvarvillido.com\/et\/wp-json\/wp\/v2\/pages\/13052","targetHints":{"allow":["GET"]}}],"collection":[{"href":"https:\/\/ingvarvillido.com\/et\/wp-json\/wp\/v2\/pages"}],"about":[{"href":"https:\/\/ingvarvillido.com\/et\/wp-json\/wp\/v2\/types\/page"}],"author":[{"embeddable":true,"href":"https:\/\/ingvarvillido.com\/et\/wp-json\/wp\/v2\/users\/1"}],"replies":[{"embeddable":true,"href":"https:\/\/ingvarvillido.com\/et\/wp-json\/wp\/v2\/comments?post=13052"}],"version-history":[{"count":8,"href":"https:\/\/ingvarvillido.com\/et\/wp-json\/wp\/v2\/pages\/13052\/revisions"}],"predecessor-version":[{"id":14379,"href":"https:\/\/ingvarvillido.com\/et\/wp-json\/wp\/v2\/pages\/13052\/revisions\/14379"}],"wp:featuredmedia":[{"embeddable":true,"href":"https:\/\/ingvarvillido.com\/et\/wp-json\/wp\/v2\/media\/12580"}],"wp:attachment":[{"href":"https:\/\/ingvarvillido.com\/et\/wp-json\/wp\/v2\/media?parent=13052"}],"curies":[{"name":"wp","href":"https:\/\/api.w.org\/{rel}","templated":true}]}}