{"id":13836,"date":"2022-03-09T22:08:53","date_gmt":"2022-03-09T20:08:53","guid":{"rendered":"https:\/\/ingvarvillido.com\/stiftung-fur-zukunftsbildung\/"},"modified":"2023-04-07T16:59:25","modified_gmt":"2023-04-07T13:59:25","slug":"stiftung-fur-zukunftsbildung","status":"publish","type":"page","link":"https:\/\/ingvarvillido.com\/de\/stiftung-fur-zukunftsbildung\/","title":{"rendered":"Stiftung f\u00fcr Zukunftsbildung"},"content":{"rendered":"<p><div class=\"fusion-fullwidth fullwidth-box fusion-builder-row-1 fusion-flex-container nonhundred-percent-fullwidth non-hundred-percent-height-scrolling\" style=\"--awb-border-radius-top-left:0px;--awb-border-radius-top-right:0px;--awb-border-radius-bottom-right:0px;--awb-border-radius-bottom-left:0px;--awb-padding-bottom:40px;\" ><div class=\"fusion-builder-row fusion-row fusion-flex-align-items-flex-start fusion-flex-justify-content-center\" style=\"max-width:1216.8px;margin-left: calc(-4% \/ 2 );margin-right: calc(-4% \/ 2 );\"><div class=\"fusion-layout-column fusion_builder_column fusion-builder-column-0 fusion_builder_column_3_5 3_5 fusion-flex-column\" style=\"--awb-bg-size:cover;--awb-width-large:60%;--awb-margin-top-large:20px;--awb-spacing-right-large:3.2%;--awb-margin-bottom-large:20px;--awb-spacing-left-large:3.2%;--awb-width-medium:100%;--awb-order-medium:0;--awb-spacing-right-medium:1.92%;--awb-spacing-left-medium:1.92%;--awb-width-small:100%;--awb-order-small:0;--awb-spacing-right-small:1.92%;--awb-spacing-left-small:1.92%;\"><div class=\"fusion-column-wrapper fusion-column-has-shadow fusion-flex-justify-content-flex-start fusion-content-layout-column\"><div class=\"fusion-title title fusion-title-1 fusion-title-center fusion-title-text fusion-title-size-two\" style=\"--awb-font-size:48px;\"><div class=\"title-sep-container title-sep-container-left\"><div class=\"title-sep sep- sep-solid\" style=\"border-color:var(--awb-color3);\"><\/div><\/div><span class=\"awb-title-spacer\"><\/span><h2 class=\"title-heading-center fusion-responsive-typography-calculated\" style=\"margin:0;font-size:1em;letter-spacing:0px;--fontSize:48;line-height:1.13;\"><p><span style=\"font-family: 'Nunito Sans'; font-weight: 200;\" data-fusion-font=\"true\" data-fusion-google-font=\"Nunito Sans\" data-fusion-google-variant=\"200\"><span style=\"font-family: Nunito Sans; font-weight: 200;\" data-fusion-font=\"true\" data-fusion-google-font=\"Nunito Sans\" data-fusion-google-variant=\"200\">Stiftung f\u00fcr Zukunftsbildung<\/span><br \/>\n<\/span><\/h2><span class=\"awb-title-spacer\"><\/span><div class=\"title-sep-container title-sep-container-right\"><div class=\"title-sep sep- sep-solid\" style=\"border-color:var(--awb-color3);\"><\/div><\/div><\/div><div class=\"fusion-separator\" style=\"align-self: center;margin-left: auto;margin-right: auto;margin-top:10px;margin-bottom:40px;width:100%;max-width:150px;\"><div class=\"fusion-separator-border sep-single sep-solid\" style=\"--awb-height:20px;--awb-amount:20px;border-color:var(--awb-color5);border-top-width:1px;\"><\/div><\/div><div class=\"fusion-text fusion-text-1\" style=\"--awb-text-transform:none;\"><\/div><div class=\"fusion-text fusion-text-2\" style=\"--awb-text-transform:none;\"><p class=\"western\" align=\"justify\"><span style=\"font-family: Cambria, serif;\"><span style=\"font-size: 18px; font-family: Lato; font-weight: 300; line-height: 32px;\" data-fusion-font=\"true\" data-fusion-google-font=\"Lato\" data-fusion-google-variant=\"300\">Im Laufe der Jahre des Unterrichtens von Practical Consciousness haben viele Sch\u00fcler und Sch\u00fclerinnen gefragt, warum diese F\u00e4higkeiten Kindern in der Schule nicht beigebracht werden. &#8220;Ich w\u00e4re ein ganz anderer Mensch, wenn ich diese Methoden als Kind gelernt h\u00e4tte&#8221;, sagte einer von ihnen.<\/span><\/span><\/p>\n<p class=\"western\" align=\"justify\"><span style=\"font-family: Cambria, serif;\"><span style=\"font-size: 18px; font-family: Lato; font-weight: 300; line-height: 32px;\" data-fusion-font=\"true\" data-fusion-google-font=\"Lato\" data-fusion-google-variant=\"300\">Infolgedessen haben wir im Sommer 2016 damit begonnen, das Practical Consciousness-Programm f\u00fcr die Bildung von Kindern zusammenzustellen. Mehr als 150 Alumni von Practical Consciousness versammelten sich, um ihre Erfahrungen mit der Anwendung der Techniken von Practical Consciousness und wie sie ihr Leben ver\u00e4ndert haben, zu teilen. Wir begannen eine eingehende Diskussion dar\u00fcber, wie man Practical Consciousnes zum Wohle der breiteren Gesellschaft einsetzen kann. Die Teilnehmer waren sich w\u00e4hrend des zweit\u00e4gigen Treffens einig, dass Kinder durch das Erlernen von F\u00e4higkeiten wie den bewussten Umgang mit Bewusstheit und die Freisetzung ihrer Emotionen sehr profitieren k\u00f6nnten.<\/span><\/span><\/p>\n<p class=\"western\" align=\"justify\"><span style=\"font-family: Cambria, serif;\"><span style=\"font-size: 18px; font-family: Lato; font-weight: 300; line-height: 32px;\" data-fusion-font=\"true\" data-fusion-google-font=\"Lato\" data-fusion-google-variant=\"300\">Innovative Bildungsleiter zeigten Interesse daran, Practical Consciousness in ihre Klassenzimmer zu integrieren. Unter der Schirmherrschaft der Foundation for Future Education begannen im Herbst 2017 Pilotprojekte mit der Vermittlung praktischer Bewusstseinsf\u00e4higkeiten in hochmodernen estnischen Schulen. <\/span><\/span><\/p>\n<p class=\"western\" align=\"justify\"><span style=\"font-family: Cambria, serif;\"><span style=\"font-size: 18px; font-family: Lato; font-weight: 300; line-height: 32px;\" data-fusion-font=\"true\" data-fusion-google-font=\"Lato\" data-fusion-google-variant=\"300\">Die Foundation for Future Education m\u00f6chte das Leben von Kindern und Erwachsenen verbessern durch:<\/span><\/span><\/p>\n<ul>\n<li>\n<p align=\"justify\"><span style=\"font-family: Calibri, serif;\"><span style=\"font-family: Cambria, serif;\"><span style=\"font-size: 18px; font-family: Lato; font-weight: 300; line-height: 32px;\" data-fusion-font=\"true\" data-fusion-google-font=\"Lato\" data-fusion-google-variant=\"300\">die Steigerung ihrer pers\u00f6nlichen Nachhaltigkeit.<\/span><\/span><\/span><\/p>\n<p style=\"font-family: Lato; font-weight: 300; font-size: 18px; line-height: 32px;\" data-fusion-font=\"true\" data-fusion-google-font=\"Lato\" data-fusion-google-variant=\"300\">\n<\/li>\n<\/ul>\n<ul>\n<li>\n<p align=\"justify\"><span style=\"font-family: Calibri, serif;\"><span style=\"font-family: Cambria, serif;\"><span style=\"font-size: 18px; font-family: Lato; font-weight: 300; line-height: 32px;\" data-fusion-font=\"true\" data-fusion-google-font=\"Lato\" data-fusion-google-variant=\"300\">die St\u00e4rkung ihrer F\u00e4higkeit, den Alltag zu bew\u00e4ltigen.<\/span><\/span><\/span><\/p>\n<p style=\"font-family: Lato; font-weight: 300; font-size: 18px; line-height: 32px;\" data-fusion-font=\"true\" data-fusion-google-font=\"Lato\" data-fusion-google-variant=\"300\">\n<\/li>\n<\/ul>\n<ul>\n<li>\n<p align=\"justify\"><span style=\"font-family: Calibri, serif;\"><span style=\"font-family: Cambria, serif;\"><span style=\"font-size: 18px; font-family: Lato; font-weight: 300; line-height: 32px;\" data-fusion-font=\"true\" data-fusion-google-font=\"Lato\" data-fusion-google-variant=\"300\">die Verbesserung ihrer zwischenmenschlichen und sozialen F\u00e4higkeiten.<\/span><\/span><\/span><\/p>\n<p style=\"font-family: Lato; font-weight: 300; font-size: 18px; line-height: 32px;\" data-fusion-font=\"true\" data-fusion-google-font=\"Lato\" data-fusion-google-variant=\"300\">\n<\/li>\n<\/ul>\n<p class=\"western\" align=\"justify\"><span style=\"font-family: Cambria, serif;\"><span style=\"font-size: 18px; font-family: Lato; font-weight: 300; line-height: 32px;\" data-fusion-font=\"true\" data-fusion-google-font=\"Lato\" data-fusion-google-variant=\"300\">Dies soll dazu beitragen, dass Sch\u00fcler und Sch\u00fclerinnen und Lehrer und Lehrerinnen kompetent darin sind, ihre inneren Welten zu kennen und zu verwalten. <\/span><\/span><span style=\"background-color: rgba(255, 255, 255, 0); color: var(--body_typography-color); font-family: var(--body_typography-font-family); font-size: var(--body_typography-font-size); font-style: var(--body_typography-font-style,normal); font-weight: var(--body_typography-font-weight); letter-spacing: var(--body_typography-letter-spacing);\"><br \/>\n<\/span><\/p>\n<\/div><\/div><\/div><\/div><\/div><div class=\"fusion-fullwidth fullwidth-box fusion-builder-row-2 fusion-flex-container nonhundred-percent-fullwidth non-hundred-percent-height-scrolling\" style=\"--awb-background-position:left top;--awb-border-sizes-top:0px;--awb-border-sizes-bottom:0px;--awb-border-sizes-left:0px;--awb-border-sizes-right:0px;--awb-border-radius-top-left:0px;--awb-border-radius-top-right:0px;--awb-border-radius-bottom-right:0px;--awb-border-radius-bottom-left:0px;--awb-padding-top:100px;--awb-padding-bottom:85px;--awb-background-color:var(--awb-color7);\" ><div class=\"fusion-builder-row fusion-row fusion-flex-align-items-stretch fusion-flex-justify-content-center\" style=\"max-width:1216.8px;margin-left: calc(-4% \/ 2 );margin-right: calc(-4% \/ 2 );\"><div class=\"fusion-layout-column fusion_builder_column fusion-builder-column-1 fusion_builder_column_1_2 1_2 fusion-flex-column\" style=\"--awb-bg-size:cover;--awb-width-large:50%;--awb-margin-top-large:20px;--awb-spacing-right-large:3.84%;--awb-margin-bottom-large:20px;--awb-spacing-left-large:3.84%;--awb-width-medium:100%;--awb-order-medium:0;--awb-spacing-right-medium:1.92%;--awb-spacing-left-medium:1.92%;--awb-width-small:100%;--awb-order-small:0;--awb-spacing-right-small:1.92%;--awb-spacing-left-small:1.92%;\"><div class=\"fusion-column-wrapper fusion-column-has-shadow fusion-flex-justify-content-flex-start fusion-content-layout-column\"><div style=\"text-align:center;\"><a class=\"fusion-button button-flat fusion-button-default-size button-default fusion-button-default button-1 fusion-button-default-span fusion-button-default-type\" target=\"_self\" href=\"https:\/\/tmkkooli.ee\/in-english\/\"><span class=\"fusion-button-text\">Erfahren Sie mehr<\/span><\/a><\/div><\/div><\/div><\/div><\/div><\/p>\n","protected":false},"excerpt":{"rendered":"","protected":false},"author":1,"featured_media":12636,"parent":0,"menu_order":0,"comment_status":"closed","ping_status":"closed","template":"100-width.php","meta":{"footnotes":""},"class_list":["post-13836","page","type-page","status-publish","has-post-thumbnail","hentry"],"yoast_head":"<!-- This site is optimized with the Yoast SEO plugin v20.8 - https:\/\/yoast.com\/wordpress\/plugins\/seo\/ -->\n<title>Stiftung f\u00fcr Zukunftsbildung - Ingvar Villido<\/title>\n<meta name=\"robots\" content=\"index, follow, max-snippet:-1, max-image-preview:large, max-video-preview:-1\" \/>\n<link rel=\"canonical\" href=\"https:\/\/ingvarvillido.com\/de\/stiftung-fur-zukunftsbildung\/\" \/>\n<meta property=\"og:locale\" content=\"de_DE\" \/>\n<meta property=\"og:type\" content=\"article\" \/>\n<meta property=\"og:title\" content=\"Stiftung f\u00fcr Zukunftsbildung - Ingvar Villido\" \/>\n<meta property=\"og:url\" content=\"https:\/\/ingvarvillido.com\/de\/stiftung-fur-zukunftsbildung\/\" \/>\n<meta property=\"og:site_name\" content=\"Ingvar Villido\" \/>\n<meta property=\"article:modified_time\" content=\"2023-04-07T13:59:25+00:00\" \/>\n<meta property=\"og:image\" content=\"https:\/\/ingvarvillido.com\/wp-content\/uploads\/2022\/03\/ingvarvillido.com-foundation-future-education-scaled-e1646862083946-1024x432.jpg\" \/>\n<meta name=\"twitter:card\" content=\"summary_large_image\" \/>\n<meta name=\"twitter:image\" content=\"https:\/\/ingvarvillido.com\/wp-content\/uploads\/2022\/03\/ingvarvillido.com-foundation-future-education-scaled-e1646862083946.jpg\" \/>\n<meta name=\"twitter:label1\" content=\"Gesch\u00e4tzte Lesezeit\" \/>\n\t<meta name=\"twitter:data1\" content=\"6\u00a0Minuten\" \/>\n<script type=\"application\/ld+json\" class=\"yoast-schema-graph\">{\"@context\":\"https:\/\/schema.org\",\"@graph\":[{\"@type\":\"WebPage\",\"@id\":\"https:\/\/ingvarvillido.com\/de\/stiftung-fur-zukunftsbildung\/\",\"url\":\"https:\/\/ingvarvillido.com\/de\/stiftung-fur-zukunftsbildung\/\",\"name\":\"Stiftung f\u00fcr Zukunftsbildung - Ingvar Villido\",\"isPartOf\":{\"@id\":\"https:\/\/ingvarvillido.com\/de\/#website\"},\"datePublished\":\"2022-03-09T20:08:53+00:00\",\"dateModified\":\"2023-04-07T13:59:25+00:00\",\"breadcrumb\":{\"@id\":\"https:\/\/ingvarvillido.com\/de\/stiftung-fur-zukunftsbildung\/#breadcrumb\"},\"inLanguage\":\"de\",\"potentialAction\":[{\"@type\":\"ReadAction\",\"target\":[\"https:\/\/ingvarvillido.com\/de\/stiftung-fur-zukunftsbildung\/\"]}]},{\"@type\":\"BreadcrumbList\",\"@id\":\"https:\/\/ingvarvillido.com\/de\/stiftung-fur-zukunftsbildung\/#breadcrumb\",\"itemListElement\":[{\"@type\":\"ListItem\",\"position\":1,\"name\":\"Home\",\"item\":\"https:\/\/ingvarvillido.com\/de\/\"},{\"@type\":\"ListItem\",\"position\":2,\"name\":\"Stiftung f\u00fcr Zukunftsbildung\"}]},{\"@type\":\"WebSite\",\"@id\":\"https:\/\/ingvarvillido.com\/de\/#website\",\"url\":\"https:\/\/ingvarvillido.com\/de\/\",\"name\":\"Ingvar Villido\",\"description\":\"Teacher, Researcher, Author, Yogi\",\"publisher\":{\"@id\":\"https:\/\/ingvarvillido.com\/de\/#organization\"},\"potentialAction\":[{\"@type\":\"SearchAction\",\"target\":{\"@type\":\"EntryPoint\",\"urlTemplate\":\"https:\/\/ingvarvillido.com\/de\/?s={search_term_string}\"},\"query-input\":\"required name=search_term_string\"}],\"inLanguage\":\"de\"},{\"@type\":\"Organization\",\"@id\":\"https:\/\/ingvarvillido.com\/de\/#organization\",\"name\":\"Ingvar Villido\",\"url\":\"https:\/\/ingvarvillido.com\/de\/\",\"logo\":{\"@type\":\"ImageObject\",\"inLanguage\":\"de\",\"@id\":\"https:\/\/ingvarvillido.com\/de\/#\/schema\/logo\/image\/\",\"url\":\"\",\"contentUrl\":\"\",\"caption\":\"Ingvar Villido\"},\"image\":{\"@id\":\"https:\/\/ingvarvillido.com\/de\/#\/schema\/logo\/image\/\"}}]}<\/script>\n<!-- \/ Yoast SEO plugin. -->","yoast_head_json":{"title":"Stiftung f\u00fcr Zukunftsbildung - Ingvar Villido","robots":{"index":"index","follow":"follow","max-snippet":"max-snippet:-1","max-image-preview":"max-image-preview:large","max-video-preview":"max-video-preview:-1"},"canonical":"https:\/\/ingvarvillido.com\/de\/stiftung-fur-zukunftsbildung\/","og_locale":"de_DE","og_type":"article","og_title":"Stiftung f\u00fcr Zukunftsbildung - Ingvar Villido","og_url":"https:\/\/ingvarvillido.com\/de\/stiftung-fur-zukunftsbildung\/","og_site_name":"Ingvar Villido","article_modified_time":"2023-04-07T13:59:25+00:00","og_image":[{"url":"https:\/\/ingvarvillido.com\/wp-content\/uploads\/2022\/03\/ingvarvillido.com-foundation-future-education-scaled-e1646862083946-1024x432.jpg"}],"twitter_card":"summary_large_image","twitter_image":"https:\/\/ingvarvillido.com\/wp-content\/uploads\/2022\/03\/ingvarvillido.com-foundation-future-education-scaled-e1646862083946.jpg","twitter_misc":{"Gesch\u00e4tzte Lesezeit":"6\u00a0Minuten"},"schema":{"@context":"https:\/\/schema.org","@graph":[{"@type":"WebPage","@id":"https:\/\/ingvarvillido.com\/de\/stiftung-fur-zukunftsbildung\/","url":"https:\/\/ingvarvillido.com\/de\/stiftung-fur-zukunftsbildung\/","name":"Stiftung f\u00fcr Zukunftsbildung - Ingvar Villido","isPartOf":{"@id":"https:\/\/ingvarvillido.com\/de\/#website"},"datePublished":"2022-03-09T20:08:53+00:00","dateModified":"2023-04-07T13:59:25+00:00","breadcrumb":{"@id":"https:\/\/ingvarvillido.com\/de\/stiftung-fur-zukunftsbildung\/#breadcrumb"},"inLanguage":"de","potentialAction":[{"@type":"ReadAction","target":["https:\/\/ingvarvillido.com\/de\/stiftung-fur-zukunftsbildung\/"]}]},{"@type":"BreadcrumbList","@id":"https:\/\/ingvarvillido.com\/de\/stiftung-fur-zukunftsbildung\/#breadcrumb","itemListElement":[{"@type":"ListItem","position":1,"name":"Home","item":"https:\/\/ingvarvillido.com\/de\/"},{"@type":"ListItem","position":2,"name":"Stiftung f\u00fcr Zukunftsbildung"}]},{"@type":"WebSite","@id":"https:\/\/ingvarvillido.com\/de\/#website","url":"https:\/\/ingvarvillido.com\/de\/","name":"Ingvar Villido","description":"Teacher, Researcher, Author, Yogi","publisher":{"@id":"https:\/\/ingvarvillido.com\/de\/#organization"},"potentialAction":[{"@type":"SearchAction","target":{"@type":"EntryPoint","urlTemplate":"https:\/\/ingvarvillido.com\/de\/?s={search_term_string}"},"query-input":"required name=search_term_string"}],"inLanguage":"de"},{"@type":"Organization","@id":"https:\/\/ingvarvillido.com\/de\/#organization","name":"Ingvar Villido","url":"https:\/\/ingvarvillido.com\/de\/","logo":{"@type":"ImageObject","inLanguage":"de","@id":"https:\/\/ingvarvillido.com\/de\/#\/schema\/logo\/image\/","url":"","contentUrl":"","caption":"Ingvar Villido"},"image":{"@id":"https:\/\/ingvarvillido.com\/de\/#\/schema\/logo\/image\/"}}]}},"_links":{"self":[{"href":"https:\/\/ingvarvillido.com\/de\/wp-json\/wp\/v2\/pages\/13836","targetHints":{"allow":["GET"]}}],"collection":[{"href":"https:\/\/ingvarvillido.com\/de\/wp-json\/wp\/v2\/pages"}],"about":[{"href":"https:\/\/ingvarvillido.com\/de\/wp-json\/wp\/v2\/types\/page"}],"author":[{"embeddable":true,"href":"https:\/\/ingvarvillido.com\/de\/wp-json\/wp\/v2\/users\/1"}],"replies":[{"embeddable":true,"href":"https:\/\/ingvarvillido.com\/de\/wp-json\/wp\/v2\/comments?post=13836"}],"version-history":[{"count":2,"href":"https:\/\/ingvarvillido.com\/de\/wp-json\/wp\/v2\/pages\/13836\/revisions"}],"predecessor-version":[{"id":13838,"href":"https:\/\/ingvarvillido.com\/de\/wp-json\/wp\/v2\/pages\/13836\/revisions\/13838"}],"wp:featuredmedia":[{"embeddable":true,"href":"https:\/\/ingvarvillido.com\/de\/wp-json\/wp\/v2\/media\/12636"}],"wp:attachment":[{"href":"https:\/\/ingvarvillido.com\/de\/wp-json\/wp\/v2\/media?parent=13836"}],"curies":[{"name":"wp","href":"https:\/\/api.w.org\/{rel}","templated":true}]}}