{"id":13821,"date":"2022-02-25T06:48:03","date_gmt":"2022-02-25T04:48:03","guid":{"rendered":"https:\/\/ingvarvillido.com\/ishwarananda-yoga-2\/"},"modified":"2024-11-30T21:47:44","modified_gmt":"2024-11-30T19:47:44","slug":"siddha-yoga","status":"publish","type":"page","link":"https:\/\/ingvarvillido.com\/de\/siddha-yoga\/","title":{"rendered":"Siddha-Yoga-Lehre"},"content":{"rendered":"<p><div class=\"fusion-fullwidth fullwidth-box fusion-builder-row-1 fusion-flex-container nonhundred-percent-fullwidth non-hundred-percent-height-scrolling\" style=\"--awb-border-radius-top-left:0px;--awb-border-radius-top-right:0px;--awb-border-radius-bottom-right:0px;--awb-border-radius-bottom-left:0px;--awb-padding-bottom:35px;\" ><div class=\"fusion-builder-row fusion-row fusion-flex-align-items-flex-start fusion-flex-justify-content-center\" style=\"max-width:1216.8px;margin-left: calc(-4% \/ 2 );margin-right: calc(-4% \/ 2 );\"><div class=\"fusion-layout-column fusion_builder_column fusion-builder-column-0 fusion_builder_column_3_5 3_5 fusion-flex-column\" style=\"--awb-bg-size:cover;--awb-width-large:60%;--awb-margin-top-large:20px;--awb-spacing-right-large:3.2%;--awb-margin-bottom-large:20px;--awb-spacing-left-large:3.2%;--awb-width-medium:100%;--awb-order-medium:0;--awb-spacing-right-medium:1.92%;--awb-spacing-left-medium:1.92%;--awb-width-small:100%;--awb-order-small:0;--awb-spacing-right-small:1.92%;--awb-spacing-left-small:1.92%;\"><div class=\"fusion-column-wrapper fusion-column-has-shadow fusion-flex-justify-content-flex-start fusion-content-layout-column\"><div class=\"fusion-title title fusion-title-1 fusion-title-center fusion-title-text fusion-title-size-two\" style=\"--awb-font-size:48px;\"><div class=\"title-sep-container title-sep-container-left\"><div class=\"title-sep sep- sep-solid\" style=\"border-color:var(--awb-color3);\"><\/div><\/div><span class=\"awb-title-spacer\"><\/span><h2 class=\"title-heading-center fusion-responsive-typography-calculated\" style=\"margin:0;font-size:1em;letter-spacing:0px;--fontSize:48;line-height:1.13;\"><strong>Siddha-Yoga-Lehre<\/strong><\/h2><span class=\"awb-title-spacer\"><\/span><div class=\"title-sep-container title-sep-container-right\"><div class=\"title-sep sep- sep-solid\" style=\"border-color:var(--awb-color3);\"><\/div><\/div><\/div><div class=\"fusion-separator\" style=\"align-self: center;margin-left: auto;margin-right: auto;margin-top:10px;margin-bottom:40px;width:100%;max-width:150px;\"><div class=\"fusion-separator-border sep-single sep-solid\" style=\"--awb-height:20px;--awb-amount:20px;border-color:var(--awb-color5);border-top-width:1px;\"><\/div><\/div><div class=\"fusion-text fusion-text-1\"><p><strong>Eine Reise zu tiefem Frieden, Klarheit und vollkommenem Wohlbefinden<\/strong><\/p>\n<p><strong>Siddha Yoga \u2013 das Juwel des San\u0101tana Dharma.<\/strong><br \/>\nYoga\u00fcbungen f\u00fcr den K\u00f6rper, beruhigende Atemtechniken und Meditationen \u2013 die meisten heute beliebten Yogastile stammen aus dem alten Indien, das reich an Kultur und Geschichte ist. Noch immer werden sie weltweit genutzt, um die k\u00f6rperliche Gesundheit zu verbessern, im Alltag Balance zu finden und die spirituelle Entwicklung zu f\u00f6rdern. Das in Lilleoru praktizierte Siddha Yoga hat dieselben Urspr\u00fcnge.<\/p>\n<p>Die Wurzeln des Siddha Yoga reichen Tausende von Jahren zur\u00fcck. Die ersten Siddha-Yogis, bekannt als Siddhas, erlangten tiefes Wissen \u00fcber die Natur des Menschen und des Universums und verwirklichten das menschliche Potenzial.<br \/>\nIm Siddha Yoga lernen wir, unsere wahre Natur zu entdecken \u2013 zeitlosen, unver\u00e4nderlichen Frieden und Wohlbefinden \u2013 und die Selbstverwirklichung zu erreichen. Die Siddhas haben bewiesen, dass es m\u00f6glich ist, in einem st\u00e4ndigen Bewusstsein des wahren Selbst zu leben. Der Weg dahin wird in den Yoga-Sutras von Siddha Patanjali und in den \u201eSaumya Sagaram\u201c-Yoga-Sutras von Mahasiddha Agatthiyar beschrieben.<\/p>\n<p><strong>Altes Wissen findet moderne Anwendung durch Yogameister Ishwarananda<\/strong><\/p>\n<p>Moderne Yogameister, die sich dem tiefen Studium dieser Lehren widmen, verstehen, praktizieren und vermitteln dieses uralte Wissen. Der Siddha-Yoga-Lehrer Ingvar Villido Ishwarananda teilt dieses wertvolle Wissen seit mehreren Jahrzehnten in Lilleoru.<\/p>\n<p><a href=\"https:\/\/www.lilleoru.ee\/en\/\">Das Siddha Yoga in Lilleoru, einem Zentrum der Siddha-Yoga-Lehre,<\/a> beinhaltet ein tiefgehendes Studium der Yoga-Sutras von Siddha Patanjali und der \u201eSaumya Sagaram\u201c-Yoga-Sutras von Mahasiddha Agatthiyar sowie deren praktische Anwendung im Leben, begleitet von Ishwaranandas Kommentaren.<br \/>\nErg\u00e4nzend dazu gibt es regelm\u00e4\u00dfige Kriya-Hatha-Yoga-Kurse mit K\u00f6rper\u00fcbungen, Atemtechniken und Meditation, die darauf abzielen, K\u00f6rperfunktionen und Energien auszugleichen, das Bewusstsein zu entdecken und mehr inneren Frieden und Balance zu erreichen.<\/p>\n<p>Siddha-Yoga-Retreats und Einweihungen in Lilleoru konzentrieren sich auf praktische Techniken, die helfen, tiefere meditative Zust\u00e4nde zu erreichen und die spirituelle Entwicklung zu beschleunigen. Dazu geh\u00f6ren Pranayama (Atemtechniken), Mantra-Meditation, Mudra (Handstellungen), Siddha-Yoga-Techniken, stille Meditation und Satsang (spirituelle Lehren und Diskussionen).<br \/>\n<a href=\"https:\/\/www.lilleoru.ee\/en\/events\/tapas-retreat\/\">Regelm\u00e4\u00dfige Retreats und die Praxis yogischer Selbstdisziplin, genannt Tapas<\/a>, helfen, die eigene Tiefe zu verstehen und innere Hindernisse auf dem Weg der Entwicklung zu \u00fcberwinden.<\/p>\n<p><a href=\"https:\/\/www.lilleoru.ee\/en\/events\/practical-consciousness-courses\/\">Die Methode der Practical Consciousness<\/a>, ein vorbereitender Teil des Siddha Yoga, hilft, ruhelose Gedanken und emotionale Spannungen zu beseitigen. Sie lehrt, die eigenen Erfahrungen zu w\u00e4hlen und sich auf Bewusstsein, inneren Frieden und Stille zu konzentrieren.<\/p>\n<p><strong>Siddha Yoga \u2013 der Weg des praktischen Wissens und Handelns<\/strong><\/p>\n<p>Die Praktiken betonen die bewusste und konsequente Anwendung des Wissens, um das gew\u00fcnschte Ziel zu erreichen. Durch kontinuierliche Praxis verstehen wir tief, dass Frieden und Stille nicht von der Au\u00dfenwelt abh\u00e4ngen, sondern innere Qualit\u00e4ten sind.<br \/>\nSiddha Yoga ist ein Mittel, um in einen Zustand inneren Friedens einzutauchen, das Bewusstsein von St\u00f6rungen und Aktivit\u00e4ten zu reinigen und Konzentration, Willenskraft und Klarheit zu entwickeln.<\/p>\n<p>Wenn wir unser Wesen verstehen und lernen, das Bewusstsein durch Siddha Yoga zu lenken, er\u00f6ffnen sich neue M\u00f6glichkeiten, das Leben zu erfahren.<\/p>\n<p><strong>Siddha Yoga f\u00fchrt zu tiefem innerem Frieden, Klarheit und Freiheit<\/strong><\/p>\n<p>Die Siddha-Yoga-Praktiken f\u00fchren zu den Zust\u00e4nden von Nirodha, Samadhi und Kaivalya.<br \/>\nNirodha ist ein Zustand, in dem Gedanken und Emotionen zur Ruhe kommen, was Frieden und Klarheit bringt. Samadhi ist eine tiefe Verbindung mit dem absoluten Bewusstsein, und Kaivalya bedeutet sowohl Befreiung von den Leiden des Lebens als auch vollst\u00e4ndige Freiheit.<\/p>\n<p>In Lilleoru gibt es die M\u00f6glichkeit, Siddha Yoga zu lernen und zu praktizieren, um diese tiefen Bewusstseinszust\u00e4nde zu erreichen und inneren Frieden sowie Freiheit zu erleben. Es bringt Klarheit in den Alltag und vermittelt ein Gef\u00fchl von Ganzheit und Wohlbefinden.<\/p>\n<\/div><\/div><\/div><\/div><\/div><div class=\"fusion-fullwidth fullwidth-box fusion-builder-row-2 fusion-flex-container nonhundred-percent-fullwidth non-hundred-percent-height-scrolling\" style=\"--awb-border-radius-top-left:0px;--awb-border-radius-top-right:0px;--awb-border-radius-bottom-right:0px;--awb-border-radius-bottom-left:0px;\" ><div class=\"fusion-builder-row fusion-row fusion-flex-align-items-flex-start\" style=\"max-width:1216.8px;margin-left: calc(-4% \/ 2 );margin-right: calc(-4% \/ 2 );\"><div class=\"fusion-layout-column fusion_builder_column fusion-builder-column-1 fusion_builder_column_1_1 1_1 fusion-flex-column\" style=\"--awb-bg-size:cover;--awb-width-large:100%;--awb-margin-top-large:20px;--awb-spacing-right-large:1.92%;--awb-margin-bottom-large:20px;--awb-spacing-left-large:1.92%;--awb-width-medium:100%;--awb-order-medium:0;--awb-spacing-right-medium:1.92%;--awb-spacing-left-medium:1.92%;--awb-width-small:100%;--awb-order-small:0;--awb-spacing-right-small:1.92%;--awb-spacing-left-small:1.92%;\"><div class=\"fusion-column-wrapper fusion-column-has-shadow fusion-flex-justify-content-flex-start fusion-content-layout-column\"><\/div><\/div><\/div><\/div><div class=\"fusion-fullwidth fullwidth-box fusion-builder-row-3 fusion-flex-container nonhundred-percent-fullwidth non-hundred-percent-height-scrolling\" style=\"--awb-background-position:left top;--awb-border-sizes-top:0px;--awb-border-sizes-bottom:0px;--awb-border-sizes-left:0px;--awb-border-sizes-right:0px;--awb-border-radius-top-left:0px;--awb-border-radius-top-right:0px;--awb-border-radius-bottom-right:0px;--awb-border-radius-bottom-left:0px;--awb-padding-top:100px;--awb-padding-bottom:85px;--awb-background-color:var(--awb-color7);\" ><div class=\"fusion-builder-row fusion-row fusion-flex-align-items-stretch fusion-flex-justify-content-center\" style=\"max-width:1216.8px;margin-left: calc(-4% \/ 2 );margin-right: calc(-4% \/ 2 );\"><div class=\"fusion-layout-column fusion_builder_column fusion-builder-column-2 fusion_builder_column_1_2 1_2 fusion-flex-column\" style=\"--awb-bg-size:cover;--awb-width-large:50%;--awb-margin-top-large:20px;--awb-spacing-right-large:3.84%;--awb-margin-bottom-large:20px;--awb-spacing-left-large:3.84%;--awb-width-medium:100%;--awb-order-medium:0;--awb-spacing-right-medium:1.92%;--awb-spacing-left-medium:1.92%;--awb-width-small:100%;--awb-order-small:0;--awb-spacing-right-small:1.92%;--awb-spacing-left-small:1.92%;\"><div class=\"fusion-column-wrapper fusion-column-has-shadow fusion-flex-justify-content-flex-start fusion-content-layout-column\"><div style=\"text-align:center;\"><a class=\"fusion-button button-flat fusion-button-default-size button-default fusion-button-default button-1 fusion-button-default-span fusion-button-default-type\" target=\"_self\" href=\"https:\/\/ingvarvillido.com\/de\/videos\/\"><span class=\"fusion-button-text\">STARTE HIER<\/span><\/a><\/div><\/div><\/div><\/div><\/div><\/p>\n","protected":false},"excerpt":{"rendered":"","protected":false},"author":1,"featured_media":12582,"parent":0,"menu_order":0,"comment_status":"closed","ping_status":"closed","template":"100-width.php","meta":{"footnotes":""},"class_list":["post-13821","page","type-page","status-publish","has-post-thumbnail","hentry"],"yoast_head":"<!-- This site is optimized with the Yoast SEO plugin v20.8 - https:\/\/yoast.com\/wordpress\/plugins\/seo\/ -->\n<title>Siddha-Yoga-Lehre - Ingvar Villido<\/title>\n<meta name=\"robots\" content=\"index, follow, max-snippet:-1, max-image-preview:large, max-video-preview:-1\" \/>\n<link rel=\"canonical\" href=\"https:\/\/ingvarvillido.com\/de\/siddha-yoga\/\" \/>\n<meta property=\"og:locale\" content=\"de_DE\" \/>\n<meta property=\"og:type\" content=\"article\" \/>\n<meta property=\"og:title\" content=\"Siddha-Yoga-Lehre - Ingvar Villido\" \/>\n<meta property=\"og:url\" content=\"https:\/\/ingvarvillido.com\/de\/siddha-yoga\/\" \/>\n<meta property=\"og:site_name\" content=\"Ingvar Villido\" \/>\n<meta property=\"article:modified_time\" content=\"2024-11-30T19:47:44+00:00\" \/>\n<meta property=\"og:image\" content=\"https:\/\/ingvarvillido.com\/wp-content\/uploads\/2022\/03\/ingvarvillido.com-ishwarananda-yoga-scaled-e1646688489469-1024x432.jpg\" \/>\n<meta name=\"twitter:card\" content=\"summary_large_image\" \/>\n<meta name=\"twitter:image\" content=\"https:\/\/ingvarvillido.com\/wp-content\/uploads\/2022\/03\/ingvarvillido.com-ishwarananda-yoga-scaled-e1646688489469.jpg\" \/>\n<meta name=\"twitter:label1\" content=\"Gesch\u00e4tzte Lesezeit\" \/>\n\t<meta name=\"twitter:data1\" content=\"12\u00a0Minuten\" \/>\n<script type=\"application\/ld+json\" class=\"yoast-schema-graph\">{\"@context\":\"https:\/\/schema.org\",\"@graph\":[{\"@type\":\"WebPage\",\"@id\":\"https:\/\/ingvarvillido.com\/de\/siddha-yoga\/\",\"url\":\"https:\/\/ingvarvillido.com\/de\/siddha-yoga\/\",\"name\":\"Siddha-Yoga-Lehre - Ingvar Villido\",\"isPartOf\":{\"@id\":\"https:\/\/ingvarvillido.com\/de\/#website\"},\"datePublished\":\"2022-02-25T04:48:03+00:00\",\"dateModified\":\"2024-11-30T19:47:44+00:00\",\"breadcrumb\":{\"@id\":\"https:\/\/ingvarvillido.com\/de\/siddha-yoga\/#breadcrumb\"},\"inLanguage\":\"de\",\"potentialAction\":[{\"@type\":\"ReadAction\",\"target\":[\"https:\/\/ingvarvillido.com\/de\/siddha-yoga\/\"]}]},{\"@type\":\"BreadcrumbList\",\"@id\":\"https:\/\/ingvarvillido.com\/de\/siddha-yoga\/#breadcrumb\",\"itemListElement\":[{\"@type\":\"ListItem\",\"position\":1,\"name\":\"Home\",\"item\":\"https:\/\/ingvarvillido.com\/de\/\"},{\"@type\":\"ListItem\",\"position\":2,\"name\":\"Siddha-Yoga-Lehre\"}]},{\"@type\":\"WebSite\",\"@id\":\"https:\/\/ingvarvillido.com\/de\/#website\",\"url\":\"https:\/\/ingvarvillido.com\/de\/\",\"name\":\"Ingvar Villido\",\"description\":\"Teacher, Researcher, Author, Yogi\",\"publisher\":{\"@id\":\"https:\/\/ingvarvillido.com\/de\/#organization\"},\"potentialAction\":[{\"@type\":\"SearchAction\",\"target\":{\"@type\":\"EntryPoint\",\"urlTemplate\":\"https:\/\/ingvarvillido.com\/de\/?s={search_term_string}\"},\"query-input\":\"required name=search_term_string\"}],\"inLanguage\":\"de\"},{\"@type\":\"Organization\",\"@id\":\"https:\/\/ingvarvillido.com\/de\/#organization\",\"name\":\"Ingvar Villido\",\"url\":\"https:\/\/ingvarvillido.com\/de\/\",\"logo\":{\"@type\":\"ImageObject\",\"inLanguage\":\"de\",\"@id\":\"https:\/\/ingvarvillido.com\/de\/#\/schema\/logo\/image\/\",\"url\":\"\",\"contentUrl\":\"\",\"caption\":\"Ingvar Villido\"},\"image\":{\"@id\":\"https:\/\/ingvarvillido.com\/de\/#\/schema\/logo\/image\/\"}}]}<\/script>\n<!-- \/ Yoast SEO plugin. -->","yoast_head_json":{"title":"Siddha-Yoga-Lehre - Ingvar Villido","robots":{"index":"index","follow":"follow","max-snippet":"max-snippet:-1","max-image-preview":"max-image-preview:large","max-video-preview":"max-video-preview:-1"},"canonical":"https:\/\/ingvarvillido.com\/de\/siddha-yoga\/","og_locale":"de_DE","og_type":"article","og_title":"Siddha-Yoga-Lehre - Ingvar Villido","og_url":"https:\/\/ingvarvillido.com\/de\/siddha-yoga\/","og_site_name":"Ingvar Villido","article_modified_time":"2024-11-30T19:47:44+00:00","og_image":[{"url":"https:\/\/ingvarvillido.com\/wp-content\/uploads\/2022\/03\/ingvarvillido.com-ishwarananda-yoga-scaled-e1646688489469-1024x432.jpg"}],"twitter_card":"summary_large_image","twitter_image":"https:\/\/ingvarvillido.com\/wp-content\/uploads\/2022\/03\/ingvarvillido.com-ishwarananda-yoga-scaled-e1646688489469.jpg","twitter_misc":{"Gesch\u00e4tzte Lesezeit":"12\u00a0Minuten"},"schema":{"@context":"https:\/\/schema.org","@graph":[{"@type":"WebPage","@id":"https:\/\/ingvarvillido.com\/de\/siddha-yoga\/","url":"https:\/\/ingvarvillido.com\/de\/siddha-yoga\/","name":"Siddha-Yoga-Lehre - Ingvar Villido","isPartOf":{"@id":"https:\/\/ingvarvillido.com\/de\/#website"},"datePublished":"2022-02-25T04:48:03+00:00","dateModified":"2024-11-30T19:47:44+00:00","breadcrumb":{"@id":"https:\/\/ingvarvillido.com\/de\/siddha-yoga\/#breadcrumb"},"inLanguage":"de","potentialAction":[{"@type":"ReadAction","target":["https:\/\/ingvarvillido.com\/de\/siddha-yoga\/"]}]},{"@type":"BreadcrumbList","@id":"https:\/\/ingvarvillido.com\/de\/siddha-yoga\/#breadcrumb","itemListElement":[{"@type":"ListItem","position":1,"name":"Home","item":"https:\/\/ingvarvillido.com\/de\/"},{"@type":"ListItem","position":2,"name":"Siddha-Yoga-Lehre"}]},{"@type":"WebSite","@id":"https:\/\/ingvarvillido.com\/de\/#website","url":"https:\/\/ingvarvillido.com\/de\/","name":"Ingvar Villido","description":"Teacher, Researcher, Author, Yogi","publisher":{"@id":"https:\/\/ingvarvillido.com\/de\/#organization"},"potentialAction":[{"@type":"SearchAction","target":{"@type":"EntryPoint","urlTemplate":"https:\/\/ingvarvillido.com\/de\/?s={search_term_string}"},"query-input":"required name=search_term_string"}],"inLanguage":"de"},{"@type":"Organization","@id":"https:\/\/ingvarvillido.com\/de\/#organization","name":"Ingvar Villido","url":"https:\/\/ingvarvillido.com\/de\/","logo":{"@type":"ImageObject","inLanguage":"de","@id":"https:\/\/ingvarvillido.com\/de\/#\/schema\/logo\/image\/","url":"","contentUrl":"","caption":"Ingvar Villido"},"image":{"@id":"https:\/\/ingvarvillido.com\/de\/#\/schema\/logo\/image\/"}}]}},"_links":{"self":[{"href":"https:\/\/ingvarvillido.com\/de\/wp-json\/wp\/v2\/pages\/13821","targetHints":{"allow":["GET"]}}],"collection":[{"href":"https:\/\/ingvarvillido.com\/de\/wp-json\/wp\/v2\/pages"}],"about":[{"href":"https:\/\/ingvarvillido.com\/de\/wp-json\/wp\/v2\/types\/page"}],"author":[{"embeddable":true,"href":"https:\/\/ingvarvillido.com\/de\/wp-json\/wp\/v2\/users\/1"}],"replies":[{"embeddable":true,"href":"https:\/\/ingvarvillido.com\/de\/wp-json\/wp\/v2\/comments?post=13821"}],"version-history":[{"count":13,"href":"https:\/\/ingvarvillido.com\/de\/wp-json\/wp\/v2\/pages\/13821\/revisions"}],"predecessor-version":[{"id":14380,"href":"https:\/\/ingvarvillido.com\/de\/wp-json\/wp\/v2\/pages\/13821\/revisions\/14380"}],"wp:featuredmedia":[{"embeddable":true,"href":"https:\/\/ingvarvillido.com\/de\/wp-json\/wp\/v2\/media\/12582"}],"wp:attachment":[{"href":"https:\/\/ingvarvillido.com\/de\/wp-json\/wp\/v2\/media?parent=13821"}],"curies":[{"name":"wp","href":"https:\/\/api.w.org\/{rel}","templated":true}]}}