{"id":13813,"date":"2022-02-25T06:43:53","date_gmt":"2022-02-25T04:43:53","guid":{"rendered":"https:\/\/ingvarvillido.com\/vision-und-mission\/"},"modified":"2023-04-18T15:25:44","modified_gmt":"2023-04-18T12:25:44","slug":"vision-und-mission","status":"publish","type":"page","link":"https:\/\/ingvarvillido.com\/de\/vision-und-mission\/","title":{"rendered":"Vision Und Mission"},"content":{"rendered":"<p><div class=\"fusion-fullwidth fullwidth-box fusion-builder-row-1 fusion-flex-container nonhundred-percent-fullwidth non-hundred-percent-height-scrolling\" style=\"--awb-border-radius-top-left:0px;--awb-border-radius-top-right:0px;--awb-border-radius-bottom-right:0px;--awb-border-radius-bottom-left:0px;\" ><div class=\"fusion-builder-row fusion-row fusion-flex-align-items-flex-start fusion-flex-justify-content-center\" style=\"max-width:1216.8px;margin-left: calc(-4% \/ 2 );margin-right: calc(-4% \/ 2 );\"><div class=\"fusion-layout-column fusion_builder_column fusion-builder-column-0 fusion_builder_column_3_5 3_5 fusion-flex-column\" style=\"--awb-bg-size:cover;--awb-width-large:60%;--awb-margin-top-large:20px;--awb-spacing-right-large:3.2%;--awb-margin-bottom-large:20px;--awb-spacing-left-large:3.2%;--awb-width-medium:100%;--awb-order-medium:0;--awb-spacing-right-medium:1.92%;--awb-spacing-left-medium:1.92%;--awb-width-small:100%;--awb-order-small:0;--awb-spacing-right-small:1.92%;--awb-spacing-left-small:1.92%;\"><div class=\"fusion-column-wrapper fusion-column-has-shadow fusion-flex-justify-content-flex-start fusion-content-layout-column\"><div class=\"fusion-text fusion-text-1\" style=\"--awb-content-alignment:center;--awb-text-transform:none;\"><h2 style=\"font-size: 48px; line-height: 54px; font-family: 'Nunito Sans'; font-weight: 200;\" data-fusion-font=\"true\" data-fusion-google-font=\"Nunito Sans\" data-fusion-google-variant=\"200\">Vision<\/h2>\n<\/div><div class=\"fusion-separator\" style=\"align-self: center;margin-left: auto;margin-right: auto;margin-top:10px;margin-bottom:40px;width:100%;max-width:150px;\"><div class=\"fusion-separator-border sep-single sep-solid\" style=\"--awb-height:20px;--awb-amount:20px;border-color:var(--awb-color5);border-top-width:1px;\"><\/div><\/div><div class=\"fusion-text fusion-text-2\" style=\"--awb-text-transform:none;\"><h2 class=\"fusion-responsive-typography-calculated\" style=\"font-family: 'Nunito Sans'; font-weight: 200; --fontsize: 48; line-height: 1.4;\" data-fusion-font=\"true\" data-fusion-google-font=\"Nunito Sans\" data-fusion-google-variant=\"200\" data-fontsize=\"48\" data-lineheight=\"67.19999694824219px\"><\/h2>\n<p style=\"text-align: justify;\">Heute sehen wir zunehmenden Konsum, Konflikte und Wut sowie Depressionen. Wenn wir unsere emotionalen Probleme nicht l\u00f6sen, laufen wir Gefahr, uns selbst und den Rest der Welt zu zerst\u00f6ren.<\/p>\n<p style=\"text-align: justify;\">Ich glaube, dass wir Menschen eine gr\u00f6\u00dfere Positivit\u00e4t entwickeln und aus unserer Selbstvergessenheit herauskommen k\u00f6nnen. Deshalb m\u00f6chte ich der Menschheit zeigen, wie sie die Bewusstheit nutzen kann, um die Welt besser zu machen, einschlie\u00dflich:<\/p>\n<ul>\n<li>einer fortschrittlichen, ausgewogenen Gesellschaft.<\/li>\n<li>einer Lebensweise, in der wir die Bewusstheit nutzen, um uns selbst zu leiten und unser Leben und unsere inneren Welten zu lenken.<\/li>\n<\/ul>\n<p style=\"text-align: justify;\">Eine Person, die ihre nat\u00fcrliche Intelligenz, ihr Wohlwollen und ihre Initiative in den Vordergrund stellt, nenne ich Human 2.0. Diese Transformation tritt auf, wenn eine Person beschlie\u00dft, ihr vollstes Potenzial auszusch\u00f6pfen.<\/p>\n<\/div><\/div><\/div><\/div><\/div><div class=\"fusion-fullwidth fullwidth-box fusion-builder-row-2 fusion-flex-container nonhundred-percent-fullwidth non-hundred-percent-height-scrolling\" style=\"--awb-border-radius-top-left:0px;--awb-border-radius-top-right:0px;--awb-border-radius-bottom-right:0px;--awb-border-radius-bottom-left:0px;\" ><div class=\"fusion-builder-row fusion-row fusion-flex-align-items-flex-start fusion-flex-justify-content-center\" style=\"max-width:1216.8px;margin-left: calc(-4% \/ 2 );margin-right: calc(-4% \/ 2 );\"><div class=\"fusion-layout-column fusion_builder_column fusion-builder-column-1 fusion_builder_column_3_5 3_5 fusion-flex-column\" style=\"--awb-bg-size:cover;--awb-width-large:60%;--awb-margin-top-large:20px;--awb-spacing-right-large:3.2%;--awb-margin-bottom-large:120px;--awb-spacing-left-large:3.2%;--awb-width-medium:100%;--awb-order-medium:0;--awb-spacing-right-medium:1.92%;--awb-spacing-left-medium:1.92%;--awb-width-small:100%;--awb-order-small:0;--awb-spacing-right-small:1.92%;--awb-spacing-left-small:1.92%;\"><div class=\"fusion-column-wrapper fusion-column-has-shadow fusion-flex-justify-content-flex-start fusion-content-layout-column\"><div class=\"fusion-text fusion-text-3\" style=\"--awb-content-alignment:center;--awb-text-transform:none;\"><h2 style=\"font-size: 48px; line-height: 54px; font-family: 'Nunito Sans'; font-weight: 200;\" data-fusion-font=\"true\" data-fusion-google-font=\"Nunito Sans\" data-fusion-google-variant=\"200\">Mission<\/h2>\n<\/div><div class=\"fusion-separator\" style=\"align-self: center;margin-left: auto;margin-right: auto;margin-top:10px;margin-bottom:40px;width:100%;max-width:150px;\"><div class=\"fusion-separator-border sep-single sep-solid\" style=\"--awb-height:20px;--awb-amount:20px;border-color:var(--awb-color5);border-top-width:1px;\"><\/div><\/div><div class=\"fusion-text fusion-text-4\" style=\"--awb-text-transform:none;\"><h2 class=\"fusion-responsive-typography-calculated\" style=\"font-family: 'Nunito Sans'; font-weight: 200; --fontsize: 48; line-height: 1.4;\" data-fusion-font=\"true\" data-fusion-google-font=\"Nunito Sans\" data-fusion-google-variant=\"200\" data-fontsize=\"48\" data-lineheight=\"67.19999694824219px\"><\/h2>\n<p style=\"text-align: justify;\">Meine Mission ist es, jedem Menschen zu helfen, Negativit\u00e4t und Widrigkeiten zu \u00fcberwinden und in seinem Leben voranzukommen.<\/p>\n<p style=\"text-align: justify;\">Um den Menschen zu zeigen, wie sie Bewusstheit nutzen k\u00f6nnen, um Freiheit, Einfachheit, Wahrheit und Zufriedenheit zu erreichen, indem sie Folgendes entdecken:<\/p>\n<ul>\n<li style=\"text-align: justify;\">Bewusstheit der Realit\u00e4t \u2013 so wie sie ist \u2013 ist Wahrnehmung der Wahrheit.<\/li>\n<li style=\"text-align: justify;\">Freiheit kommt, wenn man weniger reagiert, da automatische Reaktionen die eigene Freiheit verringern.<\/li>\n<li style=\"text-align: justify;\">Indem du alles losl\u00e4sst, was du nicht bist<b>,<\/b> erreichst du Einfachheit und reduzierst das Leiden f\u00fcr dich selbst und andere.<\/li>\n<li style=\"text-align: justify;\">Wenn diese Dinge geschehen sind, erscheinen Zufriedenheit und Liebe auf nat\u00fcrliche Weise.<\/li>\n<\/ul>\n<\/div><\/div><\/div><\/div><\/div><div class=\"fusion-fullwidth fullwidth-box fusion-builder-row-3 fusion-flex-container nonhundred-percent-fullwidth non-hundred-percent-height-scrolling\" style=\"--awb-background-position:left top;--awb-border-sizes-top:0px;--awb-border-sizes-bottom:0px;--awb-border-sizes-left:0px;--awb-border-sizes-right:0px;--awb-border-radius-top-left:0px;--awb-border-radius-top-right:0px;--awb-border-radius-bottom-right:0px;--awb-border-radius-bottom-left:0px;--awb-padding-top:100px;--awb-padding-bottom:85px;--awb-background-color:var(--awb-color7);\" ><div class=\"fusion-builder-row fusion-row fusion-flex-align-items-stretch fusion-flex-justify-content-center\" style=\"max-width:1216.8px;margin-left: calc(-4% \/ 2 );margin-right: calc(-4% \/ 2 );\"><div class=\"fusion-layout-column fusion_builder_column fusion-builder-column-2 fusion_builder_column_2_3 2_3 fusion-flex-column fusion-flex-align-self-center\" style=\"--awb-bg-blend:overlay;--awb-bg-size:cover;--awb-width-large:66.666666666667%;--awb-margin-top-large:20px;--awb-spacing-right-large:2.88%;--awb-margin-bottom-large:10px;--awb-spacing-left-large:3.888%;--awb-width-medium:50%;--awb-spacing-right-medium:3.84%;--awb-spacing-left-medium:5.184%;--awb-width-small:100%;--awb-spacing-right-small:1.92%;--awb-spacing-left-small:1.92%;\"><div class=\"fusion-column-wrapper fusion-flex-justify-content-center fusion-content-layout-column\"><div style=\"text-align:center;\"><a class=\"fusion-button button-flat fusion-button-default-size button-default fusion-button-default button-1 fusion-button-default-span fusion-button-default-type\" target=\"_self\" href=\"https:\/\/ingvarvillido.com\/de\/practical-consciousness-klassen\/\"><span class=\"fusion-button-text\">Lernen<\/span><\/a><\/div><\/div><\/div><\/div><\/div><\/p>\n","protected":false},"excerpt":{"rendered":"","protected":false},"author":1,"featured_media":12588,"parent":0,"menu_order":0,"comment_status":"closed","ping_status":"closed","template":"100-width.php","meta":{"footnotes":""},"class_list":["post-13813","page","type-page","status-publish","has-post-thumbnail","hentry"],"yoast_head":"<!-- This site is optimized with the Yoast SEO plugin v20.8 - https:\/\/yoast.com\/wordpress\/plugins\/seo\/ -->\n<title>Vision Und Mission - Ingvar Villido<\/title>\n<meta name=\"robots\" content=\"index, follow, max-snippet:-1, max-image-preview:large, max-video-preview:-1\" \/>\n<link rel=\"canonical\" href=\"https:\/\/ingvarvillido.com\/de\/vision-und-mission\/\" \/>\n<meta property=\"og:locale\" content=\"de_DE\" \/>\n<meta property=\"og:type\" content=\"article\" \/>\n<meta property=\"og:title\" content=\"Vision Und Mission - Ingvar Villido\" \/>\n<meta property=\"og:url\" content=\"https:\/\/ingvarvillido.com\/de\/vision-und-mission\/\" \/>\n<meta property=\"og:site_name\" content=\"Ingvar Villido\" \/>\n<meta property=\"article:modified_time\" content=\"2023-04-18T12:25:44+00:00\" \/>\n<meta property=\"og:image\" content=\"https:\/\/ingvarvillido.com\/wp-content\/uploads\/2022\/03\/ingvarvillido.com-vision-mission-scaled-e1646688245317-1024x432.jpg\" \/>\n<meta name=\"twitter:card\" content=\"summary_large_image\" \/>\n<meta name=\"twitter:image\" content=\"https:\/\/ingvarvillido.com\/wp-content\/uploads\/2022\/03\/ingvarvillido.com-vision-mission-scaled-e1646688245317.jpg\" \/>\n<meta name=\"twitter:label1\" content=\"Gesch\u00e4tzte Lesezeit\" \/>\n\t<meta name=\"twitter:data1\" content=\"10\u00a0Minuten\" \/>\n<script type=\"application\/ld+json\" class=\"yoast-schema-graph\">{\"@context\":\"https:\/\/schema.org\",\"@graph\":[{\"@type\":\"WebPage\",\"@id\":\"https:\/\/ingvarvillido.com\/de\/vision-und-mission\/\",\"url\":\"https:\/\/ingvarvillido.com\/de\/vision-und-mission\/\",\"name\":\"Vision Und Mission - Ingvar Villido\",\"isPartOf\":{\"@id\":\"https:\/\/ingvarvillido.com\/de\/#website\"},\"datePublished\":\"2022-02-25T04:43:53+00:00\",\"dateModified\":\"2023-04-18T12:25:44+00:00\",\"breadcrumb\":{\"@id\":\"https:\/\/ingvarvillido.com\/de\/vision-und-mission\/#breadcrumb\"},\"inLanguage\":\"de\",\"potentialAction\":[{\"@type\":\"ReadAction\",\"target\":[\"https:\/\/ingvarvillido.com\/de\/vision-und-mission\/\"]}]},{\"@type\":\"BreadcrumbList\",\"@id\":\"https:\/\/ingvarvillido.com\/de\/vision-und-mission\/#breadcrumb\",\"itemListElement\":[{\"@type\":\"ListItem\",\"position\":1,\"name\":\"Home\",\"item\":\"https:\/\/ingvarvillido.com\/de\/\"},{\"@type\":\"ListItem\",\"position\":2,\"name\":\"Vision Und Mission\"}]},{\"@type\":\"WebSite\",\"@id\":\"https:\/\/ingvarvillido.com\/de\/#website\",\"url\":\"https:\/\/ingvarvillido.com\/de\/\",\"name\":\"Ingvar Villido\",\"description\":\"Teacher, Researcher, Author, Yogi\",\"publisher\":{\"@id\":\"https:\/\/ingvarvillido.com\/de\/#organization\"},\"potentialAction\":[{\"@type\":\"SearchAction\",\"target\":{\"@type\":\"EntryPoint\",\"urlTemplate\":\"https:\/\/ingvarvillido.com\/de\/?s={search_term_string}\"},\"query-input\":\"required name=search_term_string\"}],\"inLanguage\":\"de\"},{\"@type\":\"Organization\",\"@id\":\"https:\/\/ingvarvillido.com\/de\/#organization\",\"name\":\"Ingvar Villido\",\"url\":\"https:\/\/ingvarvillido.com\/de\/\",\"logo\":{\"@type\":\"ImageObject\",\"inLanguage\":\"de\",\"@id\":\"https:\/\/ingvarvillido.com\/de\/#\/schema\/logo\/image\/\",\"url\":\"\",\"contentUrl\":\"\",\"caption\":\"Ingvar Villido\"},\"image\":{\"@id\":\"https:\/\/ingvarvillido.com\/de\/#\/schema\/logo\/image\/\"}}]}<\/script>\n<!-- \/ Yoast SEO plugin. -->","yoast_head_json":{"title":"Vision Und Mission - Ingvar Villido","robots":{"index":"index","follow":"follow","max-snippet":"max-snippet:-1","max-image-preview":"max-image-preview:large","max-video-preview":"max-video-preview:-1"},"canonical":"https:\/\/ingvarvillido.com\/de\/vision-und-mission\/","og_locale":"de_DE","og_type":"article","og_title":"Vision Und Mission - Ingvar Villido","og_url":"https:\/\/ingvarvillido.com\/de\/vision-und-mission\/","og_site_name":"Ingvar Villido","article_modified_time":"2023-04-18T12:25:44+00:00","og_image":[{"url":"https:\/\/ingvarvillido.com\/wp-content\/uploads\/2022\/03\/ingvarvillido.com-vision-mission-scaled-e1646688245317-1024x432.jpg"}],"twitter_card":"summary_large_image","twitter_image":"https:\/\/ingvarvillido.com\/wp-content\/uploads\/2022\/03\/ingvarvillido.com-vision-mission-scaled-e1646688245317.jpg","twitter_misc":{"Gesch\u00e4tzte Lesezeit":"10\u00a0Minuten"},"schema":{"@context":"https:\/\/schema.org","@graph":[{"@type":"WebPage","@id":"https:\/\/ingvarvillido.com\/de\/vision-und-mission\/","url":"https:\/\/ingvarvillido.com\/de\/vision-und-mission\/","name":"Vision Und Mission - Ingvar Villido","isPartOf":{"@id":"https:\/\/ingvarvillido.com\/de\/#website"},"datePublished":"2022-02-25T04:43:53+00:00","dateModified":"2023-04-18T12:25:44+00:00","breadcrumb":{"@id":"https:\/\/ingvarvillido.com\/de\/vision-und-mission\/#breadcrumb"},"inLanguage":"de","potentialAction":[{"@type":"ReadAction","target":["https:\/\/ingvarvillido.com\/de\/vision-und-mission\/"]}]},{"@type":"BreadcrumbList","@id":"https:\/\/ingvarvillido.com\/de\/vision-und-mission\/#breadcrumb","itemListElement":[{"@type":"ListItem","position":1,"name":"Home","item":"https:\/\/ingvarvillido.com\/de\/"},{"@type":"ListItem","position":2,"name":"Vision Und Mission"}]},{"@type":"WebSite","@id":"https:\/\/ingvarvillido.com\/de\/#website","url":"https:\/\/ingvarvillido.com\/de\/","name":"Ingvar Villido","description":"Teacher, Researcher, Author, Yogi","publisher":{"@id":"https:\/\/ingvarvillido.com\/de\/#organization"},"potentialAction":[{"@type":"SearchAction","target":{"@type":"EntryPoint","urlTemplate":"https:\/\/ingvarvillido.com\/de\/?s={search_term_string}"},"query-input":"required name=search_term_string"}],"inLanguage":"de"},{"@type":"Organization","@id":"https:\/\/ingvarvillido.com\/de\/#organization","name":"Ingvar Villido","url":"https:\/\/ingvarvillido.com\/de\/","logo":{"@type":"ImageObject","inLanguage":"de","@id":"https:\/\/ingvarvillido.com\/de\/#\/schema\/logo\/image\/","url":"","contentUrl":"","caption":"Ingvar Villido"},"image":{"@id":"https:\/\/ingvarvillido.com\/de\/#\/schema\/logo\/image\/"}}]}},"_links":{"self":[{"href":"https:\/\/ingvarvillido.com\/de\/wp-json\/wp\/v2\/pages\/13813","targetHints":{"allow":["GET"]}}],"collection":[{"href":"https:\/\/ingvarvillido.com\/de\/wp-json\/wp\/v2\/pages"}],"about":[{"href":"https:\/\/ingvarvillido.com\/de\/wp-json\/wp\/v2\/types\/page"}],"author":[{"embeddable":true,"href":"https:\/\/ingvarvillido.com\/de\/wp-json\/wp\/v2\/users\/1"}],"replies":[{"embeddable":true,"href":"https:\/\/ingvarvillido.com\/de\/wp-json\/wp\/v2\/comments?post=13813"}],"version-history":[{"count":3,"href":"https:\/\/ingvarvillido.com\/de\/wp-json\/wp\/v2\/pages\/13813\/revisions"}],"predecessor-version":[{"id":13895,"href":"https:\/\/ingvarvillido.com\/de\/wp-json\/wp\/v2\/pages\/13813\/revisions\/13895"}],"wp:featuredmedia":[{"embeddable":true,"href":"https:\/\/ingvarvillido.com\/de\/wp-json\/wp\/v2\/media\/12588"}],"wp:attachment":[{"href":"https:\/\/ingvarvillido.com\/de\/wp-json\/wp\/v2\/media?parent=13813"}],"curies":[{"name":"wp","href":"https:\/\/api.w.org\/{rel}","templated":true}]}}