{"id":13810,"date":"2022-02-25T06:50:22","date_gmt":"2022-02-25T04:50:22","guid":{"rendered":"https:\/\/ingvarvillido.com\/meine-story\/"},"modified":"2024-11-30T21:55:13","modified_gmt":"2024-11-30T19:55:13","slug":"meine-story","status":"publish","type":"page","link":"https:\/\/ingvarvillido.com\/de\/meine-story\/","title":{"rendered":"Meine Story"},"content":{"rendered":"<p><div class=\"fusion-fullwidth fullwidth-box fusion-builder-row-1 fusion-flex-container nonhundred-percent-fullwidth non-hundred-percent-height-scrolling\" style=\"--awb-border-radius-top-left:0px;--awb-border-radius-top-right:0px;--awb-border-radius-bottom-right:0px;--awb-border-radius-bottom-left:0px;\" ><div class=\"fusion-builder-row fusion-row fusion-flex-align-items-flex-start fusion-flex-justify-content-center\" style=\"max-width:1216.8px;margin-left: calc(-4% \/ 2 );margin-right: calc(-4% \/ 2 );\"><div class=\"fusion-layout-column fusion_builder_column fusion-builder-column-0 fusion_builder_column_3_5 3_5 fusion-flex-column fusion-flex-align-self-center\" style=\"--awb-bg-size:cover;--awb-width-large:60%;--awb-margin-top-large:20px;--awb-spacing-right-large:3.2%;--awb-margin-bottom-large:120px;--awb-spacing-left-large:3.2%;--awb-width-medium:100%;--awb-order-medium:0;--awb-spacing-right-medium:1.92%;--awb-spacing-left-medium:1.92%;--awb-width-small:100%;--awb-order-small:0;--awb-spacing-right-small:1.92%;--awb-spacing-left-small:1.92%;\"><div class=\"fusion-column-wrapper fusion-column-has-shadow fusion-flex-justify-content-flex-start fusion-content-layout-column\"><div class=\"fusion-text fusion-text-1\" style=\"--awb-content-alignment:center;--awb-text-transform:none;\"><h2 style=\"font-size: 48px; line-height: 54px; font-family: 'Nunito Sans'; font-weight: 200;\" data-fusion-font=\"true\" data-fusion-google-font=\"Nunito Sans\" data-fusion-google-variant=\"200\">Meine Story<\/h2>\n<\/div><div class=\"fusion-separator\" style=\"align-self: center;margin-left: auto;margin-right: auto;margin-top:10px;margin-bottom:40px;width:100%;max-width:150px;\"><div class=\"fusion-separator-border sep-single sep-solid\" style=\"--awb-height:20px;--awb-amount:20px;border-color:var(--awb-color5);border-top-width:1px;\"><\/div><\/div><div class=\"fusion-text fusion-text-2\" style=\"--awb-text-transform:none;\"><h2 class=\"fusion-responsive-typography-calculated\" style=\"font-family: 'Nunito Sans'; font-weight: 200; --fontsize: 48; line-height: 1.4;\" data-fusion-font=\"true\" data-fusion-google-font=\"Nunito Sans\" data-fusion-google-variant=\"200\" data-fontsize=\"48\" data-lineheight=\"67.2px\"><\/h2>\n<p align=\"justify\">Was hat sich in meinem Leben ver\u00e4ndert? Alles. Ich habe gefunden, wonach jeder im Leben sucht, und ich helfe anderen, es auch zu finden. Das ist meine Lebensreise.<\/p>\n<p align=\"justify\">Zuerst war ich ein Sucher wie du, auf der Suche nach Antworten. Ich erkannte meine Bewusstheit und hielt sie dann kontinuierlich aufrecht. Ich suchte die Quelle der Einsicht und wurde eins mit ihr. Jahrelange \u00dcbung f\u00fchrte zur Verwirklichung des Wahren Selbst, und das blieb ich. Nachdem ich die Antworten f\u00fcr das Leben gefunden hatte, wurde ich grenzenlos; nun bin ich Das.<\/p>\n<p align=\"justify\">Seit meiner fr\u00fchen Kindheit ist meine neugierige Natur ausgepr\u00e4gt, und ich habe eine ingenieurwissenschaftliche Denkweise von meinem Gro\u00dfvater geerbt. Ich war fasziniert vom Wachstum von B\u00e4umen und Pflanzen und dem Innenleben der Dinge. Ich hatte viele Fragen wie: Wer bin ich? Was mache ich an diesem Ort? Ich brauchte Antworten, und es wurde wichtig, eine innere Metamorphose zu durchlaufen. Ich begann, den menschlichen Zustand zu untersuchen.<\/p>\n<p align=\"justify\">Ich praktizierte Pranayama im Alter von sieben Jahren, basierend auf einer Beschreibung in einer sowjetischen Zeitschrift. Zu dieser Zeit erreichte ich einen Zustand, der tiefer war als das gew\u00f6hnliche Bewusstsein, von dem ich sp\u00e4ter entdeckte, dass es sich um den Turiya-Zustand handelte. Ich traf meinen ersten Lehrer in der Armee und begann 1981 intensiv zu \u00fcben. Ich besuchte viele spirituelle Lehrer und praktizierte Traditionen und Methoden in mehreren L\u00e4ndern. Ich erhielt Einweihungen von Dzogchen-Meister Namkhai Norbu, Chetsang Kyabgon Rinpoche, dem Oberlama der Drigung Kagy\u00fc-Schule, und den buddhistischen Lehrern Chime Rigdzin Rinpoche und Drubwang Rinpoche. Aber ich habe keine vollst\u00e4ndigen Antworten auf meine Fragen gefunden.<\/p>\n<p align=\"justify\">1992 begann ich Yoga zu unterrichten, und 1993 gr\u00fcndeten wir das Lilleoru Zentrum. Zusammen mit meinen Sch\u00fclern und Sch\u00fclerinnen praktizierte ich mehrere Ans\u00e4tze, einschlie\u00dflich des Weges der \u00d6ffnung des Herzens, mystischer Erfahrungen und mehr. Diese Erfahrungen waren kraftvoll und voller Entdeckungen, f\u00fchrten aber nicht zu einer tiefgreifenden Transformation im t\u00e4glichen Leben. Ich habe tiefer gegraben, um diesen Stolperstein zu verstehen. Da wurde mir klar, wie unbewusste Prozesse unser Leben pr\u00e4gen.<\/p>\n<p align=\"justify\">Im Jahr 2000 gab mir ein Freund das Buch <span style=\"font-family: Lato; font-style: italic; font-weight: 300;\" data-fusion-font=\"true\" data-fusion-google-font=\"Lato\" data-fusion-google-variant=\"300italic\">Babaji and the 18 Siddha Kriya Yoga Tradition<\/span> von M. Govindan Satchidananda. Es hatte eine F\u00fcnf-Satz-Beschreibung des menschlichen yogischen F\u00fcnf-K\u00f6rper-Systems. Ich war zuvor auf das F\u00fcnf-K\u00f6rper-Konzept gesto\u00dfen, aber dies passte mit meinen Wissen und meiner Erfahrung zusammen. Ich erkannte die Quelle des Wissens. Ich kontaktierte den Autor des Buches und lud ihn nach Estland ein, um Babajis Kriya Yoga zu unterrichten.<\/p>\n<p align=\"justify\">Zus\u00e4tzlich zu den Kraftorten und heiligen St\u00e4tten in Lilleoru haben wir einen wei\u00dfen Tempel hinzugef\u00fcgt, in dem die Besucher die Essenz der Stille erleben k\u00f6nnen. Im Jahr 2002 weihte mich Shri Muniraj, damals Leiter der Haidakhan Babaji Ashrams weltweit, in die vedische Tradition ein. Seitdem haben wir Havans in Lilleoru durchgef\u00fchrt, hochentwickelte vedische Feuerzeremonien, die die Verbindungen zu Naturkr\u00e4ften st\u00e4rken.<\/p>\n<p align=\"justify\">Im Jahr 2004 weihte mich Acharya D. Ahlund in Babajis Kriya Yoga ein, basierend auf der tamilischen 18 Siddhar Tradition. W\u00e4hrend eines sp\u00e4teren Besuchs lud mich M. Govindan Satchidananda ein, Kriya Yoga zu unterrichten, und 2007 wurde ich ein Acharya (Meisterlehrer) mit dem spirituellen Namen Ishwarananda.<\/p>\n<p align=\"justify\">Ich habe auf meinen Reisen zahlreiche Lehren praktiziert, aber keine war umfassend oder beantwortete alle meine Fragen. Mit dem Erscheinen von Siddha Yoga wurde mein gesamtes Vorwissen koh\u00e4rent. Heute lehre ich die Siddha-Yoga-Lehren, basierend auf dem pr\u00e4zisen Wissen und den Praktiken der Siddhas, mit besonderem Fokus auf die Lehren von Mahasiddha Agathiyar und Patanjalis Yoga-Sutras.<\/p>\n<p align=\"justify\">Immer mehr Menschen kamen nach Lilleoru, um etwas \u00fcber bewusste Zusammenarbeit zu lernen und Bewusstheit in ihren t\u00e4glichen Aktivit\u00e4ten zu praktizieren. Wir bauten die \u00e4u\u00dferen Bl\u00fctenbl\u00e4tter des Parks der Blume des Lebens, die wir mit Heilpflanzen bepflanzten. Ich weihte das Kriya Yantra im Herzen der Blume des Lebens und das Kali-Tor am Eingang des Parks. Wir begannen die Tage der offenen T\u00fcr in Lilleoru, und eine Reihe bedeutender spiritueller Lehrer und Lehrerinnen haben uns besucht.<\/p>\n<p align=\"justify\">Ich beobachtete, dass das prim\u00e4re Hindernis f\u00fcr Ver\u00e4nderungen im Menschen der interne Autopilot ist &#8211; Einfl\u00fcsse des Unterbewusstseins. Ich habe jahrelang nach M\u00f6glichkeiten gesucht, wie Menschen ihren Autopiloten deaktivieren k\u00f6nnen. Ich habe 2008 mit Practical Consciousness (ehemals Art of Conscious Change) begonnen, um Menschen dabei zu helfen, ihre emotionalen und mentalen Blockaden zu \u00fcberwinden, damit sie im gegenw\u00e4rtigen Moment leben und bewusster sein k\u00f6nnen.<\/p>\n<p align=\"justify\">Ab 2010 luden mich Menschen in anderen L\u00e4ndern ein, Practical Consciousness zu unterrichten. Nach zehn Jahren bildete ich die erste Gruppe von Lehrern und Lehrerinnen f\u00fcr Practical Consciousness aus. Bis 2021 habe ich fast vierzig Lehrer und Lehrerinnen f\u00fcr Practical Consciousness aus Estland, den Vereinigten Staaten, Deutschland, Finnland, D\u00e4nemark, Russland, Irland und Nordmazedonien zertifiziert. Neben dem Ausbildungszentrum in Lilleoru in Estland haben wir im ersten Halbjahr 2022 Practical Consciousness Schools in San Francisco in den USA sowie Irland und Deutschland gegr\u00fcndet. Wir werden in naher Zukunft Schulen in D\u00e4nemark, Finnland und Nordmazedonien er\u00f6ffnen.<\/p>\n<\/div><\/div><\/div><\/div><\/div><div class=\"fusion-fullwidth fullwidth-box fusion-builder-row-2 fusion-flex-container nonhundred-percent-fullwidth non-hundred-percent-height-scrolling\" style=\"--awb-background-position:left top;--awb-border-sizes-top:0px;--awb-border-sizes-bottom:0px;--awb-border-sizes-left:0px;--awb-border-sizes-right:0px;--awb-border-radius-top-left:0px;--awb-border-radius-top-right:0px;--awb-border-radius-bottom-right:0px;--awb-border-radius-bottom-left:0px;--awb-padding-top:100px;--awb-padding-bottom:85px;--awb-background-color:var(--awb-color7);\" ><div class=\"fusion-builder-row fusion-row fusion-flex-align-items-stretch fusion-flex-justify-content-center\" style=\"max-width:1216.8px;margin-left: calc(-4% \/ 2 );margin-right: calc(-4% \/ 2 );\"><div class=\"fusion-layout-column fusion_builder_column fusion-builder-column-1 fusion_builder_column_2_3 2_3 fusion-flex-column fusion-flex-align-self-center\" style=\"--awb-bg-blend:overlay;--awb-bg-size:cover;--awb-width-large:66.666666666667%;--awb-margin-top-large:20px;--awb-spacing-right-large:2.88%;--awb-margin-bottom-large:10px;--awb-spacing-left-large:3.888%;--awb-width-medium:50%;--awb-spacing-right-medium:3.84%;--awb-spacing-left-medium:5.184%;--awb-width-small:100%;--awb-spacing-right-small:1.92%;--awb-spacing-left-small:1.92%;\"><div class=\"fusion-column-wrapper fusion-flex-justify-content-center fusion-content-layout-column\"><div style=\"text-align:center;\"><a class=\"fusion-button button-flat fusion-button-default-size button-default fusion-button-default button-1 fusion-button-default-span fusion-button-default-type\" target=\"_self\" href=\"https:\/\/ingvarvillido.com\/de\/vision-und-mission\/\"><span class=\"fusion-button-text\">Vision<\/span><\/a><\/div><\/div><\/div><\/div><\/div><\/p>\n","protected":false},"excerpt":{"rendered":"","protected":false},"author":1,"featured_media":12678,"parent":0,"menu_order":0,"comment_status":"closed","ping_status":"closed","template":"100-width.php","meta":{"footnotes":""},"class_list":["post-13810","page","type-page","status-publish","has-post-thumbnail","hentry"],"yoast_head":"<!-- This site is optimized with the Yoast SEO plugin v20.8 - https:\/\/yoast.com\/wordpress\/plugins\/seo\/ -->\n<title>Meine Story - Ingvar Villido<\/title>\n<meta name=\"robots\" content=\"index, follow, max-snippet:-1, max-image-preview:large, max-video-preview:-1\" \/>\n<link rel=\"canonical\" href=\"https:\/\/ingvarvillido.com\/de\/meine-story\/\" \/>\n<meta property=\"og:locale\" content=\"de_DE\" \/>\n<meta property=\"og:type\" content=\"article\" \/>\n<meta property=\"og:title\" content=\"Meine Story - Ingvar Villido\" \/>\n<meta property=\"og:url\" content=\"https:\/\/ingvarvillido.com\/de\/meine-story\/\" \/>\n<meta property=\"og:site_name\" content=\"Ingvar Villido\" \/>\n<meta property=\"article:modified_time\" content=\"2024-11-30T19:55:13+00:00\" \/>\n<meta property=\"og:image\" content=\"https:\/\/ingvarvillido.com\/wp-content\/uploads\/2022\/03\/ingvarvillido.com-my-story-scaled-e1647544470764-1024x432.jpg\" \/>\n<meta name=\"twitter:card\" content=\"summary_large_image\" \/>\n<meta name=\"twitter:image\" content=\"https:\/\/ingvarvillido.com\/wp-content\/uploads\/2022\/03\/ingvarvillido.com-my-story-scaled-e1647544470764.jpg\" \/>\n<meta name=\"twitter:label1\" content=\"Gesch\u00e4tzte Lesezeit\" \/>\n\t<meta name=\"twitter:data1\" content=\"9\u00a0Minuten\" \/>\n<script type=\"application\/ld+json\" class=\"yoast-schema-graph\">{\"@context\":\"https:\/\/schema.org\",\"@graph\":[{\"@type\":\"WebPage\",\"@id\":\"https:\/\/ingvarvillido.com\/de\/meine-story\/\",\"url\":\"https:\/\/ingvarvillido.com\/de\/meine-story\/\",\"name\":\"Meine Story - Ingvar Villido\",\"isPartOf\":{\"@id\":\"https:\/\/ingvarvillido.com\/de\/#website\"},\"datePublished\":\"2022-02-25T04:50:22+00:00\",\"dateModified\":\"2024-11-30T19:55:13+00:00\",\"breadcrumb\":{\"@id\":\"https:\/\/ingvarvillido.com\/de\/meine-story\/#breadcrumb\"},\"inLanguage\":\"de\",\"potentialAction\":[{\"@type\":\"ReadAction\",\"target\":[\"https:\/\/ingvarvillido.com\/de\/meine-story\/\"]}]},{\"@type\":\"BreadcrumbList\",\"@id\":\"https:\/\/ingvarvillido.com\/de\/meine-story\/#breadcrumb\",\"itemListElement\":[{\"@type\":\"ListItem\",\"position\":1,\"name\":\"Home\",\"item\":\"https:\/\/ingvarvillido.com\/de\/\"},{\"@type\":\"ListItem\",\"position\":2,\"name\":\"Meine Story\"}]},{\"@type\":\"WebSite\",\"@id\":\"https:\/\/ingvarvillido.com\/de\/#website\",\"url\":\"https:\/\/ingvarvillido.com\/de\/\",\"name\":\"Ingvar Villido\",\"description\":\"Teacher, Researcher, Author, Yogi\",\"publisher\":{\"@id\":\"https:\/\/ingvarvillido.com\/de\/#organization\"},\"potentialAction\":[{\"@type\":\"SearchAction\",\"target\":{\"@type\":\"EntryPoint\",\"urlTemplate\":\"https:\/\/ingvarvillido.com\/de\/?s={search_term_string}\"},\"query-input\":\"required name=search_term_string\"}],\"inLanguage\":\"de\"},{\"@type\":\"Organization\",\"@id\":\"https:\/\/ingvarvillido.com\/de\/#organization\",\"name\":\"Ingvar Villido\",\"url\":\"https:\/\/ingvarvillido.com\/de\/\",\"logo\":{\"@type\":\"ImageObject\",\"inLanguage\":\"de\",\"@id\":\"https:\/\/ingvarvillido.com\/de\/#\/schema\/logo\/image\/\",\"url\":\"\",\"contentUrl\":\"\",\"caption\":\"Ingvar Villido\"},\"image\":{\"@id\":\"https:\/\/ingvarvillido.com\/de\/#\/schema\/logo\/image\/\"}}]}<\/script>\n<!-- \/ Yoast SEO plugin. -->","yoast_head_json":{"title":"Meine Story - Ingvar Villido","robots":{"index":"index","follow":"follow","max-snippet":"max-snippet:-1","max-image-preview":"max-image-preview:large","max-video-preview":"max-video-preview:-1"},"canonical":"https:\/\/ingvarvillido.com\/de\/meine-story\/","og_locale":"de_DE","og_type":"article","og_title":"Meine Story - Ingvar Villido","og_url":"https:\/\/ingvarvillido.com\/de\/meine-story\/","og_site_name":"Ingvar Villido","article_modified_time":"2024-11-30T19:55:13+00:00","og_image":[{"url":"https:\/\/ingvarvillido.com\/wp-content\/uploads\/2022\/03\/ingvarvillido.com-my-story-scaled-e1647544470764-1024x432.jpg"}],"twitter_card":"summary_large_image","twitter_image":"https:\/\/ingvarvillido.com\/wp-content\/uploads\/2022\/03\/ingvarvillido.com-my-story-scaled-e1647544470764.jpg","twitter_misc":{"Gesch\u00e4tzte Lesezeit":"9\u00a0Minuten"},"schema":{"@context":"https:\/\/schema.org","@graph":[{"@type":"WebPage","@id":"https:\/\/ingvarvillido.com\/de\/meine-story\/","url":"https:\/\/ingvarvillido.com\/de\/meine-story\/","name":"Meine Story - Ingvar Villido","isPartOf":{"@id":"https:\/\/ingvarvillido.com\/de\/#website"},"datePublished":"2022-02-25T04:50:22+00:00","dateModified":"2024-11-30T19:55:13+00:00","breadcrumb":{"@id":"https:\/\/ingvarvillido.com\/de\/meine-story\/#breadcrumb"},"inLanguage":"de","potentialAction":[{"@type":"ReadAction","target":["https:\/\/ingvarvillido.com\/de\/meine-story\/"]}]},{"@type":"BreadcrumbList","@id":"https:\/\/ingvarvillido.com\/de\/meine-story\/#breadcrumb","itemListElement":[{"@type":"ListItem","position":1,"name":"Home","item":"https:\/\/ingvarvillido.com\/de\/"},{"@type":"ListItem","position":2,"name":"Meine Story"}]},{"@type":"WebSite","@id":"https:\/\/ingvarvillido.com\/de\/#website","url":"https:\/\/ingvarvillido.com\/de\/","name":"Ingvar Villido","description":"Teacher, Researcher, Author, Yogi","publisher":{"@id":"https:\/\/ingvarvillido.com\/de\/#organization"},"potentialAction":[{"@type":"SearchAction","target":{"@type":"EntryPoint","urlTemplate":"https:\/\/ingvarvillido.com\/de\/?s={search_term_string}"},"query-input":"required name=search_term_string"}],"inLanguage":"de"},{"@type":"Organization","@id":"https:\/\/ingvarvillido.com\/de\/#organization","name":"Ingvar Villido","url":"https:\/\/ingvarvillido.com\/de\/","logo":{"@type":"ImageObject","inLanguage":"de","@id":"https:\/\/ingvarvillido.com\/de\/#\/schema\/logo\/image\/","url":"","contentUrl":"","caption":"Ingvar Villido"},"image":{"@id":"https:\/\/ingvarvillido.com\/de\/#\/schema\/logo\/image\/"}}]}},"_links":{"self":[{"href":"https:\/\/ingvarvillido.com\/de\/wp-json\/wp\/v2\/pages\/13810","targetHints":{"allow":["GET"]}}],"collection":[{"href":"https:\/\/ingvarvillido.com\/de\/wp-json\/wp\/v2\/pages"}],"about":[{"href":"https:\/\/ingvarvillido.com\/de\/wp-json\/wp\/v2\/types\/page"}],"author":[{"embeddable":true,"href":"https:\/\/ingvarvillido.com\/de\/wp-json\/wp\/v2\/users\/1"}],"replies":[{"embeddable":true,"href":"https:\/\/ingvarvillido.com\/de\/wp-json\/wp\/v2\/comments?post=13810"}],"version-history":[{"count":7,"href":"https:\/\/ingvarvillido.com\/de\/wp-json\/wp\/v2\/pages\/13810\/revisions"}],"predecessor-version":[{"id":14386,"href":"https:\/\/ingvarvillido.com\/de\/wp-json\/wp\/v2\/pages\/13810\/revisions\/14386"}],"wp:featuredmedia":[{"embeddable":true,"href":"https:\/\/ingvarvillido.com\/de\/wp-json\/wp\/v2\/media\/12678"}],"wp:attachment":[{"href":"https:\/\/ingvarvillido.com\/de\/wp-json\/wp\/v2\/media?parent=13810"}],"curies":[{"name":"wp","href":"https:\/\/api.w.org\/{rel}","templated":true}]}}