{"id":13804,"date":"2022-02-25T06:47:48","date_gmt":"2022-02-25T04:47:48","guid":{"rendered":"https:\/\/ingvarvillido.com\/uber\/"},"modified":"2024-05-23T18:14:47","modified_gmt":"2024-05-23T15:14:47","slug":"uber","status":"publish","type":"page","link":"https:\/\/ingvarvillido.com\/de\/uber\/","title":{"rendered":"\u00dcber"},"content":{"rendered":"<p><div class=\"fusion-fullwidth fullwidth-box fusion-builder-row-1 fusion-flex-container hundred-percent-fullwidth non-hundred-percent-height-scrolling\" style=\"--awb-border-radius-top-left:0px;--awb-border-radius-top-right:0px;--awb-border-radius-bottom-right:0px;--awb-border-radius-bottom-left:0px;--awb-margin-bottom:60px;\" ><div class=\"fusion-builder-row fusion-row fusion-flex-align-items-center fusion-flex-justify-content-center\" style=\"width:104% !important;max-width:104% !important;margin-left: calc(-4% \/ 2 );margin-right: calc(-4% \/ 2 );\"><div class=\"fusion-layout-column fusion_builder_column fusion-builder-column-0 fusion_builder_column_3_5 3_5 fusion-flex-column fusion-flex-align-self-center\" style=\"--awb-bg-size:cover;--awb-width-large:60%;--awb-margin-top-large:20px;--awb-spacing-right-large:3.2%;--awb-margin-bottom-large:20px;--awb-spacing-left-large:3.2%;--awb-width-medium:100%;--awb-order-medium:0;--awb-spacing-right-medium:1.92%;--awb-spacing-left-medium:1.92%;--awb-width-small:100%;--awb-order-small:0;--awb-spacing-right-small:1.92%;--awb-spacing-left-small:1.92%;\"><div class=\"fusion-column-wrapper fusion-column-has-shadow fusion-flex-justify-content-flex-start fusion-content-layout-column\"><div class=\"fusion-title title fusion-title-1 fusion-title-text fusion-title-size-one\"><div class=\"title-sep-container title-sep-container-left fusion-no-large-visibility fusion-no-medium-visibility fusion-no-small-visibility\"><div class=\"title-sep sep- sep-solid\" style=\"border-color:var(--awb-color3);\"><\/div><\/div><span class=\"awb-title-spacer fusion-no-large-visibility fusion-no-medium-visibility fusion-no-small-visibility\"><\/span><h1 class=\"title-heading-left fusion-responsive-typography-calculated\" style=\"margin:0;--fontSize:62;line-height:1;\"><\/h1><span class=\"awb-title-spacer\"><\/span><div class=\"title-sep-container title-sep-container-right\"><div class=\"title-sep sep- sep-solid\" style=\"border-color:var(--awb-color3);\"><\/div><\/div><\/div><div class=\"fusion-separator\" style=\"align-self: center;margin-left: auto;margin-right: auto;margin-top:10px;margin-bottom:40px;width:100%;max-width:150px;\"><div class=\"fusion-separator-border sep-single sep-solid\" style=\"--awb-height:20px;--awb-amount:20px;border-color:var(--awb-color5);border-top-width:1px;\"><\/div><\/div><div class=\"fusion-text fusion-text-1\" style=\"--awb-text-transform:none;\"><h1 class=\"fusion-responsive-typography-calculated\" style=\"font-family: 'Nunito Sans'; font-weight: 200; --fontsize: 62; line-height: 1;\" data-fusion-font=\"true\" data-fusion-google-font=\"Nunito Sans\" data-fusion-google-variant=\"200\" data-fontsize=\"62\" data-lineheight=\"62px\"><\/h1>\n<p align=\"justify\">Ingvar Villido wurde in Estland geboren und lebt derzeit dort. Er entwickelt spirituelle Techniken, die pr\u00e4zise, effektiv und einfach anzuwenden sind.<\/p>\n<p align=\"justify\">Ingvar wuchs in Tartu, Estland, auf, wo er eine Wertsch\u00e4tzung f\u00fcr die Natur und eine experimentelle und technische Denkweise entwickelte. Von 1980-1990 praktizierte er spirituelle und yogische Methoden im In- und Ausland. Er erhielt Einweihung und Training in Kampfkunst, Akupunktur, Raja-, Buddhi- und Agni Yoga, Oshos Lehren, Buddhismus, Dzogchen, Schamanismus und mehr. Dennoch war er nicht in der Lage, umfassende Antworten auf seine Fragen zu finden, also begann er, uraltes menschliches Wissen auf eigene Faust zu studieren.<\/p>\n<p align=\"justify\">In den Jahren 1992-1993 begann Ingvar Raja und Buddhi Yoga zu unterrichten und gr\u00fcndete Lilleoru in Aruvalla, Estland, ein Zentrum f\u00fcr praktisches Bewusstsein mit dem weltweit gr\u00f6\u00dften Park mit der Blume des Lebens. Er experimentierte mit verschiedenen Lehrmethoden, um ein umfassendes System f\u00fcr die menschliche Entwicklung zu entwickeln.<\/p>\n<p align=\"justify\">Der Ashram im Lilleoru Zentrum f\u00fcr praktisches Bewusstsein befindet sich seit 2002 in der Haidakhan Babaji Tradition (Sadashivadham). Ishwarananda Ashram Sat Cit Agastishwarar Gurukulam folgt den Praktiken traditioneller vedischer Feuerzeremonien (Havans, Aartis), Karma Yoga und mehr.<\/p>\n<p align=\"justify\">Ingvars tiefe Untersuchung des menschlichen Lebens hat einzigartige Einblicke in das menschliche Potenzial ergeben, die eine schnelle Transformation erm\u00f6glichen. Er teilt seine Entdeckungen weiterhin mit seinen Sch\u00fclern, und Sch\u00fclerinnen die den Begriff &#8220;Ishwarananda Yoga&#8221; gepr\u00e4gt haben, um diesen dynamischen Weg zu beschreiben.<\/p>\n<p align=\"justify\">Seine wissenschaftliche Herangehensweise an die Feinheiten des menschlichen Daseins f\u00fchrte ihn dazu, Vortr\u00e4ge auf internationalen Konferenzen \u00fcber menschliche Psychologie und Bewusstsein zu halten. Ingvar hat Vortr\u00e4ge \u00fcber die menschliche Entwicklung auf der ganzen Welt gehalten. Mehr als 30.000 Menschen haben an seinen Vortr\u00e4gen, Veranstaltungen und Kursen teilgenommen. Er trat in Radio und Fernsehen in Estland, Luxemburg und Russland auf.<\/p>\n<p align=\"justify\">In Tamil Nadu in Indien besuchten und unterst\u00fctzen Ingvar und seine Sch\u00fcler und Sch\u00fclerinnen seit 2013 die Residenz der Siddhars. Seine tamilischen Sch\u00fcler und Sch\u00fclerinnen haben die Siddhamed Farm auf den heiligen Kolli Hills gegr\u00fcndet und vervollst\u00e4ndigen den Sat Chit Ishwara Ananda Tempel mit seinem Unterkunftsfl\u00fcgel. Der Tempel am Flussufer der Unterkunft befindet sich im Bau, zusammen mit einem Shiva-Energiezentrum namens Jambulingeeshwara.<\/p>\n<p align=\"justify\">Im M\u00e4rz 2018 ver\u00f6ffentlichte Ingvar <span style=\"font-family: Lato; font-weight: 300; font-style: italic;\" data-fusion-font=\"true\" data-fusion-google-font=\"Lato\" data-fusion-google-variant=\"300italic\">Emotions: The Greatest Addiction of Mankind<\/span>, das \u00fcber Nacht ein Bestseller in Estland war und zum besten Handbuch des Jahres erkl\u00e4rt wurde. Im selben Jahr pr\u00e4sentierte sein Buch <span style=\"font-family: Lato; font-style: italic; font-weight: 300;\" data-fusion-font=\"true\" data-fusion-google-font=\"Lato\" data-fusion-google-variant=\"300italic\">Turning Point<\/span> das Bewusstsein als das neue Paradigma, und das Buch <span style=\"font-family: Lato; font-style: italic; font-weight: 300;\" data-fusion-font=\"true\" data-fusion-google-font=\"Lato\" data-fusion-google-variant=\"300italic\">Stories of Conscious Change<\/span> teilte Transformationen, die Individuen durch seine Lehren erfahren hatten. Er trug ein Kapitel zum wissenschaftlichen Buch <span style=\"font-family: Lato; font-style: italic; font-weight: 300;\" data-fusion-font=\"true\" data-fusion-google-font=\"Lato\" data-fusion-google-variant=\"300italic\">Personal Sustainability: Exploring the Far Side of Sustainable Development<\/span> (Routledge, 2019) \u00fcber das neue Paradigma f\u00fcr pers\u00f6nliche Nachhaltigkeit bei, das auf Bewusstheit basiert.<\/p>\n<p align=\"justify\">Im Sommer 2018 wurde die School of Practical Consciousness, ein internationales Ausbildungs&#8211; und Kompetenzzentrum, ins Leben gerufen. Es ist das weltweit erste Zentrum, das Ausbildung in Practical Consciousness anbietet. Es befindet sich in Europas gr\u00f6\u00dftem Strohballengeb\u00e4ude, zu dessen Bau Freiwillige \u00fcber f\u00fcnf Jahre hinweg 40.000 Arbeitsstunden geleistet haben.<\/p>\n<p align=\"justify\">Im Jahr 2021 gr\u00fcndete Ingvar die Practical Consciousness Foundation, die ein Netzwerk von Practical Consciousness Schools in verschiedenen Teilen der Welt aufbaut, um das praktische Bewusstsein f\u00fcr die gesamte Menschheit Wirklichkeit werden zu lassen.<\/p>\n<p align=\"justify\">Im April 2022 ver\u00f6ffentlichte Ingvar <i>Practical Consciousness: Freeing Yourself from Emotional Addiction to Live a More Joyful Life,<\/i> das eine Woche nach seiner Ver\u00f6ffentlichung zu einem Bestseller von Amazon USA im Bereich Selbstentwicklung wurde. In diesem Buch lehrt Ingvar in einfacher Sprache, wie man aufh\u00f6rt, von seinen Emotionen kontrolliert zu werden und die Z\u00fcgel seines Lebens in die Hand nimmt. Das Buch bietet eine v\u00f6llig neue Technologie, um die eigene Wahlfreiheit und pers\u00f6nliche Entwicklung zu steigern. Ingvar sagt: &#8220;Durch die Verwendung dieses Buches kann jeder mehr menschliche Qualit\u00e4ten in seine Aktivit\u00e4ten einbringen und frei von der Unmenschlichkeit werden, die heute das gr\u00f6\u00dfte Problem in der Welt ist.&#8221;<\/p>\n<\/div><\/div><\/div><\/div><\/div><div class=\"fusion-fullwidth fullwidth-box fusion-builder-row-2 fusion-flex-container nonhundred-percent-fullwidth non-hundred-percent-height-scrolling\" style=\"--awb-background-position:left top;--awb-border-sizes-top:0px;--awb-border-sizes-bottom:0px;--awb-border-sizes-left:0px;--awb-border-sizes-right:0px;--awb-border-radius-top-left:0px;--awb-border-radius-top-right:0px;--awb-border-radius-bottom-right:0px;--awb-border-radius-bottom-left:0px;--awb-padding-top:100px;--awb-padding-bottom:85px;--awb-background-color:var(--awb-color7);\" ><div class=\"fusion-builder-row fusion-row fusion-flex-align-items-stretch fusion-flex-justify-content-center\" style=\"max-width:1216.8px;margin-left: calc(-4% \/ 2 );margin-right: calc(-4% \/ 2 );\"><div class=\"fusion-layout-column fusion_builder_column fusion-builder-column-1 fusion_builder_column_2_3 2_3 fusion-flex-column fusion-flex-align-self-center\" style=\"--awb-bg-blend:overlay;--awb-bg-size:cover;--awb-width-large:66.666666666667%;--awb-margin-top-large:20px;--awb-spacing-right-large:2.88%;--awb-margin-bottom-large:10px;--awb-spacing-left-large:3.888%;--awb-width-medium:50%;--awb-spacing-right-medium:3.84%;--awb-spacing-left-medium:5.184%;--awb-width-small:100%;--awb-spacing-right-small:1.92%;--awb-spacing-left-small:1.92%;\"><div class=\"fusion-column-wrapper fusion-flex-justify-content-center fusion-content-layout-column\"><div style=\"text-align:center;\"><a class=\"fusion-button button-flat fusion-button-default-size button-default fusion-button-default button-1 fusion-button-default-span fusion-button-default-type\" target=\"_self\" href=\"https:\/\/ingvarvillido.com\/de\/meine-story\/\"><span class=\"fusion-button-text\">Meine Story<\/span><\/a><\/div><\/div><\/div><\/div><\/div><\/p>\n","protected":false},"excerpt":{"rendered":"","protected":false},"author":1,"featured_media":12672,"parent":0,"menu_order":0,"comment_status":"closed","ping_status":"closed","template":"100-width.php","meta":{"footnotes":""},"class_list":["post-13804","page","type-page","status-publish","has-post-thumbnail","hentry"],"yoast_head":"<!-- This site is optimized with the Yoast SEO plugin v20.8 - https:\/\/yoast.com\/wordpress\/plugins\/seo\/ -->\n<title>\u00dcber - Ingvar Villido<\/title>\n<meta name=\"robots\" content=\"index, follow, max-snippet:-1, max-image-preview:large, max-video-preview:-1\" \/>\n<link rel=\"canonical\" href=\"https:\/\/ingvarvillido.com\/de\/uber\/\" \/>\n<meta property=\"og:locale\" content=\"de_DE\" \/>\n<meta property=\"og:type\" content=\"article\" \/>\n<meta property=\"og:title\" content=\"\u00dcber - Ingvar Villido\" \/>\n<meta property=\"og:url\" content=\"https:\/\/ingvarvillido.com\/de\/uber\/\" \/>\n<meta property=\"og:site_name\" content=\"Ingvar Villido\" \/>\n<meta property=\"article:modified_time\" content=\"2024-05-23T15:14:47+00:00\" \/>\n<meta property=\"og:image\" content=\"https:\/\/ingvarvillido.com\/wp-content\/uploads\/2022\/03\/ingvarvillido.com-ingvar-bio-scaled-e1647541825544-1024x432.jpeg\" \/>\n<meta name=\"twitter:card\" content=\"summary_large_image\" \/>\n<meta name=\"twitter:image\" content=\"https:\/\/ingvarvillido.com\/wp-content\/uploads\/2022\/03\/ingvarvillido.com-ingvar-bio-scaled-e1647541825544-1024x432.jpeg\" \/>\n<meta name=\"twitter:label1\" content=\"Gesch\u00e4tzte Lesezeit\" \/>\n\t<meta name=\"twitter:data1\" content=\"8\u00a0Minuten\" \/>\n<script type=\"application\/ld+json\" class=\"yoast-schema-graph\">{\"@context\":\"https:\/\/schema.org\",\"@graph\":[{\"@type\":\"WebPage\",\"@id\":\"https:\/\/ingvarvillido.com\/de\/uber\/\",\"url\":\"https:\/\/ingvarvillido.com\/de\/uber\/\",\"name\":\"\u00dcber - Ingvar Villido\",\"isPartOf\":{\"@id\":\"https:\/\/ingvarvillido.com\/de\/#website\"},\"datePublished\":\"2022-02-25T04:47:48+00:00\",\"dateModified\":\"2024-05-23T15:14:47+00:00\",\"breadcrumb\":{\"@id\":\"https:\/\/ingvarvillido.com\/de\/uber\/#breadcrumb\"},\"inLanguage\":\"de\",\"potentialAction\":[{\"@type\":\"ReadAction\",\"target\":[\"https:\/\/ingvarvillido.com\/de\/uber\/\"]}]},{\"@type\":\"BreadcrumbList\",\"@id\":\"https:\/\/ingvarvillido.com\/de\/uber\/#breadcrumb\",\"itemListElement\":[{\"@type\":\"ListItem\",\"position\":1,\"name\":\"Home\",\"item\":\"https:\/\/ingvarvillido.com\/de\/\"},{\"@type\":\"ListItem\",\"position\":2,\"name\":\"\u00dcber\"}]},{\"@type\":\"WebSite\",\"@id\":\"https:\/\/ingvarvillido.com\/de\/#website\",\"url\":\"https:\/\/ingvarvillido.com\/de\/\",\"name\":\"Ingvar Villido\",\"description\":\"Teacher, Researcher, Author, Yogi\",\"publisher\":{\"@id\":\"https:\/\/ingvarvillido.com\/de\/#organization\"},\"potentialAction\":[{\"@type\":\"SearchAction\",\"target\":{\"@type\":\"EntryPoint\",\"urlTemplate\":\"https:\/\/ingvarvillido.com\/de\/?s={search_term_string}\"},\"query-input\":\"required name=search_term_string\"}],\"inLanguage\":\"de\"},{\"@type\":\"Organization\",\"@id\":\"https:\/\/ingvarvillido.com\/de\/#organization\",\"name\":\"Ingvar Villido\",\"url\":\"https:\/\/ingvarvillido.com\/de\/\",\"logo\":{\"@type\":\"ImageObject\",\"inLanguage\":\"de\",\"@id\":\"https:\/\/ingvarvillido.com\/de\/#\/schema\/logo\/image\/\",\"url\":\"\",\"contentUrl\":\"\",\"caption\":\"Ingvar Villido\"},\"image\":{\"@id\":\"https:\/\/ingvarvillido.com\/de\/#\/schema\/logo\/image\/\"}}]}<\/script>\n<!-- \/ Yoast SEO plugin. -->","yoast_head_json":{"title":"\u00dcber - Ingvar Villido","robots":{"index":"index","follow":"follow","max-snippet":"max-snippet:-1","max-image-preview":"max-image-preview:large","max-video-preview":"max-video-preview:-1"},"canonical":"https:\/\/ingvarvillido.com\/de\/uber\/","og_locale":"de_DE","og_type":"article","og_title":"\u00dcber - Ingvar Villido","og_url":"https:\/\/ingvarvillido.com\/de\/uber\/","og_site_name":"Ingvar Villido","article_modified_time":"2024-05-23T15:14:47+00:00","og_image":[{"url":"https:\/\/ingvarvillido.com\/wp-content\/uploads\/2022\/03\/ingvarvillido.com-ingvar-bio-scaled-e1647541825544-1024x432.jpeg"}],"twitter_card":"summary_large_image","twitter_image":"https:\/\/ingvarvillido.com\/wp-content\/uploads\/2022\/03\/ingvarvillido.com-ingvar-bio-scaled-e1647541825544-1024x432.jpeg","twitter_misc":{"Gesch\u00e4tzte Lesezeit":"8\u00a0Minuten"},"schema":{"@context":"https:\/\/schema.org","@graph":[{"@type":"WebPage","@id":"https:\/\/ingvarvillido.com\/de\/uber\/","url":"https:\/\/ingvarvillido.com\/de\/uber\/","name":"\u00dcber - Ingvar Villido","isPartOf":{"@id":"https:\/\/ingvarvillido.com\/de\/#website"},"datePublished":"2022-02-25T04:47:48+00:00","dateModified":"2024-05-23T15:14:47+00:00","breadcrumb":{"@id":"https:\/\/ingvarvillido.com\/de\/uber\/#breadcrumb"},"inLanguage":"de","potentialAction":[{"@type":"ReadAction","target":["https:\/\/ingvarvillido.com\/de\/uber\/"]}]},{"@type":"BreadcrumbList","@id":"https:\/\/ingvarvillido.com\/de\/uber\/#breadcrumb","itemListElement":[{"@type":"ListItem","position":1,"name":"Home","item":"https:\/\/ingvarvillido.com\/de\/"},{"@type":"ListItem","position":2,"name":"\u00dcber"}]},{"@type":"WebSite","@id":"https:\/\/ingvarvillido.com\/de\/#website","url":"https:\/\/ingvarvillido.com\/de\/","name":"Ingvar Villido","description":"Teacher, Researcher, Author, Yogi","publisher":{"@id":"https:\/\/ingvarvillido.com\/de\/#organization"},"potentialAction":[{"@type":"SearchAction","target":{"@type":"EntryPoint","urlTemplate":"https:\/\/ingvarvillido.com\/de\/?s={search_term_string}"},"query-input":"required name=search_term_string"}],"inLanguage":"de"},{"@type":"Organization","@id":"https:\/\/ingvarvillido.com\/de\/#organization","name":"Ingvar Villido","url":"https:\/\/ingvarvillido.com\/de\/","logo":{"@type":"ImageObject","inLanguage":"de","@id":"https:\/\/ingvarvillido.com\/de\/#\/schema\/logo\/image\/","url":"","contentUrl":"","caption":"Ingvar Villido"},"image":{"@id":"https:\/\/ingvarvillido.com\/de\/#\/schema\/logo\/image\/"}}]}},"_links":{"self":[{"href":"https:\/\/ingvarvillido.com\/de\/wp-json\/wp\/v2\/pages\/13804","targetHints":{"allow":["GET"]}}],"collection":[{"href":"https:\/\/ingvarvillido.com\/de\/wp-json\/wp\/v2\/pages"}],"about":[{"href":"https:\/\/ingvarvillido.com\/de\/wp-json\/wp\/v2\/types\/page"}],"author":[{"embeddable":true,"href":"https:\/\/ingvarvillido.com\/de\/wp-json\/wp\/v2\/users\/1"}],"replies":[{"embeddable":true,"href":"https:\/\/ingvarvillido.com\/de\/wp-json\/wp\/v2\/comments?post=13804"}],"version-history":[{"count":10,"href":"https:\/\/ingvarvillido.com\/de\/wp-json\/wp\/v2\/pages\/13804\/revisions"}],"predecessor-version":[{"id":14329,"href":"https:\/\/ingvarvillido.com\/de\/wp-json\/wp\/v2\/pages\/13804\/revisions\/14329"}],"wp:featuredmedia":[{"embeddable":true,"href":"https:\/\/ingvarvillido.com\/de\/wp-json\/wp\/v2\/media\/12672"}],"wp:attachment":[{"href":"https:\/\/ingvarvillido.com\/de\/wp-json\/wp\/v2\/media?parent=13804"}],"curies":[{"name":"wp","href":"https:\/\/api.w.org\/{rel}","templated":true}]}}